{"id":4752,"date":"2025-05-26T13:59:31","date_gmt":"2025-05-26T13:59:31","guid":{"rendered":"https:\/\/kilimanjaroclimbingclub.com\/?page_id=4752"},"modified":"2026-02-14T15:35:13","modified_gmt":"2026-02-14T14:35:13","slug":"why-choose-kilimanjaro-climbing-club","status":"publish","type":"page","link":"https:\/\/kilimanjaroclimbingclub.com\/pl\/why-choose-kilimanjaro-climbing-club\/","title":{"rendered":"Dlaczego warto wybra\u0107 nas?"},"content":{"rendered":"<div data-elementor-type=\"wp-page\" data-elementor-id=\"4752\" class=\"elementor elementor-4752\" data-elementor-post-type=\"page\">\n\t\t\t\t<div class=\"elementor-element elementor-element-a6308b2 e-flex e-con-boxed e-con e-parent\" data-id=\"a6308b2\" data-element_type=\"container\" data-e-type=\"container\">\n\t\t\t\t\t<div class=\"e-con-inner\">\n\t\t\t\t<div class=\"elementor-element elementor-element-c1d3007 elementor-hidden-desktop elementor-hidden-tablet elementor-hidden-mobile elementor-widget elementor-widget-text-editor\" data-id=\"c1d3007\" data-element_type=\"widget\" data-e-type=\"widget\" data-widget_type=\"text-editor.default\">\n\t\t\t\t\t\t\t\t\t<p>Dlaczego warto wybra\u0107 Kilimanjaro Climbing Club<\/p>\t\t\t\t\t\t\t\t<\/div>\n\t\t\t\t<div class=\"elementor-element elementor-element-1606d80 elementor-align-left elementor-hidden-desktop elementor-hidden-tablet elementor-hidden-mobile elementor-widget elementor-widget-button\" data-id=\"1606d80\" data-element_type=\"widget\" data-e-type=\"widget\" data-widget_type=\"button.default\">\n\t\t\t\t\t\t\t\t\t\t<a class=\"elementor-button elementor-size-sm\" role=\"button\">\n\t\t\t\t\t\t<span class=\"elementor-button-content-wrapper\">\n\t\t\t\t\t\t\t\t\t<span class=\"elementor-button-text\">Skontaktuj si\u0119 z nami<\/span>\n\t\t\t\t\t<\/span>\n\t\t\t\t\t<\/a>\n\t\t\t\t\t\t\t\t<\/div>\n\t\t\t\t\t<\/div>\n\t\t\t\t<\/div>\n\t\t<div class=\"elementor-element elementor-element-5c92545 e-con-full e-flex e-con e-parent\" data-id=\"5c92545\" data-element_type=\"container\" data-e-type=\"container\" data-settings=\"{&quot;background_background&quot;:&quot;classic&quot;}\">\n\t\t\t\t<div class=\"elementor-element elementor-element-c2b0889 elementor-invisible elementor-widget elementor-widget-html\" data-id=\"c2b0889\" data-element_type=\"widget\" data-e-type=\"widget\" data-settings=\"{&quot;_animation&quot;:&quot;slideInDown&quot;}\" data-widget_type=\"html.default\">\n\t\t\t\t\t<style>body{font-family:'Trajan Pro','Segoe UI',system-ui,-apple-system,BlinkMacSystemFont,sans-serif;background-color:#fff;margin:0;padding:0;text-rendering:optimizeLegibility}.kili-intro-section{background:#f5f7fa;padding:80px 20px;text-align:center;animation:fadeInUp 1s ease forwards}.kili-intro-section .container{max-width:1100px;margin:0 auto}.intro-text{font-size:20px;line-height:1.8;color:#222;margin-bottom:40px;font-family:poppins}.highlight-quote{font-style:italic;font-size:22px;line-height:1.7;color:#333;background:#fff;border-left:5px solid #010c1f;padding:20px 25px;margin:30px 0;box-shadow:0 4px 20px rgb(0 0 0 \/ .05);animation:fadeInLeft 1s ease forwards}.section-subtitle{font-size:24px;font-weight:700;color:#040c1f;text-transform:uppercase;display:inline-block;border-bottom:3px solid #bdac1f;padding-bottom:6px;margin-top:40px;animation:fadeInDown 1s ease forwards}@keyframes fadeInUp{0%{transform:translateY(40px);opacity:0}100%{transform:translateY(0);opacity:1}}@keyframes fadeInLeft{0%{transform:translateX(-40px);opacity:0}100%{transform:translateX(0);opacity:1}}@keyframes fadeInDown{0%{transform:translateY(-40px);opacity:0}100%{transform:translateY(0);opacity:1}}@media (max-width:768px){.intro-text,.highlight-quote,.section-subtitle{font-size:18px}.highlight-quote{padding:15px 20px}.section-subtitle{font-size:20px}}<\/style>\r\n<section class=\"kili-intro-section\"><div class=\"container\"><p class=\"intro-text\">Climbing Mount Kilimanjaro is a once-in-a-lifetime adventure, and choosing the right trekking company makes all the difference. At Kilimanjaro Climbing Club, we go beyond just getting you to the summit\u2014we ensure a safe, rewarding, and unforgettable experience.<blockquote class=\"highlight-quote\">\u201cWith over two decades of experience, we\u2019re a proud Tanzanian company handling every aspect of your trek, ensuring a personalized and seamless Kilimanjaro adventure.\u201d<\/blockquote><\/div><\/section>\r\n\t\t\t\t<\/div>\n\t\t\t\t<\/div>\n\t\t<div class=\"elementor-element elementor-element-ca64ac3 e-flex e-con-boxed elementor-invisible e-con e-parent\" data-id=\"ca64ac3\" data-element_type=\"container\" data-e-type=\"container\" data-settings=\"{&quot;animation&quot;:&quot;fadeInUp&quot;,&quot;animation_delay&quot;:200}\">\n\t\t\t\t\t<div class=\"e-con-inner\">\n\t\t\t\t<div class=\"elementor-element elementor-element-4e2a173 elementor-widget elementor-widget-html\" data-id=\"4e2a173\" data-element_type=\"widget\" data-e-type=\"widget\" data-widget_type=\"html.default\">\n\t\t\t\t\t<style>body{background-color:#eef2f7;font-family:'Trajan Pro','Segoe UI',system-ui,-apple-system,BlinkMacSystemFont,sans-serif;margin:0;color:#040c1f;text-rendering:optimizeLegibility}.cards-container{display:grid;grid-template-columns:1fr;gap:1.5rem;max-width:1000px;margin:auto}.card{background:#fff;border-radius:15px;box-shadow:0 10px 25px rgb(0 0 0 \/ .08);overflow:hidden;transition:transform 0.3s ease,box-shadow 0.3s ease;cursor:pointer}.card:hover{transform:translateY(-5px);box-shadow:0 12px 30px rgb(0 0 0 \/ .15)}.card-header{padding:1.5rem;background:#040c1f;color:#fff;font-size:22px}.card-content{max-height:0;overflow:hidden;padding:0 1.5rem;font-family:'Poppins',sans-serif;font-size:16px;transition:max-height 0.5s ease,padding 0.3s ease;opacity:0}.card.active .card-content{max-height:1000px;padding:1.5rem;opacity:1}@media (hover:hover) and (pointer:fine){.card:hover .card-content{max-height:1000px;padding:1.5rem;opacity:1}.card-content{pointer-events:none}.card{cursor:default}}<\/style>\r\n<div class=\"cards-container\"><h1 style=\"text-align:center\">Dlaczego warto wybra\u0107 Kilimanjaro Climbing Club<\/h1><div class=\"card\"><div class=\"card-header\">98% wska\u017anik sukcesu na szczycie<\/div><div class=\"card-content\"><p>Nasi do\u015bwiadczeni, certyfikowani przewodnicy pomogli niezliczonej liczbie wspinaczy bezpiecznie zdoby\u0107 szczyt Uhuru (5895 m n.p.m.), osi\u0105gaj\u0105c 98-procentow\u0105 skuteczno\u015b\u0107 ataku szczytowego.<br><br>Stosujemy sprawdzone strategie aklimatyzacji, przeprowadzamy codzienne badania kontrolne i utrzymujemy \u015bcis\u0142e protoko\u0142y bezpiecze\u0144stwa, aby da\u0107 Ci najwi\u0119ksz\u0105 szans\u0119 na zdobycie szczytu.<br><br>Wszyscy przewodnicy Kilimanjaro Climbing Club posiadaj\u0105 certyfikat Wilderness First Responder (WFR) \u2013 najwy\u017cszy standard na tej g\u00f3rze \u2013 i s\u0105 w pe\u0142ni przeszkoleni w zakresie korzystania z system\u00f3w tlenowych, pulsoksymetr\u00f3w i sprz\u0119tu ratowniczego, aby zapewni\u0107 bezpiecze\u0144stwo na ka\u017cdym kroku.<\/div><\/div><div class=\"card\"><div class=\"card-header\">Bezpiecze\u0144stwo przede wszystkim \u2014 Twoje dobre samopoczucie jest naszym priorytetem<\/div><div class=\"card-content\"><p>Twoje bezpiecze\u0144stwo jest dla nas najwa\u017cniejsze.<br><br>Nasi do\u015bwiadczeni przewodnicy wysokog\u00f3rscy codziennie monitoruj\u0105 Tw\u00f3j stan zdrowia, w razie potrzeby u\u017cywaj\u0105 tlenu w nag\u0142ych wypadkach i przestrzegaj\u0105 starannie zaplanowanego harmonogramu aklimatyzacji. Z Kilimanjaro Climbing Club mo\u017cesz wspina\u0107 si\u0119 pewnie, wiedz\u0105c, \u017ce jeste\u015b w najlepszych r\u0119kach od startu a\u017c po szczyt.<\/div><\/div><div class=\"card\"><div class=\"card-header\">Certyfikowani przewodnicy<\/div><div class=\"card-content\"><p>Nasi przewodnicy to nie tylko do\u015bwiadczeni ludzie \u2013 to certyfikowani profesjonali\u015bci w dziedzinie w\u0119dr\u00f3wek g\u00f3rskich.<br><br>Ka\u017cdy cz\u0142onek zespo\u0142u jest przeszkolony w zakresie medycyny wysoko\u015bciowej i posiada certyfikat Wilderness First Responder (WFR), najwy\u017cszy poziom szkolenia w zakresie ratownictwa medycznego w g\u00f3rach. Ich specjalistyczna wiedza i sta\u0142e wsparcie gwarantuj\u0105, \u017ce b\u0119dziesz pod dobr\u0105 opiek\u0105 przez ca\u0142y czas wspinaczki.<\/div><\/div><div class=\"card\"><div class=\"card-header\">Etyczne traktowanie tragarzy<\/div><div class=\"card-content\"><p>Wierzymy w odpowiedzialne wspinanie, zaczynaj\u0105c od ludzi, kt\u00f3rzy umo\u017cliwiaj\u0105 Ci t\u0119 podr\u00f3\u017c.<br><br>Z dum\u0105 wsp\u00f3\u0142pracujemy z KPAP (Kilimanjaro Trawers Assistance Project), aby zagwarantowa\u0107 godziwe wynagrodzenie, odpowiedni sprz\u0119t i pe\u0142ne szacunku traktowanie ka\u017cdego tragarza. Wspieraj\u0105c etyczne praktyki trekkingowe, Kilimanjaro Climbing Club pomaga wzmacnia\u0107 lokalne spo\u0142eczno\u015bci i chroni\u0107 przysz\u0142o\u015b\u0107 g\u00f3ry.<\/div><\/div><div class=\"card\"><div class=\"card-header\">Wyj\u0105tkowy kemping i pyszne posi\u0142ki<\/div><div class=\"card-content\"><p>Odpoczywaj i nabieraj si\u0142 w komforcie na ka\u017cdym polu kempingowym.<br><br>Oferujemy wysokiej jako\u015bci namioty ca\u0142oroczne, grube maty do spania i przytulne miejsca do spania, zapewniaj\u0105ce ciep\u0142o i u\u0142atwiaj\u0105ce regeneracj\u0119.<br><br>Nasz szef kuchni ka\u017cdego dnia przygotowuje \u015bwie\u017ce, po\u017cywne posi\u0142ki, kt\u00f3re dodadz\u0105 Twojemu organizmowi energii i pozwol\u0105 Ci przetrwa\u0107 na szlaku.<\/div><\/div><div class=\"card\"><div class=\"card-header\">Przejrzyste ceny i bezproblemowa rezerwacja<\/div><div class=\"card-content\"><p>P\u0142acisz tyle, ile widzisz \u2014 bez \u017cadnych ukrytych op\u0142at.<br><br>Nasze ceny obejmuj\u0105 wszystko, czego potrzebujesz, aby wspinaczka zako\u0144czy\u0142a si\u0119 sukcesem.<br><br>Skorzystaj z ca\u0142odobowej obs\u0142ugi klienta i prostego, bezpiecznego procesu rezerwacji, dzi\u0119ki kt\u00f3remu planowanie Twojej przygody b\u0119dzie bezstresowe.<\/div><\/div><div class=\"card\"><div class=\"card-header\">Korzystna polityka anulowania<\/div><div class=\"card-content\"><p>Rozumiemy, \u017ce plany mog\u0105 ulec zmianie.<br><br>Nasza polityka anulowania jest elastyczna i uczciwa, a wysoko\u015b\u0107 zwrot\u00f3w ustalana jest na podstawie czasu, w kt\u00f3rym powiadomi\u0142e\u015b nas o anulowaniu.<br><br>Naszym celem jest zapewnienie Pa\u0144stwu spokoju ducha ju\u017c od momentu dokonania rezerwacji.<br><br>Aby uzyska\u0107 szczeg\u00f3\u0142owe informacje, zapoznaj si\u0119 z naszymi warunkami.<\/div><\/div><\/div>\r\n<script>if('ontouchstart' in window||navigator.maxTouchPoints>0){document.querySelectorAll('.card').forEach(card=>{card.addEventListener('click',()=>{card.classList.toggle('active')})})}<\/script>\r\n\r\n\t\t\t\t<\/div>\n\t\t\t\t\t<\/div>\n\t\t\t\t<\/div>\n\t\t<div class=\"elementor-element elementor-element-5177417 e-con-full e-flex e-con e-parent\" data-id=\"5177417\" data-element_type=\"container\" data-e-type=\"container\" data-settings=\"{&quot;background_background&quot;:&quot;classic&quot;}\">\n\t\t\t\t<div class=\"elementor-element elementor-element-8d8de9b elementor-widget elementor-widget-image\" data-id=\"8d8de9b\" data-element_type=\"widget\" data-e-type=\"widget\" data-widget_type=\"image.default\">\n\t\t\t\t\t\t\t\t\t\t\t\t\t\t\t<img fetchpriority=\"high\" decoding=\"async\" width=\"1024\" height=\"426\" src=\"https:\/\/kilimanjaroclimbingclub.com\/wp-content\/uploads\/2026\/01\/k2-tanzania-kilimanjaro-1568x653-1-1024x426.webp\" class=\"attachment-large size-large wp-image-11896\" alt=\"Kilimanjaro Climbing Club Why Choose Kilimanjaro Climbing Club | KILIMINJARO CLIMBING CLUB\" srcset=\"https:\/\/kilimanjaroclimbingclub.com\/wp-content\/uploads\/2026\/01\/k2-tanzania-kilimanjaro-1568x653-1-1024x426.webp 1024w, https:\/\/kilimanjaroclimbingclub.com\/wp-content\/uploads\/2026\/01\/k2-tanzania-kilimanjaro-1568x653-1-300x125.webp 300w, https:\/\/kilimanjaroclimbingclub.com\/wp-content\/uploads\/2026\/01\/k2-tanzania-kilimanjaro-1568x653-1-768x320.webp 768w, https:\/\/kilimanjaroclimbingclub.com\/wp-content\/uploads\/2026\/01\/k2-tanzania-kilimanjaro-1568x653-1-1536x640.webp 1536w, https:\/\/kilimanjaroclimbingclub.com\/wp-content\/uploads\/2026\/01\/k2-tanzania-kilimanjaro-1568x653-1-18x7.webp 18w, https:\/\/kilimanjaroclimbingclub.com\/wp-content\/uploads\/2026\/01\/k2-tanzania-kilimanjaro-1568x653-1.webp 1568w\" sizes=\"(max-width: 1024px) 100vw, 1024px\" title=\"k2tanzaniakilimanjaro1568x6531 | KILIMINJARO CLIMBING CLUB\" \/>\t\t\t\t\t\t\t\t\t\t\t\t\t\t\t<\/div>\n\t\t\t\t<\/div>\n\t\t<div class=\"elementor-element elementor-element-652f597 elementor-hidden-desktop elementor-hidden-tablet elementor-hidden-mobile e-flex e-con-boxed e-con e-parent\" data-id=\"652f597\" data-element_type=\"container\" data-e-type=\"container\">\n\t\t\t\t\t<div class=\"e-con-inner\">\n\t\t\t\t<div class=\"elementor-element elementor-element-9ef938e elementor-widget elementor-widget-text-editor\" data-id=\"9ef938e\" data-element_type=\"widget\" data-e-type=\"widget\" data-widget_type=\"text-editor.default\">\n\t\t\t\t\t\t\t\t\t<p>Dlaczego warto wybra\u0107 Kilimanjaro Climbing Club<br \/>Dlaczego warto wybra\u0107 Kilimanjaro Climbing Club<br \/>Dlaczego warto wybra\u0107 Kilimanjaro Climbing Club<\/p>\t\t\t\t\t\t\t\t<\/div>\n\t\t\t\t\t<\/div>\n\t\t\t\t<\/div>\n\t\t<div class=\"elementor-element elementor-element-9ba1006 elementor-hidden-desktop elementor-hidden-tablet elementor-hidden-mobile e-flex e-con-boxed elementor-invisible e-con e-child\" data-id=\"9ba1006\" data-element_type=\"container\" data-e-type=\"container\" data-settings=\"{&quot;background_background&quot;:&quot;classic&quot;,&quot;animation&quot;:&quot;fadeInLeft&quot;}\">\n\t\t\t\t\t<div class=\"e-con-inner\">\n\t\t<div class=\"elementor-element elementor-element-f3ff3aa e-con-full e-flex e-con e-child\" data-id=\"f3ff3aa\" data-element_type=\"container\" data-e-type=\"container\">\n\t\t\t\t<div class=\"elementor-element elementor-element-f2f6853 elementor-view-default elementor-widget elementor-widget-icon\" data-id=\"f2f6853\" data-element_type=\"widget\" data-e-type=\"widget\" data-widget_type=\"icon.default\">\n\t\t\t\t\t\t\t<div class=\"elementor-icon-wrapper\">\n\t\t\t<div class=\"elementor-icon\">\n\t\t\t<svg aria-hidden=\"true\" class=\"e-font-icon-svg e-fab-whatsapp\" viewbox=\"0 0 448 512\" xmlns=\"http:\/\/www.w3.org\/2000\/svg\"><path d=\"M380.9 97.1C339 55.1 283.2 32 223.9 32c-122.4 0-222 99.6-222 222 0 39.1 10.2 77.3 29.6 111L0 480l117.7-30.9c32.4 17.7 68.9 27 106.1 27h.1c122.3 0 224.1-99.6 224.1-222 0-59.3-25.2-115-67.1-157zm-157 341.6c-33.2 0-65.7-8.9-94-25.7l-6.7-4-69.8 18.3L72 359.2l-4.4-7c-18.5-29.4-28.2-63.3-28.2-98.2 0-101.7 82.8-184.5 184.6-184.5 49.3 0 95.6 19.2 130.4 54.1 34.8 34.9 56.2 81.2 56.1 130.5 0 101.8-84.9 184.6-186.6 184.6zm101.2-138.2c-5.5-2.8-32.8-16.2-37.9-18-5.1-1.9-8.8-2.8-12.5 2.8-3.7 5.6-14.3 18-17.6 21.8-3.2 3.7-6.5 4.2-12 1.4-32.6-16.3-54-29.1-75.5-66-5.7-9.8 5.7-9.1 16.3-30.3 1.8-3.7.9-6.9-.5-9.7-1.4-2.8-12.5-30.1-17.1-41.2-4.5-10.8-9.1-9.3-12.5-9.5-3.2-.2-6.9-.2-10.6-.2-3.7 0-9.7 1.4-14.8 6.9-5.1 5.6-19.4 19-19.4 46.3 0 27.3 19.9 53.7 22.6 57.4 2.8 3.7 39.1 59.7 94.8 83.8 35.2 15.2 49 16.5 66.6 13.9 10.7-1.6 32.8-13.4 37.4-26.4 4.6-13 4.6-24.1 3.2-26.4-1.3-2.5-5-3.9-10.5-6.6z\"><\/path><\/svg>\t\t\t<\/div>\n\t\t<\/div>\n\t\t\t\t\t\t<\/div>\n\t\t\t\t<div class=\"elementor-element elementor-element-a0f7454 elementor-widget elementor-widget-heading\" data-id=\"a0f7454\" data-element_type=\"widget\" data-e-type=\"widget\" data-widget_type=\"heading.default\">\n\t\t\t\t\t<h2 class=\"elementor-heading-title elementor-size-default\">Numer WhatsApp<\/h2>\t\t\t\t<\/div>\n\t\t\t\t<\/div>\n\t\t\t\t<div class=\"elementor-element elementor-element-a3c1e7e elementor-widget elementor-widget-heading\" data-id=\"a3c1e7e\" data-element_type=\"widget\" data-e-type=\"widget\" data-widget_type=\"heading.default\">\n\t\t\t\t\t<h5 class=\"elementor-heading-title elementor-size-default\"><a href=\"https:\/\/wa.me\/421944203228\">+421 944 425 117<\/a><\/h5>\t\t\t\t<\/div>\n\t\t\t\t\t<\/div>\n\t\t\t\t<\/div>\n\t\t\t\t<\/div>","protected":false},"excerpt":{"rendered":"<p>Why Choose Kilimanjaro Climbing Club Contact Us Climbing Mount Kilimanjaro is a once-in-a-lifetime adventure, and choosing the right trekking company makes all the difference. At Kilimanjaro Climbing Club, we go beyond just getting you to the summit\u2014we ensure a safe, rewarding, and unforgettable experience. \u201cWith over two decades of experience, we\u2019re a proud Tanzanian company &#8230; <a title=\"Dlaczego warto wybra\u0107 nas?\" class=\"read-more\" href=\"https:\/\/kilimanjaroclimbingclub.com\/pl\/why-choose-kilimanjaro-climbing-club\/\" aria-label=\"Dowiedz si\u0119 wi\u0119cej o Why Choose Us?\">Dowiedz si\u0119 wi\u0119cej<\/a><\/p>","protected":false},"author":1,"featured_media":0,"parent":0,"menu_order":0,"comment_status":"closed","ping_status":"closed","template":"elementor_header_footer","meta":{"footnotes":""},"class_list":["post-4752","page","type-page","status-publish"],"aioseo_notices":[],"_links":{"self":[{"href":"https:\/\/kilimanjaroclimbingclub.com\/pl\/wp-json\/wp\/v2\/pages\/4752","targetHints":{"allow":["GET"]}}],"collection":[{"href":"https:\/\/kilimanjaroclimbingclub.com\/pl\/wp-json\/wp\/v2\/pages"}],"about":[{"href":"https:\/\/kilimanjaroclimbingclub.com\/pl\/wp-json\/wp\/v2\/types\/page"}],"author":[{"embeddable":true,"href":"https:\/\/kilimanjaroclimbingclub.com\/pl\/wp-json\/wp\/v2\/users\/1"}],"replies":[{"embeddable":true,"href":"https:\/\/kilimanjaroclimbingclub.com\/pl\/wp-json\/wp\/v2\/comments?post=4752"}],"version-history":[{"count":0,"href":"https:\/\/kilimanjaroclimbingclub.com\/pl\/wp-json\/wp\/v2\/pages\/4752\/revisions"}],"wp:attachment":[{"href":"https:\/\/kilimanjaroclimbingclub.com\/pl\/wp-json\/wp\/v2\/media?parent=4752"}],"curies":[{"name":"wp","href":"https:\/\/api.w.org\/{rel}","templated":true}]}}