{"id":4725,"date":"2025-05-26T12:33:07","date_gmt":"2025-05-26T12:33:07","guid":{"rendered":"https:\/\/kilimanjaroclimbingclub.com\/?page_id=4725"},"modified":"2026-02-12T23:22:30","modified_gmt":"2026-02-12T22:22:30","slug":"kilimanjaro-visa-passport-guide","status":"publish","type":"page","link":"https:\/\/kilimanjaroclimbingclub.com\/pl\/kilimanjaro-visa-passport-guide\/","title":{"rendered":"Paszport i wiza"},"content":{"rendered":"<div data-elementor-type=\"wp-page\" data-elementor-id=\"4725\" class=\"elementor elementor-4725\" data-elementor-post-type=\"page\">\n\t\t\t\t<div class=\"elementor-element elementor-element-43db057 e-flex e-con-boxed e-con e-parent\" data-id=\"43db057\" data-element_type=\"container\" data-e-type=\"container\">\n\t\t\t\t\t<div class=\"e-con-inner\">\n\t\t<div class=\"elementor-element elementor-element-b14c0dc e-con-full e-flex elementor-invisible e-con e-child\" data-id=\"b14c0dc\" data-element_type=\"container\" data-e-type=\"container\" data-settings=\"{&quot;background_background&quot;:&quot;classic&quot;,&quot;animation&quot;:&quot;fadeInLeft&quot;}\">\n\t\t\t\t<\/div>\n\t\t<div class=\"elementor-element elementor-element-dfa2eb5 e-con-full e-flex elementor-invisible e-con e-child\" data-id=\"dfa2eb5\" data-element_type=\"container\" data-e-type=\"container\" data-settings=\"{&quot;animation&quot;:&quot;fadeInRight&quot;}\">\n\t\t\t\t<div class=\"elementor-element elementor-element-589e6b8 elementor-invisible elementor-widget elementor-widget-heading\" data-id=\"589e6b8\" data-element_type=\"widget\" data-e-type=\"widget\" data-settings=\"{&quot;_animation&quot;:&quot;fadeInDown&quot;,&quot;_animation_delay&quot;:100}\" data-widget_type=\"heading.default\">\n\t\t\t\t\t<h1 class=\"elementor-heading-title elementor-size-default\">Paszport i wiza<\/h1>\t\t\t\t<\/div>\n\t\t\t\t<div class=\"elementor-element elementor-element-ecef58b elementor-hidden-desktop elementor-hidden-tablet elementor-hidden-mobile elementor-widget elementor-widget-text-editor\" data-id=\"ecef58b\" data-element_type=\"widget\" data-e-type=\"widget\" data-widget_type=\"text-editor.default\">\n\t\t\t\t\t\t\t\t\t<p>Kilimanjaro Visa &amp; Passport Guide<\/p>\t\t\t\t\t\t\t\t<\/div>\n\t\t\t\t<div class=\"elementor-element elementor-element-0c05851 elementor-invisible elementor-widget elementor-widget-text-editor\" data-id=\"0c05851\" data-element_type=\"widget\" data-e-type=\"widget\" data-settings=\"{&quot;_animation&quot;:&quot;fadeInUp&quot;,&quot;_animation_delay&quot;:200}\" data-widget_type=\"text-editor.default\">\n\t\t\t\t\t\t\t\t\t<p class=\"translation-block\">Aby wjecha\u0107 do Tanzanii, paszport musi by\u0107 wa\u017cny co najmniej 6 miesi\u0119cy od daty przyjazdu. Wiza jest wymagana dla wi\u0119kszo\u015bci podr\u00f3\u017cnych. Wiz\u0119 mo\u017cna uzyska\u0107 po przylocie na lotnisko, jednak zdecydowanie zalecamy z\u0142o\u017cenie wniosku o e-wiz\u0119 online co najmniej 14 dni przed wylotem, aby zapewni\u0107 szybszy i sprawniejszy proces wjazdu.<\/p><p class=\"translation-block\">Chocia\u017c prawo Tanzanii oficjalnie nie wymaga okre\u015blonej liczby pustych stron w paszporcie, zdecydowanie zaleca si\u0119, aby paszport zawiera\u0142 co najmniej dwie puste strony przeznaczone na wiz\u0119. Linie lotnicze i funkcjonariusze stra\u017cy granicznej mog\u0105 odm\u00f3wi\u0107 wej\u015bcia na pok\u0142ad lub wjazdu, je\u015bli paszport nie spe\u0142nia tego wymogu.<\/p><p class=\"translation-block\">JAK UBIEGA\u0106 SI\u0118 O WIZ\u0118 DO TANZANII: 1. Odwied\u017a oficjaln\u0105 stron\u0119 e-Visa: <a href=\"http:\/\/visa.immigration.go.tz\" target=\"_blank\" rel=\"noopener\">visa.immigration.go.tz<\/a><\/p><p>2. Wype\u0142nij formularz zg\u0142oszeniowy online.<\/p><p class=\"translation-block\">3. Prze\u015blij zdj\u0119cie paszportowe i kopi\u0119 strony paszportowej z danymi biologicznymi.<\/p><p class=\"translation-block\">4. Zap\u0142a\u0107 bezpiecznie op\u0142at\u0119 wizow\u0105 w wysoko\u015bci 50 USD online.<\/p><p class=\"translation-block\">5. Odbierz e-mail z potwierdzeniem wydania wizy elektronicznej (przetwarzanie trwa oko\u0142o 10 dni roboczych).<\/p><p>6. Wydrukuj zgod\u0119 na e-wiz\u0119 i oka\u017c j\u0105 po przyje\u017adzie.<\/p><p class=\"translation-block\">Wskaz\u00f3wka: Sprawd\u017a dok\u0142adnie przepisy wizowe dla kraj\u00f3w tranzytowych, je\u015bli masz przesiadk\u0119: niekt\u00f3re wymagaj\u0105 wizy tranzytowej nawet na kr\u00f3tkie przesiadki. Zawsze sprawdzaj aktualne wymagania w liniach lotniczych lub ambasadzie.<\/p>\t\t\t\t\t\t\t\t<\/div>\n\t\t\t\t<div class=\"elementor-element elementor-element-a6f92dc elementor-align-left elementor-widget elementor-widget-button\" data-id=\"a6f92dc\" data-element_type=\"widget\" data-e-type=\"widget\" data-widget_type=\"button.default\">\n\t\t\t\t\t\t\t\t\t\t<a class=\"elementor-button elementor-button-link elementor-size-sm\" href=\"https:\/\/kilimanjaroclimbingclub.com\/pl\/plan-kilimanjaro-climb\/\">\n\t\t\t\t\t\t<span class=\"elementor-button-content-wrapper\">\n\t\t\t\t\t\t\t\t\t<span class=\"elementor-button-text\">Zarezerwuj teraz<\/span>\n\t\t\t\t\t<\/span>\n\t\t\t\t\t<\/a>\n\t\t\t\t\t\t\t\t<\/div>\n\t\t\t\t<\/div>\n\t\t\t\t\t<\/div>\n\t\t\t\t<\/div>\n\t\t<div class=\"elementor-element elementor-element-9c84e9f elementor-hidden-desktop elementor-hidden-tablet elementor-hidden-mobile e-flex e-con-boxed e-con e-parent\" data-id=\"9c84e9f\" data-element_type=\"container\" data-e-type=\"container\">\n\t\t\t\t\t<div class=\"e-con-inner\">\n\t\t\t\t<div class=\"elementor-element elementor-element-9be6d3b elementor-widget elementor-widget-image\" data-id=\"9be6d3b\" data-element_type=\"widget\" data-e-type=\"widget\" data-widget_type=\"image.default\">\n\t\t\t\t\t\t\t\t\t\t\t\t\t\t\t<img fetchpriority=\"high\" decoding=\"async\" width=\"1024\" height=\"1024\" src=\"https:\/\/kilimanjaroclimbingclub.com\/wp-content\/uploads\/2026\/01\/z14-1-elementor-io-optimized-1024x1024.webp\" class=\"attachment-large size-large wp-image-11852\" alt=\"Kilimanjaro Climbing Club Kilimanjaro Visa  Passport Guide | KILIMINJARO CLIMBING CLUB\" srcset=\"https:\/\/kilimanjaroclimbingclub.com\/wp-content\/uploads\/2026\/01\/z14-1-elementor-io-optimized-1024x1024.webp 1024w, https:\/\/kilimanjaroclimbingclub.com\/wp-content\/uploads\/2026\/01\/z14-1-elementor-io-optimized-300x300.webp 300w, https:\/\/kilimanjaroclimbingclub.com\/wp-content\/uploads\/2026\/01\/z14-1-elementor-io-optimized-150x150.webp 150w, https:\/\/kilimanjaroclimbingclub.com\/wp-content\/uploads\/2026\/01\/z14-1-elementor-io-optimized-768x768.webp 768w, https:\/\/kilimanjaroclimbingclub.com\/wp-content\/uploads\/2026\/01\/z14-1-elementor-io-optimized-12x12.webp 12w, https:\/\/kilimanjaroclimbingclub.com\/wp-content\/uploads\/2026\/01\/z14-1-elementor-io-optimized.webp 1200w\" sizes=\"(max-width: 1024px) 100vw, 1024px\" title=\"z14 1elementoriooptimized | KILIMINJARO CLIMBING CLUB\" \/>\t\t\t\t\t\t\t\t\t\t\t\t\t\t\t<\/div>\n\t\t\t\t\t<\/div>\n\t\t\t\t<\/div>\n\t\t\t\t<\/div>","protected":false},"excerpt":{"rendered":"<p>Passport and Visa Kilimanjaro Visa &amp; Passport Guide To enter Tanzania, your passport must be valid for at least 6 months beyond your arrival date.A visa is required for most travellers. While you can obtain a visa upon arrival at the airport, we highly recommend applying for an e-Visa online at least 14 days before &#8230; <a title=\"Passport &#038; Visa\" class=\"read-more\" href=\"https:\/\/kilimanjaroclimbingclub.com\/pl\/kilimanjaro-visa-passport-guide\/\" aria-label=\"Dowiedz si\u0119 wi\u0119cej o Passport &#038; Visa\">Dowiedz si\u0119 wi\u0119cej<\/a><\/p>","protected":false},"author":1,"featured_media":0,"parent":0,"menu_order":0,"comment_status":"closed","ping_status":"closed","template":"elementor_header_footer","meta":{"footnotes":""},"class_list":["post-4725","page","type-page","status-publish"],"aioseo_notices":[],"_links":{"self":[{"href":"https:\/\/kilimanjaroclimbingclub.com\/pl\/wp-json\/wp\/v2\/pages\/4725","targetHints":{"allow":["GET"]}}],"collection":[{"href":"https:\/\/kilimanjaroclimbingclub.com\/pl\/wp-json\/wp\/v2\/pages"}],"about":[{"href":"https:\/\/kilimanjaroclimbingclub.com\/pl\/wp-json\/wp\/v2\/types\/page"}],"author":[{"embeddable":true,"href":"https:\/\/kilimanjaroclimbingclub.com\/pl\/wp-json\/wp\/v2\/users\/1"}],"replies":[{"embeddable":true,"href":"https:\/\/kilimanjaroclimbingclub.com\/pl\/wp-json\/wp\/v2\/comments?post=4725"}],"version-history":[{"count":0,"href":"https:\/\/kilimanjaroclimbingclub.com\/pl\/wp-json\/wp\/v2\/pages\/4725\/revisions"}],"wp:attachment":[{"href":"https:\/\/kilimanjaroclimbingclub.com\/pl\/wp-json\/wp\/v2\/media?parent=4725"}],"curies":[{"name":"wp","href":"https:\/\/api.w.org\/{rel}","templated":true}]}}