{"id":4719,"date":"2025-05-26T12:30:22","date_gmt":"2025-05-26T12:30:22","guid":{"rendered":"https:\/\/kilimanjaroclimbingclub.com\/?page_id=4719"},"modified":"2026-02-14T15:32:07","modified_gmt":"2026-02-14T14:32:07","slug":"kilimanjaro-vaccination-requirements","status":"publish","type":"page","link":"https:\/\/kilimanjaroclimbingclub.com\/pl\/kilimanjaro-vaccination-requirements\/","title":{"rendered":"Szczepienia"},"content":{"rendered":"<div data-elementor-type=\"wp-page\" data-elementor-id=\"4719\" class=\"elementor elementor-4719\" data-elementor-post-type=\"page\">\n\t\t\t\t<div class=\"elementor-element elementor-element-7490a31 e-flex e-con-boxed e-con e-parent\" data-id=\"7490a31\" data-element_type=\"container\" data-e-type=\"container\">\n\t\t\t\t\t<div class=\"e-con-inner\">\n\t\t<div class=\"elementor-element elementor-element-af83eac e-con-full e-flex elementor-invisible e-con e-child\" data-id=\"af83eac\" data-element_type=\"container\" data-e-type=\"container\" data-settings=\"{&quot;background_background&quot;:&quot;classic&quot;,&quot;animation&quot;:&quot;fadeInLeft&quot;}\">\n\t\t\t\t<div class=\"elementor-element elementor-element-9cf17c5 elementor-widget elementor-widget-image\" data-id=\"9cf17c5\" data-element_type=\"widget\" data-e-type=\"widget\" data-widget_type=\"image.default\">\n\t\t\t\t\t\t\t\t\t\t\t\t\t\t\t<img fetchpriority=\"high\" decoding=\"async\" width=\"1024\" height=\"491\" src=\"https:\/\/kilimanjaroclimbingclub.com\/wp-content\/uploads\/2026\/01\/Vaccine-Banner-1024x491.webp\" class=\"attachment-large size-large wp-image-11890\" alt=\"Kilimanjaro Climbing Club Kilimanjaro Vaccination Requirements | KILIMINJARO CLIMBING CLUB\" srcset=\"https:\/\/kilimanjaroclimbingclub.com\/wp-content\/uploads\/2026\/01\/Vaccine-Banner-1024x491.webp 1024w, https:\/\/kilimanjaroclimbingclub.com\/wp-content\/uploads\/2026\/01\/Vaccine-Banner-300x144.webp 300w, https:\/\/kilimanjaroclimbingclub.com\/wp-content\/uploads\/2026\/01\/Vaccine-Banner-768x368.webp 768w, https:\/\/kilimanjaroclimbingclub.com\/wp-content\/uploads\/2026\/01\/Vaccine-Banner-18x9.webp 18w, https:\/\/kilimanjaroclimbingclub.com\/wp-content\/uploads\/2026\/01\/Vaccine-Banner.webp 1200w\" sizes=\"(max-width: 1024px) 100vw, 1024px\" title=\"VaccineBanner | KILIMINJARO CLIMBING CLUB\" \/>\t\t\t\t\t\t\t\t\t\t\t\t\t\t\t<\/div>\n\t\t\t\t<\/div>\n\t\t<div class=\"elementor-element elementor-element-31f2b11 e-con-full e-flex elementor-invisible e-con e-child\" data-id=\"31f2b11\" data-element_type=\"container\" data-e-type=\"container\" data-settings=\"{&quot;animation&quot;:&quot;fadeInRight&quot;}\">\n\t\t\t\t<div class=\"elementor-element elementor-element-779be86 elementor-invisible elementor-widget elementor-widget-heading\" data-id=\"779be86\" data-element_type=\"widget\" data-e-type=\"widget\" data-settings=\"{&quot;_animation&quot;:&quot;fadeInDown&quot;,&quot;_animation_delay&quot;:100}\" data-widget_type=\"heading.default\">\n\t\t\t\t\t<h1 class=\"elementor-heading-title elementor-size-default\">Szczepienia<\/h1>\t\t\t\t<\/div>\n\t\t\t\t<div class=\"elementor-element elementor-element-b8e823f elementor-hidden-desktop elementor-hidden-tablet elementor-hidden-mobile elementor-invisible elementor-widget elementor-widget-text-editor\" data-id=\"b8e823f\" data-element_type=\"widget\" data-e-type=\"widget\" data-settings=\"{&quot;_animation&quot;:&quot;fadeInUp&quot;,&quot;_animation_delay&quot;:200}\" data-widget_type=\"text-editor.default\">\n\t\t\t\t\t\t\t\t\t<p>Kilimanjaro Vaccination Requirements<\/p><p>vaccinations for kilimanjaro<\/p><p>vaccines for kilimanjaro<\/p>\t\t\t\t\t\t\t\t<\/div>\n\t\t\t\t<div class=\"elementor-element elementor-element-fec058f elementor-invisible elementor-widget elementor-widget-text-editor\" data-id=\"fec058f\" data-element_type=\"widget\" data-e-type=\"widget\" data-settings=\"{&quot;_animation&quot;:&quot;fadeInUp&quot;,&quot;_animation_delay&quot;:200}\" data-widget_type=\"text-editor.default\">\n\t\t\t\t\t\t\t\t\t<p class=\"translation-block\">Podczas przygotowa\u0144 do wyprawy na Kilimand\u017caro, w zale\u017cno\u015bci od kraju wyjazdu, wymagane lub zalecane mog\u0105 by\u0107 okre\u015blone szczepienia. Zdecydowanie zalecamy sprawdzenie najnowszych wytycznych dotycz\u0105cych zdrowia w podr\u00f3\u017cy online lub skonsultowanie si\u0119 z lekarzem, aby uzyska\u0107 najbardziej aktualne i spersonalizowane zalecenia. Nale\u017cy pami\u0119ta\u0107, \u017ce na g\u00f3rze nie wyst\u0119puje malaria, jednak w zale\u017cno\u015bci od tego, co planujesz zrobi\u0107 przed lub po w\u0119dr\u00f3wce, mo\u017cesz podr\u00f3\u017cowa\u0107 przez regiony, w kt\u00f3rych wyst\u0119puje malaria.<\/p>\t\t\t\t\t\t\t\t<\/div>\n\t\t\t\t<\/div>\n\t\t\t\t\t<\/div>\n\t\t\t\t<\/div>\n\t\t<div class=\"elementor-element elementor-element-44fb8b7 e-flex e-con-boxed e-con e-parent\" data-id=\"44fb8b7\" data-element_type=\"container\" data-e-type=\"container\">\n\t\t\t\t\t<div class=\"e-con-inner\">\n\t\t<div class=\"elementor-element elementor-element-12eb32a e-con-full e-flex elementor-invisible e-con e-child\" data-id=\"12eb32a\" data-element_type=\"container\" data-e-type=\"container\" data-settings=\"{&quot;animation&quot;:&quot;fadeInRight&quot;}\">\n\t\t\t\t<div class=\"elementor-element elementor-element-12d62d6 elementor-invisible elementor-widget elementor-widget-heading\" data-id=\"12d62d6\" data-element_type=\"widget\" data-e-type=\"widget\" data-settings=\"{&quot;_animation&quot;:&quot;fadeInDown&quot;,&quot;_animation_delay&quot;:100}\" data-widget_type=\"heading.default\">\n\t\t\t\t\t<h2 class=\"elementor-heading-title elementor-size-default\">Dodatkowe informacje<\/h2>\t\t\t\t<\/div>\n\t\t\t\t<div class=\"elementor-element elementor-element-ccbee99 elementor-invisible elementor-widget elementor-widget-text-editor\" data-id=\"ccbee99\" data-element_type=\"widget\" data-e-type=\"widget\" data-settings=\"{&quot;_animation&quot;:&quot;fadeInUp&quot;,&quot;_animation_delay&quot;:200}\" data-widget_type=\"text-editor.default\">\n\t\t\t\t\t\t\t\t\t<p><b>Here is more specifically what you need to know :<br \/>Yellow Fever Certificate (Mandatory in Some Cases)<\/b><br \/>A <b>Yellow Fever vaccination certificate is required <\/b>Je\u015bli:<\/p><ul><li>Przyje\u017cd\u017casz do Tanzanii z kraju, w kt\u00f3rym istnieje ryzyko wyst\u0105pienia \u017c\u00f3\u0142tej febry.<\/li><li>Przebywa\u0142e\u015b tranzytem przez kraj ryzyka przez ponad <b>12 godzin<\/b>.<\/li><\/ul><p>Obecnie loty bezpo\u015brednie z Europy lub Ameryki P\u00f3\u0142nocnej nie s\u0105 dost\u0119pne. <b>nie wymaga za\u015bwiadczenia o szczepieniu na \u017c\u00f3\u0142t\u0105 febr\u0119<\/b>, ale podr\u00f3\u017cni przybywaj\u0105cy z s\u0105siednich kraj\u00f3w afryka\u0144skich mog\u0105 go potrzebowa\u0107.<br \/><b>Zalecane szczepienia dla wspinaczy na Kilimand\u017caro<\/b><br \/>Nast\u0119puj\u0105ce szczepienia s\u0105 szczeg\u00f3lnie zalecane podr\u00f3\u017cnym odwiedzaj\u0105cym Tanzani\u0119:<\/p><ul><li><b>Wirusowe zapalenie w\u0105troby typu A<\/b><\/li><li><b>Wirusowe zapalenie w\u0105troby typu B<\/b><\/li><li><b>Dur brzuszny<\/b><\/li><li><b>T\u0119\u017cec-B\u0142onica (TDAP)<\/b><\/li><li><b>W\u015bcieklizna<\/b> (je\u015bli planujesz d\u0142u\u017csze aktywno\u015bci na \u015bwie\u017cym powietrzu lub interakcj\u0119 ze zwierz\u0119tami)<\/li><li><b>Cholera<\/b><\/li><\/ul><p><b>Zapobieganie malarii<\/b><br \/>Chocia\u017c du\u017ca wysoko\u015b\u0107 Kilimand\u017caro chroni przed malari\u0105, w regionach takich jak <b>Moshi, Arusha i miejsca safari<\/b> are malaria zones.<br \/>Protect yourself by:<\/p><ul><li class=\"translation-block\">Skonsultuj si\u0119 z lekarzem w sprawie lek\u00f3w.<\/li><li class=\"translation-block\">Stosowanie repelent\u00f3w na bazie DEET.<\/li><li class=\"translation-block\">Noszenie odzie\u017cy ochronnej wieczorami.<\/li><\/ul><p><img decoding=\"async\" class=\"emoji\" style=\"background-color: #ffffff; background-image: none !important;\" role=\"img\" draggable=\"false\" src=\"https:\/\/s.w.org\/images\/core\/emoji\/16.0.1\/svg\/1f4a1.svg\" alt=\"\ud83d\udca1\" width=\"20\" height=\"20\" \/>\u00a0<span style=\"font-weight: bold;\" data-start=\"173\" data-end=\"207\">Wskaz\u00f3wka dla profesjonalist\u00f3w: <\/span>Zaplanuj szczepienia i profilaktyk\u0119 malarii co najmniej 4\u20136 tygodni przed podr\u00f3\u017c\u0105, aby mie\u0107 pewno\u015b\u0107, \u017ce jeste\u015b w pe\u0142ni przygotowany.<\/p>\t\t\t\t\t\t\t\t<\/div>\n\t\t\t\t<div class=\"elementor-element elementor-element-e7eb9d9 elementor-align-left elementor-widget elementor-widget-button\" data-id=\"e7eb9d9\" data-element_type=\"widget\" data-e-type=\"widget\" data-widget_type=\"button.default\">\n\t\t\t\t\t\t\t\t\t\t<a class=\"elementor-button elementor-button-link elementor-size-sm\" href=\"https:\/\/kilimanjaroclimbingclub.com\/pl\/contact-kilimanjaro-trekking-experts\/\">\n\t\t\t\t\t\t<span class=\"elementor-button-content-wrapper\">\n\t\t\t\t\t\t\t\t\t<span class=\"elementor-button-text\">Skontaktuj si\u0119 z nami<\/span>\n\t\t\t\t\t<\/span>\n\t\t\t\t\t<\/a>\n\t\t\t\t\t\t\t\t<\/div>\n\t\t\t\t<\/div>\n\t\t<div class=\"elementor-element elementor-element-f638183 e-con-full e-flex elementor-invisible e-con e-child\" data-id=\"f638183\" data-element_type=\"container\" data-e-type=\"container\" data-settings=\"{&quot;background_background&quot;:&quot;classic&quot;,&quot;animation&quot;:&quot;fadeInLeft&quot;}\">\n\t\t\t\t<\/div>\n\t\t\t\t\t<\/div>\n\t\t\t\t<\/div>\n\t\t<div class=\"elementor-element elementor-element-65b741b elementor-hidden-desktop elementor-hidden-tablet elementor-hidden-mobile e-flex e-con-boxed elementor-invisible e-con e-child\" data-id=\"65b741b\" data-element_type=\"container\" data-e-type=\"container\" data-settings=\"{&quot;background_background&quot;:&quot;classic&quot;,&quot;animation&quot;:&quot;fadeInLeft&quot;}\">\n\t\t\t\t\t<div class=\"e-con-inner\">\n\t\t<div class=\"elementor-element elementor-element-7c9033f e-con-full e-flex e-con e-child\" data-id=\"7c9033f\" data-element_type=\"container\" data-e-type=\"container\">\n\t\t\t\t<div class=\"elementor-element elementor-element-36c7d85 elementor-view-default elementor-widget elementor-widget-icon\" data-id=\"36c7d85\" data-element_type=\"widget\" data-e-type=\"widget\" data-widget_type=\"icon.default\">\n\t\t\t\t\t\t\t<div class=\"elementor-icon-wrapper\">\n\t\t\t<div class=\"elementor-icon\">\n\t\t\t<svg aria-hidden=\"true\" class=\"e-font-icon-svg e-fab-whatsapp\" viewbox=\"0 0 448 512\" xmlns=\"http:\/\/www.w3.org\/2000\/svg\"><path d=\"M380.9 97.1C339 55.1 283.2 32 223.9 32c-122.4 0-222 99.6-222 222 0 39.1 10.2 77.3 29.6 111L0 480l117.7-30.9c32.4 17.7 68.9 27 106.1 27h.1c122.3 0 224.1-99.6 224.1-222 0-59.3-25.2-115-67.1-157zm-157 341.6c-33.2 0-65.7-8.9-94-25.7l-6.7-4-69.8 18.3L72 359.2l-4.4-7c-18.5-29.4-28.2-63.3-28.2-98.2 0-101.7 82.8-184.5 184.6-184.5 49.3 0 95.6 19.2 130.4 54.1 34.8 34.9 56.2 81.2 56.1 130.5 0 101.8-84.9 184.6-186.6 184.6zm101.2-138.2c-5.5-2.8-32.8-16.2-37.9-18-5.1-1.9-8.8-2.8-12.5 2.8-3.7 5.6-14.3 18-17.6 21.8-3.2 3.7-6.5 4.2-12 1.4-32.6-16.3-54-29.1-75.5-66-5.7-9.8 5.7-9.1 16.3-30.3 1.8-3.7.9-6.9-.5-9.7-1.4-2.8-12.5-30.1-17.1-41.2-4.5-10.8-9.1-9.3-12.5-9.5-3.2-.2-6.9-.2-10.6-.2-3.7 0-9.7 1.4-14.8 6.9-5.1 5.6-19.4 19-19.4 46.3 0 27.3 19.9 53.7 22.6 57.4 2.8 3.7 39.1 59.7 94.8 83.8 35.2 15.2 49 16.5 66.6 13.9 10.7-1.6 32.8-13.4 37.4-26.4 4.6-13 4.6-24.1 3.2-26.4-1.3-2.5-5-3.9-10.5-6.6z\"><\/path><\/svg>\t\t\t<\/div>\n\t\t<\/div>\n\t\t\t\t\t\t<\/div>\n\t\t\t\t<div class=\"elementor-element elementor-element-47586e1 elementor-widget elementor-widget-heading\" data-id=\"47586e1\" data-element_type=\"widget\" data-e-type=\"widget\" data-widget_type=\"heading.default\">\n\t\t\t\t\t<h2 class=\"elementor-heading-title elementor-size-default\">Numer WhatsApp<\/h2>\t\t\t\t<\/div>\n\t\t\t\t<\/div>\n\t\t\t\t<div class=\"elementor-element elementor-element-a61ea3a elementor-widget elementor-widget-heading\" data-id=\"a61ea3a\" data-element_type=\"widget\" data-e-type=\"widget\" data-widget_type=\"heading.default\">\n\t\t\t\t\t<h5 class=\"elementor-heading-title elementor-size-default\"><a href=\"https:\/\/wa.me\/421944203228\">+421 944 425 117<\/a><\/h5>\t\t\t\t<\/div>\n\t\t\t\t\t<\/div>\n\t\t\t\t<\/div>\n\t\t\t\t<\/div>","protected":false},"excerpt":{"rendered":"<p>Vaccinations Kilimanjaro Vaccination Requirements vaccinations for kilimanjaro vaccines for kilimanjaro When preparing for your Kilimanjaro adventure, certain vaccinations may be required or recommended, depending on your country of departure. We strongly advise checking the latest travel health guidelines online or consult with your doctor for the most up-to-date and personalized recommendations. Please note that there &#8230; <a title=\"Szczepienia\" class=\"read-more\" href=\"https:\/\/kilimanjaroclimbingclub.com\/pl\/kilimanjaro-vaccination-requirements\/\" aria-label=\"Dowiedz si\u0119 wi\u0119cej o Vaccinations\">Dowiedz si\u0119 wi\u0119cej<\/a><\/p>","protected":false},"author":1,"featured_media":0,"parent":0,"menu_order":0,"comment_status":"closed","ping_status":"closed","template":"elementor_header_footer","meta":{"footnotes":""},"class_list":["post-4719","page","type-page","status-publish"],"aioseo_notices":[],"_links":{"self":[{"href":"https:\/\/kilimanjaroclimbingclub.com\/pl\/wp-json\/wp\/v2\/pages\/4719","targetHints":{"allow":["GET"]}}],"collection":[{"href":"https:\/\/kilimanjaroclimbingclub.com\/pl\/wp-json\/wp\/v2\/pages"}],"about":[{"href":"https:\/\/kilimanjaroclimbingclub.com\/pl\/wp-json\/wp\/v2\/types\/page"}],"author":[{"embeddable":true,"href":"https:\/\/kilimanjaroclimbingclub.com\/pl\/wp-json\/wp\/v2\/users\/1"}],"replies":[{"embeddable":true,"href":"https:\/\/kilimanjaroclimbingclub.com\/pl\/wp-json\/wp\/v2\/comments?post=4719"}],"version-history":[{"count":0,"href":"https:\/\/kilimanjaroclimbingclub.com\/pl\/wp-json\/wp\/v2\/pages\/4719\/revisions"}],"wp:attachment":[{"href":"https:\/\/kilimanjaroclimbingclub.com\/pl\/wp-json\/wp\/v2\/media?parent=4719"}],"curies":[{"name":"wp","href":"https:\/\/api.w.org\/{rel}","templated":true}]}}