{"id":4654,"date":"2025-05-23T22:14:29","date_gmt":"2025-05-23T22:14:29","guid":{"rendered":"https:\/\/kilimanjaroclimbingclub.com\/?page_id=4654"},"modified":"2026-02-12T23:30:33","modified_gmt":"2026-02-12T22:30:33","slug":"kilimanjaro-trek-preparation","status":"publish","type":"page","link":"https:\/\/kilimanjaroclimbingclub.com\/pl\/kilimanjaro-trek-preparation\/","title":{"rendered":"Przygotowanie"},"content":{"rendered":"<div data-elementor-type=\"wp-page\" data-elementor-id=\"4654\" class=\"elementor elementor-4654\" data-elementor-post-type=\"page\">\n\t\t\t\t<div class=\"elementor-element elementor-element-4f2e9d0 e-flex e-con-boxed e-con e-parent\" data-id=\"4f2e9d0\" data-element_type=\"container\" data-e-type=\"container\">\n\t\t\t\t\t<div class=\"e-con-inner\">\n\t\t<div class=\"elementor-element elementor-element-0caaab2 e-con-full e-flex elementor-invisible e-con e-child\" data-id=\"0caaab2\" data-element_type=\"container\" data-e-type=\"container\" data-settings=\"{&quot;background_background&quot;:&quot;classic&quot;,&quot;animation&quot;:&quot;fadeInLeft&quot;}\">\n\t\t\t\t<div class=\"elementor-element elementor-element-d52f775 elementor-widget elementor-widget-image\" data-id=\"d52f775\" data-element_type=\"widget\" data-e-type=\"widget\" data-widget_type=\"image.default\">\n\t\t\t\t\t\t\t\t\t\t\t\t\t\t\t<img fetchpriority=\"high\" decoding=\"async\" width=\"1024\" height=\"683\" src=\"https:\/\/kilimanjaroclimbingclub.com\/wp-content\/uploads\/2026\/01\/EB5C1448-190F-4DC9-A017-87C8010F40E1-1-elementor-io-optimized-1024x683.webp\" class=\"attachment-large size-large wp-image-11856\" alt=\"Kilimanjaro Climbing Club Kilimanjaro Trek Preparation | Fitness  Altitude Guide | KILIMINJARO CLIMBING CLUB\" srcset=\"https:\/\/kilimanjaroclimbingclub.com\/wp-content\/uploads\/2026\/01\/EB5C1448-190F-4DC9-A017-87C8010F40E1-1-elementor-io-optimized-1024x683.webp 1024w, https:\/\/kilimanjaroclimbingclub.com\/wp-content\/uploads\/2026\/01\/EB5C1448-190F-4DC9-A017-87C8010F40E1-1-elementor-io-optimized-300x200.webp 300w, https:\/\/kilimanjaroclimbingclub.com\/wp-content\/uploads\/2026\/01\/EB5C1448-190F-4DC9-A017-87C8010F40E1-1-elementor-io-optimized-768x512.webp 768w, https:\/\/kilimanjaroclimbingclub.com\/wp-content\/uploads\/2026\/01\/EB5C1448-190F-4DC9-A017-87C8010F40E1-1-elementor-io-optimized-18x12.webp 18w, https:\/\/kilimanjaroclimbingclub.com\/wp-content\/uploads\/2026\/01\/EB5C1448-190F-4DC9-A017-87C8010F40E1-1-elementor-io-optimized.webp 1536w\" sizes=\"(max-width: 1024px) 100vw, 1024px\" title=\"EB5C1448190F4DC9A01787C8010F40E1 1elementoriooptimized | KILIMINJARO CLIMBING CLUB\" \/>\t\t\t\t\t\t\t\t\t\t\t\t\t\t\t<\/div>\n\t\t\t\t<\/div>\n\t\t<div class=\"elementor-element elementor-element-dd6efd3 e-con-full e-flex elementor-invisible e-con e-child\" data-id=\"dd6efd3\" data-element_type=\"container\" data-e-type=\"container\" data-settings=\"{&quot;animation&quot;:&quot;fadeInRight&quot;}\">\n\t\t\t\t<div class=\"elementor-element elementor-element-63a8e88 elementor-invisible elementor-widget elementor-widget-heading\" data-id=\"63a8e88\" data-element_type=\"widget\" data-e-type=\"widget\" data-settings=\"{&quot;_animation&quot;:&quot;fadeInDown&quot;,&quot;_animation_delay&quot;:200}\" data-widget_type=\"heading.default\">\n\t\t\t\t\t<h1 class=\"elementor-heading-title elementor-size-default\">Przygotowania<\/h1>\t\t\t\t<\/div>\n\t\t\t\t<div class=\"elementor-element elementor-element-63cca0a elementor-hidden-desktop elementor-hidden-tablet elementor-hidden-mobile elementor-invisible elementor-widget elementor-widget-text-editor\" data-id=\"63cca0a\" data-element_type=\"widget\" data-e-type=\"widget\" data-settings=\"{&quot;_animation&quot;:&quot;fadeInUp&quot;,&quot;_animation_delay&quot;:300}\" data-widget_type=\"text-editor.default\">\n\t\t\t\t\t\t\t\t\t<p>Kilimanjaro trek preparation<\/p>\t\t\t\t\t\t\t\t<\/div>\n\t\t\t\t<div class=\"elementor-element elementor-element-59197ee elementor-invisible elementor-widget elementor-widget-text-editor\" data-id=\"59197ee\" data-element_type=\"widget\" data-e-type=\"widget\" data-settings=\"{&quot;_animation&quot;:&quot;fadeInUp&quot;,&quot;_animation_delay&quot;:300}\" data-widget_type=\"text-editor.default\">\n\t\t\t\t\t\t\t\t\t<p>W miesi\u0105cach poprzedzaj\u0105cych Twoj\u0105 przygod\u0119, wa\u017cne jest, aby oceni\u0107 i poprawi\u0107 swoj\u0105 kondycj\u0119 fizyczn\u0105. Chocia\u017c nie musisz by\u0107 wyczynowym sportowcem, aby wspi\u0105\u0107 si\u0119 na Kilimand\u017caro, przygotowanie cia\u0142a jest kluczem do udanej wyprawy. Sama wspinaczka nie jest wyj\u0105tkowo techniczna \u2013 wi\u0119kszo\u015b\u0107 tras to malownicze, r\u00f3wne spacery, cho\u0107 niekt\u00f3re odcinki bywaj\u0105 do\u015b\u0107 strome.<\/p><p>Ka\u017cdego dnia b\u0119dziesz maszerowa\u0107 od 4 do 8 godzin w komfortowym tempie. Rozrzedzone powietrze na wi\u0119kszych wysoko\u015bciach naturalnie Ci\u0119 spowolni, dlatego wa\u017cne jest, aby skupi\u0107 si\u0119 na wytrzyma\u0142o\u015bci, a nie na szybko\u015bci.<\/p><p class=\"translation-block\">Tylko w dniu ataku szczytowego musisz si\u0119 bardziej postara\u0107, poniewa\u017c wi\u0105\u017ce si\u0119 to z wej\u015bciem na szczyt i p\u00f3\u017aniejszym zej\u015bciem.<\/p><p class=\"translation-block\">W ramach przygotowa\u0144 mo\u017cesz \u0107wiczy\u0107, biegaj\u0105c, \u0107wicz\u0105c na si\u0142owni, w\u0119druj\u0105c po g\u00f3rach, a nawet \u0107wicz\u0105c w domu. Wzmocni\u0105 one twoje cia\u0142o i pomog\u0105 ci si\u0119 zaaklimatyzowa\u0107.<\/p><p>Skoncentruj si\u0119 na wytrzyma\u0142o\u015bci i og\u00f3lnej sprawno\u015bci, a b\u0119dziesz gotowy na przygod\u0119 swojego \u017cycia.<\/p><p><img decoding=\"async\" class=\"emoji\" style=\"background-color: #ffffff; background-image: none !important;\" role=\"img\" draggable=\"false\" src=\"https:\/\/s.w.org\/images\/core\/emoji\/16.0.1\/svg\/1f4a1.svg\" alt=\"\ud83d\udca1\" width=\"20\" height=\"20\" data-wp-editing=\"1\" \/>\u00a0<span style=\"font-weight: bold;\" data-start=\"173\" data-end=\"207\">Wskaz\u00f3wka dla profesjonalist\u00f3w<\/span>: Korzystaj ze schod\u00f3w, kiedy tylko mo\u017cesz, i skup si\u0119 na rozci\u0105ganiu n\u00f3g. Kilka prostych \u0107wicze\u0144 na nogi pomo\u017ce Ci si\u0119 przygotowa\u0107.<\/p>\t\t\t\t\t\t\t\t<\/div>\n\t\t\t\t<div class=\"elementor-element elementor-element-d5beadc elementor-align-left elementor-widget elementor-widget-button\" data-id=\"d5beadc\" data-element_type=\"widget\" data-e-type=\"widget\" data-widget_type=\"button.default\">\n\t\t\t\t\t\t\t\t\t\t<a class=\"elementor-button elementor-button-link elementor-size-sm\" href=\"https:\/\/kilimanjaroclimbingclub.com\/pl\/plan-kilimanjaro-climb\/\">\n\t\t\t\t\t\t<span class=\"elementor-button-content-wrapper\">\n\t\t\t\t\t\t\t\t\t<span class=\"elementor-button-text\">Zarezerwuj teraz<\/span>\n\t\t\t\t\t<\/span>\n\t\t\t\t\t<\/a>\n\t\t\t\t\t\t\t\t<\/div>\n\t\t\t\t<\/div>\n\t\t\t\t\t<\/div>\n\t\t\t\t<\/div>\n\t\t\t\t<\/div>","protected":false},"excerpt":{"rendered":"<p>Preparations\u200b Kilimanjaro trek preparation In the months leading up to your adventure, it\u2019s important to assess and improve your physical fitness. While you don\u2019t need to be an elite athlete to climb Kilimanjaro, preparing your body is key to a successful journey. The climb itself isn\u2019t extremely technical\u2014most routes are scenic, steady walks, though some &#8230; <a title=\"Przygotowanie\" class=\"read-more\" href=\"https:\/\/kilimanjaroclimbingclub.com\/pl\/kilimanjaro-trek-preparation\/\" aria-label=\"Dowiedz si\u0119 wi\u0119cej o Preparation\">Dowiedz si\u0119 wi\u0119cej<\/a><\/p>","protected":false},"author":1,"featured_media":0,"parent":0,"menu_order":0,"comment_status":"closed","ping_status":"closed","template":"elementor_header_footer","meta":{"footnotes":""},"class_list":["post-4654","page","type-page","status-publish"],"aioseo_notices":[],"_links":{"self":[{"href":"https:\/\/kilimanjaroclimbingclub.com\/pl\/wp-json\/wp\/v2\/pages\/4654","targetHints":{"allow":["GET"]}}],"collection":[{"href":"https:\/\/kilimanjaroclimbingclub.com\/pl\/wp-json\/wp\/v2\/pages"}],"about":[{"href":"https:\/\/kilimanjaroclimbingclub.com\/pl\/wp-json\/wp\/v2\/types\/page"}],"author":[{"embeddable":true,"href":"https:\/\/kilimanjaroclimbingclub.com\/pl\/wp-json\/wp\/v2\/users\/1"}],"replies":[{"embeddable":true,"href":"https:\/\/kilimanjaroclimbingclub.com\/pl\/wp-json\/wp\/v2\/comments?post=4654"}],"version-history":[{"count":0,"href":"https:\/\/kilimanjaroclimbingclub.com\/pl\/wp-json\/wp\/v2\/pages\/4654\/revisions"}],"wp:attachment":[{"href":"https:\/\/kilimanjaroclimbingclub.com\/pl\/wp-json\/wp\/v2\/media?parent=4654"}],"curies":[{"name":"wp","href":"https:\/\/api.w.org\/{rel}","templated":true}]}}