{"id":4654,"date":"2025-05-23T22:14:29","date_gmt":"2025-05-23T22:14:29","guid":{"rendered":"https:\/\/kilimanjaroclimbingclub.com\/?page_id=4654"},"modified":"2026-02-12T23:30:33","modified_gmt":"2026-02-12T22:30:33","slug":"kilimanjaro-trek-preparation","status":"publish","type":"page","link":"https:\/\/kilimanjaroclimbingclub.com\/it\/kilimanjaro-trek-preparation\/","title":{"rendered":"Preparazione"},"content":{"rendered":"<div data-elementor-type=\"wp-page\" data-elementor-id=\"4654\" class=\"elementor elementor-4654\" data-elementor-post-type=\"page\">\n\t\t\t\t<div class=\"elementor-element elementor-element-4f2e9d0 e-flex e-con-boxed e-con e-parent\" data-id=\"4f2e9d0\" data-element_type=\"container\" data-e-type=\"container\">\n\t\t\t\t\t<div class=\"e-con-inner\">\n\t\t<div class=\"elementor-element elementor-element-0caaab2 e-con-full e-flex elementor-invisible e-con e-child\" data-id=\"0caaab2\" data-element_type=\"container\" data-e-type=\"container\" data-settings=\"{&quot;background_background&quot;:&quot;classic&quot;,&quot;animation&quot;:&quot;fadeInLeft&quot;}\">\n\t\t\t\t<div class=\"elementor-element elementor-element-d52f775 elementor-widget elementor-widget-image\" data-id=\"d52f775\" data-element_type=\"widget\" data-e-type=\"widget\" data-widget_type=\"image.default\">\n\t\t\t\t\t\t\t\t\t\t\t\t\t\t\t<img fetchpriority=\"high\" decoding=\"async\" width=\"1024\" height=\"683\" src=\"https:\/\/kilimanjaroclimbingclub.com\/wp-content\/uploads\/2026\/01\/EB5C1448-190F-4DC9-A017-87C8010F40E1-1-elementor-io-optimized-1024x683.webp\" class=\"attachment-large size-large wp-image-11856\" alt=\"Kilimanjaro Climbing Club Kilimanjaro Trek Preparation | Fitness  Altitude Guide | KILIMINJARO CLIMBING CLUB\" srcset=\"https:\/\/kilimanjaroclimbingclub.com\/wp-content\/uploads\/2026\/01\/EB5C1448-190F-4DC9-A017-87C8010F40E1-1-elementor-io-optimized-1024x683.webp 1024w, https:\/\/kilimanjaroclimbingclub.com\/wp-content\/uploads\/2026\/01\/EB5C1448-190F-4DC9-A017-87C8010F40E1-1-elementor-io-optimized-300x200.webp 300w, https:\/\/kilimanjaroclimbingclub.com\/wp-content\/uploads\/2026\/01\/EB5C1448-190F-4DC9-A017-87C8010F40E1-1-elementor-io-optimized-768x512.webp 768w, https:\/\/kilimanjaroclimbingclub.com\/wp-content\/uploads\/2026\/01\/EB5C1448-190F-4DC9-A017-87C8010F40E1-1-elementor-io-optimized-18x12.webp 18w, https:\/\/kilimanjaroclimbingclub.com\/wp-content\/uploads\/2026\/01\/EB5C1448-190F-4DC9-A017-87C8010F40E1-1-elementor-io-optimized.webp 1536w\" sizes=\"(max-width: 1024px) 100vw, 1024px\" title=\"EB5C1448190F4DC9A01787C8010F40E1 1elementoriooptimized | KILIMINJARO CLIMBING CLUB\" \/>\t\t\t\t\t\t\t\t\t\t\t\t\t\t\t<\/div>\n\t\t\t\t<\/div>\n\t\t<div class=\"elementor-element elementor-element-dd6efd3 e-con-full e-flex elementor-invisible e-con e-child\" data-id=\"dd6efd3\" data-element_type=\"container\" data-e-type=\"container\" data-settings=\"{&quot;animation&quot;:&quot;fadeInRight&quot;}\">\n\t\t\t\t<div class=\"elementor-element elementor-element-63a8e88 elementor-invisible elementor-widget elementor-widget-heading\" data-id=\"63a8e88\" data-element_type=\"widget\" data-e-type=\"widget\" data-settings=\"{&quot;_animation&quot;:&quot;fadeInDown&quot;,&quot;_animation_delay&quot;:200}\" data-widget_type=\"heading.default\">\n\t\t\t\t\t<h1 class=\"elementor-heading-title elementor-size-default\">Preparations\u200b<\/h1>\t\t\t\t<\/div>\n\t\t\t\t<div class=\"elementor-element elementor-element-63cca0a elementor-hidden-desktop elementor-hidden-tablet elementor-hidden-mobile elementor-invisible elementor-widget elementor-widget-text-editor\" data-id=\"63cca0a\" data-element_type=\"widget\" data-e-type=\"widget\" data-settings=\"{&quot;_animation&quot;:&quot;fadeInUp&quot;,&quot;_animation_delay&quot;:300}\" data-widget_type=\"text-editor.default\">\n\t\t\t\t\t\t\t\t\t<p>Kilimanjaro trek preparation<\/p>\t\t\t\t\t\t\t\t<\/div>\n\t\t\t\t<div class=\"elementor-element elementor-element-59197ee elementor-invisible elementor-widget elementor-widget-text-editor\" data-id=\"59197ee\" data-element_type=\"widget\" data-e-type=\"widget\" data-settings=\"{&quot;_animation&quot;:&quot;fadeInUp&quot;,&quot;_animation_delay&quot;:300}\" data-widget_type=\"text-editor.default\">\n\t\t\t\t\t\t\t\t\t<p>Nei mesi che precedono l'avventura, \u00e8 importante valutare e migliorare la propria forma fisica. Anche se non \u00e8 necessario essere un atleta professionista per scalare il Kilimangiaro, preparare il corpo \u00e8 fondamentale per un viaggio di successo. La scalata in s\u00e9 non \u00e8 un'impresa particolarmente tecnica: la maggior parte dei percorsi sono passeggiate panoramiche e costanti, anche se alcuni tratti possono essere piuttosto ripidi.<\/p><p>Ogni giorno camminerai dalle 4 alle 8 ore a un ritmo confortevole. L'aria rarefatta delle altitudini pi\u00f9 elevate ti rallenter\u00e0 naturalmente, quindi \u00e8 importante concentrarsi sulla resistenza piuttosto che sulla velocit\u00e0.<\/p><p class=\"translation-block\">Solo il giorno della vetta sar\u00e0 necessario impegnarsi di pi\u00f9, poich\u00e9 si tratta sia di salire che di scendere.<\/p><p class=\"translation-block\">Per prepararti, attivit\u00e0 come la corsa, l'allenamento in palestra, le escursioni in montagna o anche gli allenamenti a casa rafforzeranno il tuo corpo e ti aiuteranno ad acclimatarti.<\/p><p>Concentrati sulla resistenza e sulla forma fisica generale e sarai pronto per l'avventura della tua vita.<\/p><p><img decoding=\"async\" class=\"emoji\" style=\"background-color: #ffffff; background-image: none !important;\" role=\"img\" draggable=\"false\" src=\"https:\/\/s.w.org\/images\/core\/emoji\/16.0.1\/svg\/1f4a1.svg\" alt=\"\ud83d\udca1\" width=\"20\" height=\"20\" data-wp-editing=\"1\" \/>\u00a0<span style=\"font-weight: bold;\" data-start=\"173\" data-end=\"207\">Suggerimento professionale<\/span>: Usa le scale ogni volta che puoi e concentrati sullo stretching delle gambe. Fare alcuni semplici esercizi per le gambe ti aiuter\u00e0 a prepararti.<\/p>\t\t\t\t\t\t\t\t<\/div>\n\t\t\t\t<div class=\"elementor-element elementor-element-d5beadc elementor-align-left elementor-widget elementor-widget-button\" data-id=\"d5beadc\" data-element_type=\"widget\" data-e-type=\"widget\" data-widget_type=\"button.default\">\n\t\t\t\t\t\t\t\t\t\t<a class=\"elementor-button elementor-button-link elementor-size-sm\" href=\"https:\/\/kilimanjaroclimbingclub.com\/it\/plan-kilimanjaro-climb\/\">\n\t\t\t\t\t\t<span class=\"elementor-button-content-wrapper\">\n\t\t\t\t\t\t\t\t\t<span class=\"elementor-button-text\">Prenota ora<\/span>\n\t\t\t\t\t<\/span>\n\t\t\t\t\t<\/a>\n\t\t\t\t\t\t\t\t<\/div>\n\t\t\t\t<\/div>\n\t\t\t\t\t<\/div>\n\t\t\t\t<\/div>\n\t\t\t\t<\/div>","protected":false},"excerpt":{"rendered":"<p>Preparations\u200b Kilimanjaro trek preparation In the months leading up to your adventure, it\u2019s important to assess and improve your physical fitness. While you don\u2019t need to be an elite athlete to climb Kilimanjaro, preparing your body is key to a successful journey. The climb itself isn\u2019t extremely technical\u2014most routes are scenic, steady walks, though some &#8230; <a title=\"Preparazione\" class=\"read-more\" href=\"https:\/\/kilimanjaroclimbingclub.com\/it\/kilimanjaro-trek-preparation\/\" aria-label=\"Per saperne di pi\u00f9 su Preparation\">Leggi tutto<\/a><\/p>","protected":false},"author":1,"featured_media":0,"parent":0,"menu_order":0,"comment_status":"closed","ping_status":"closed","template":"elementor_header_footer","meta":{"footnotes":""},"class_list":["post-4654","page","type-page","status-publish"],"aioseo_notices":[],"_links":{"self":[{"href":"https:\/\/kilimanjaroclimbingclub.com\/it\/wp-json\/wp\/v2\/pages\/4654","targetHints":{"allow":["GET"]}}],"collection":[{"href":"https:\/\/kilimanjaroclimbingclub.com\/it\/wp-json\/wp\/v2\/pages"}],"about":[{"href":"https:\/\/kilimanjaroclimbingclub.com\/it\/wp-json\/wp\/v2\/types\/page"}],"author":[{"embeddable":true,"href":"https:\/\/kilimanjaroclimbingclub.com\/it\/wp-json\/wp\/v2\/users\/1"}],"replies":[{"embeddable":true,"href":"https:\/\/kilimanjaroclimbingclub.com\/it\/wp-json\/wp\/v2\/comments?post=4654"}],"version-history":[{"count":0,"href":"https:\/\/kilimanjaroclimbingclub.com\/it\/wp-json\/wp\/v2\/pages\/4654\/revisions"}],"wp:attachment":[{"href":"https:\/\/kilimanjaroclimbingclub.com\/it\/wp-json\/wp\/v2\/media?parent=4654"}],"curies":[{"name":"wp","href":"https:\/\/api.w.org\/{rel}","templated":true}]}}