{"id":4537,"date":"2025-05-23T18:45:25","date_gmt":"2025-05-23T18:45:25","guid":{"rendered":"https:\/\/kilimanjaroclimbingclub.com\/?page_id=4537"},"modified":"2026-02-14T14:48:19","modified_gmt":"2026-02-14T13:48:19","slug":"kilimanjaro-trek-terms-conditions","status":"publish","type":"page","link":"https:\/\/kilimanjaroclimbingclub.com\/it\/kilimanjaro-trek-terms-conditions\/","title":{"rendered":"Terms &#038; Conditions"},"content":{"rendered":"<div data-elementor-type=\"wp-page\" data-elementor-id=\"4537\" class=\"elementor elementor-4537\" data-elementor-post-type=\"page\">\n\t\t\t\t<div class=\"elementor-element elementor-element-db526ff e-flex e-con-boxed e-con e-parent\" data-id=\"db526ff\" data-element_type=\"container\" data-e-type=\"container\">\n\t\t\t\t\t<div class=\"e-con-inner\">\n\t\t\t\t<div class=\"elementor-element elementor-element-8948d95 elementor-widget elementor-widget-heading\" data-id=\"8948d95\" data-element_type=\"widget\" data-e-type=\"widget\" data-widget_type=\"heading.default\">\n\t\t\t\t\t<h1 class=\"elementor-heading-title elementor-size-default\">Termini e condizioni:<\/h1>\t\t\t\t<\/div>\n\t\t\t\t<div class=\"elementor-element elementor-element-41a9760 elementor-hidden-desktop elementor-hidden-tablet elementor-hidden-mobile elementor-widget elementor-widget-text-editor\" data-id=\"41a9760\" data-element_type=\"widget\" data-e-type=\"widget\" data-widget_type=\"text-editor.default\">\n\t\t\t\t\t\t\t\t\t<p>Kilimanjaro Trek Terms &amp; Conditions<\/p>\t\t\t\t\t\t\t\t<\/div>\n\t\t\t\t<div class=\"elementor-element elementor-element-632d80a elementor-widget elementor-widget-text-editor\" data-id=\"632d80a\" data-element_type=\"widget\" data-e-type=\"widget\" data-widget_type=\"text-editor.default\">\n\t\t\t\t\t\t\t\t\t<p>Informazioni sull'azienda:<\/p>\n<p>Kilimanjaro Climbing Club \u00e8 il marchio commerciale di Kilimanjaro Glacier Expert &amp; Safaris, una societ\u00e0 con sede in Tanzania.<br>1. Conferma della prenotazione: la prenotazione con Kilimanjaro Glacier Expert &amp; Safaris \u00e8 considerata confermata al ricevimento di un deposito non rimborsabile pari al 10% dell'intera fattura.<\/p>\n<p>2. Pagamento: Il pagamento totale del pacchetto deve essere effettuato entro e non oltre 60 giorni prima dell'inizio del tour. Il mancato ricevimento del pagamento pu\u00f2 comportare la cancellazione della prenotazione senza preavviso.<\/p>\n<p>3. Metodi di pagamento: Accettiamo pagamenti tramite bonifici bancari o piattaforme di pagamento online. Potrebbe essere applicato un supplemento del 3,5% per i pagamenti con carta di credito.<\/p>\n<p>4. Prezzi: i prezzi sul nostro sito web sono indicati in dollari USA. \u00c8 possibile pagare in altre valute come EUR, GBP, CHF o JPY.<\/p>\n<p>5. Politica di cancellazione: in caso di cancellazione della prenotazione, ti rimborseremo il 50% se la cancellazione ci perverr\u00e0 almeno 3 settimane prima dell'inizio del trekking. Se la cancellazione ci perverr\u00e0 almeno 72 ore prima dell'inizio del trekking, ti rimborseremo il 25% della fattura. Nel caso in cui Kilimanjaro Glacier Expert &amp; Safaris dovesse annullare il viaggio, ti rimborseremo l'intero importo o ti proporremo un tour alternativo di valore simile. Non saremo responsabili per eventuali costi aggiuntivi da parte tua.<\/p>\n<p>6. Modifiche all'itinerario: ci riserviamo il diritto di apportare modifiche al trekking per fattori al di fuori del nostro controllo, come condizioni meteorologiche, chiusure stradali o problemi di sicurezza. Faremo tutto il possibile per fornirvi alternative adeguate.<\/p>\n<p>7. Assicurazione di viaggio: consigliamo vivamente di stipulare un'assicurazione di viaggio completa e adeguata per l'alpinismo in alta montagna, a copertura di emergenze mediche o altri imprevisti come ritardi o cancellazioni del viaggio. Potrebbe essere richiesta la prova dell'assicurazione di viaggio prima dell'inizio del tour.<\/p>\n<p>8. Salute e sicurezza: sei responsabile di garantire di essere in buona salute e idoneo a scalare il Monte Kilimangiaro. Eventuali condizioni mediche preesistenti o esigenze dietetiche devono essere comunicate in anticipo.<\/p>\n<p>9. Documenti di viaggio: \u00e8 vostra responsabilit\u00e0 assicurarvi di essere in possesso di passaporti, visti e altri documenti di viaggio validi per entrare in Tanzania. Kilimanjaro Glacier Expert &amp; Safaris non sar\u00e0 responsabile per eventuali problemi derivanti da documentazione insufficiente o errata.<\/p>\n<p>10. Codice di condotta: durante l'escursione \u00e8 richiesto di adottare un comportamento etico e responsabile, rispettando la fauna selvatica, le comunit\u00e0 locali e l'ambiente naturale. Non saranno tollerate attivit\u00e0 o comportamenti illegali che possano danneggiare l'ecosistema.<\/p>\n<p>11. Limitazione di responsabilit\u00e0: Kilimanjaro Glacier Expert &amp; Safaris non sar\u00e0 ritenuta responsabile per eventuali lesioni, perdite, danni, ritardi o inconvenienti causati durante il trekking, a meno che non siano dovuti a negligenza da parte nostra. Si consiglia di custodire sempre i propri effetti personali.<\/p>\n<p>12. Forza maggiore: Kilimanjaro Glacier Expert &amp; Safaris non potr\u00e0 essere ritenuta responsabile per eventuali inadempienze o ritardi nell'esecuzione dei propri obblighi dovuti a circostanze al di fuori del suo ragionevole controllo, inclusi, a titolo esemplificativo ma non esaustivo, atti di terrorismo, guerra, cause di forza maggiore o restrizioni governative.<\/p>\n<p>13. Legge applicabile: i presenti Termini e Condizioni sono regolati e interpretati in conformit\u00e0 con le leggi della giurisdizione in cui \u00e8 registrata Kilimanjaro Glacier Expert &amp; Safaris. Qualsiasi controversia derivante dai presenti termini sar\u00e0 soggetta alla giurisdizione esclusiva dei tribunali di tale giurisdizione.<\/p>\n<p><\/p>\t\t\t\t\t\t\t\t<\/div>\n\t\t\t\t\t<\/div>\n\t\t\t\t<\/div>\n\t\t<div class=\"elementor-element elementor-element-5871221 e-flex e-con-boxed e-con e-parent\" data-id=\"5871221\" data-element_type=\"container\" data-e-type=\"container\">\n\t\t\t\t\t<div class=\"e-con-inner\">\n\t\t\t\t<div class=\"elementor-element elementor-element-abdb881 elementor-align-center elementor-widget elementor-widget-button\" data-id=\"abdb881\" data-element_type=\"widget\" data-e-type=\"widget\" data-widget_type=\"button.default\">\n\t\t\t\t\t\t\t\t\t\t<a class=\"elementor-button elementor-button-link elementor-size-sm\" href=\"https:\/\/kilimanjaroclimbingclub.com\/it\/contact-kilimanjaro-trekking-experts\/\">\n\t\t\t\t\t\t<span class=\"elementor-button-content-wrapper\">\n\t\t\t\t\t\t\t\t\t<span class=\"elementor-button-text\">Contattaci<\/span>\n\t\t\t\t\t<\/span>\n\t\t\t\t\t<\/a>\n\t\t\t\t\t\t\t\t<\/div>\n\t\t\t\t\t<\/div>\n\t\t\t\t<\/div>\n\t\t<div class=\"elementor-element elementor-element-6179c44 elementor-hidden-desktop elementor-hidden-tablet elementor-hidden-mobile e-flex e-con-boxed e-con e-parent\" data-id=\"6179c44\" data-element_type=\"container\" data-e-type=\"container\">\n\t\t\t\t\t<div class=\"e-con-inner\">\n\t\t\t\t<div class=\"elementor-element elementor-element-36d3b24 elementor-widget elementor-widget-image\" data-id=\"36d3b24\" data-element_type=\"widget\" data-e-type=\"widget\" data-widget_type=\"image.default\">\n\t\t\t\t\t\t\t\t\t\t\t\t\t\t\t<img decoding=\"async\" width=\"150\" height=\"150\" src=\"https:\/\/kilimanjaroclimbingclub.com\/wp-content\/uploads\/2025\/12\/t4-1-elementor-io-optimized.webp\" class=\"attachment-large size-large wp-image-11767\" alt=\"Kilimanjaro Climbing Club Contact Kilimanjaro Climbing Club Team Kilimanjaro Climbing Club Kilimanjaro Trek Terms  Conditions | KILIMINJARO CLIMBING CLUB\" srcset=\"https:\/\/kilimanjaroclimbingclub.com\/wp-content\/uploads\/2025\/12\/t4-1-elementor-io-optimized.webp 150w, https:\/\/kilimanjaroclimbingclub.com\/wp-content\/uploads\/2025\/12\/t4-1-elementor-io-optimized-12x12.webp 12w\" sizes=\"(max-width: 150px) 100vw, 150px\" title=\"t4 1elementoriooptimized | KILIMINJARO CLIMBING CLUB\" \/>\t\t\t\t\t\t\t\t\t\t\t\t\t\t\t<\/div>\n\t\t\t\t\t<\/div>\n\t\t\t\t<\/div>\n\t\t<div class=\"elementor-element elementor-element-cfdba4e elementor-hidden-desktop elementor-hidden-tablet elementor-hidden-mobile e-flex e-con-boxed elementor-invisible e-con e-child\" data-id=\"cfdba4e\" data-element_type=\"container\" data-e-type=\"container\" data-settings=\"{&quot;background_background&quot;:&quot;classic&quot;,&quot;animation&quot;:&quot;fadeInLeft&quot;}\">\n\t\t\t\t\t<div class=\"e-con-inner\">\n\t\t\t\t<div class=\"elementor-element elementor-element-906e9bc elementor-widget elementor-widget-heading\" data-id=\"906e9bc\" data-element_type=\"widget\" data-e-type=\"widget\" data-widget_type=\"heading.default\">\n\t\t\t\t\t<h2 class=\"elementor-heading-title elementor-size-default\">Kilimanjaro trekking meals<\/h2>\t\t\t\t<\/div>\n\t\t<div class=\"elementor-element elementor-element-e05ff17 e-con-full e-flex e-con e-child\" data-id=\"e05ff17\" data-element_type=\"container\" data-e-type=\"container\">\n\t\t\t\t<div class=\"elementor-element elementor-element-b6b2398 elementor-view-default elementor-widget elementor-widget-icon\" data-id=\"b6b2398\" data-element_type=\"widget\" data-e-type=\"widget\" data-widget_type=\"icon.default\">\n\t\t\t\t\t\t\t<div class=\"elementor-icon-wrapper\">\n\t\t\t<div class=\"elementor-icon\">\n\t\t\t<svg aria-hidden=\"true\" class=\"e-font-icon-svg e-fab-whatsapp\" viewbox=\"0 0 448 512\" xmlns=\"http:\/\/www.w3.org\/2000\/svg\"><path d=\"M380.9 97.1C339 55.1 283.2 32 223.9 32c-122.4 0-222 99.6-222 222 0 39.1 10.2 77.3 29.6 111L0 480l117.7-30.9c32.4 17.7 68.9 27 106.1 27h.1c122.3 0 224.1-99.6 224.1-222 0-59.3-25.2-115-67.1-157zm-157 341.6c-33.2 0-65.7-8.9-94-25.7l-6.7-4-69.8 18.3L72 359.2l-4.4-7c-18.5-29.4-28.2-63.3-28.2-98.2 0-101.7 82.8-184.5 184.6-184.5 49.3 0 95.6 19.2 130.4 54.1 34.8 34.9 56.2 81.2 56.1 130.5 0 101.8-84.9 184.6-186.6 184.6zm101.2-138.2c-5.5-2.8-32.8-16.2-37.9-18-5.1-1.9-8.8-2.8-12.5 2.8-3.7 5.6-14.3 18-17.6 21.8-3.2 3.7-6.5 4.2-12 1.4-32.6-16.3-54-29.1-75.5-66-5.7-9.8 5.7-9.1 16.3-30.3 1.8-3.7.9-6.9-.5-9.7-1.4-2.8-12.5-30.1-17.1-41.2-4.5-10.8-9.1-9.3-12.5-9.5-3.2-.2-6.9-.2-10.6-.2-3.7 0-9.7 1.4-14.8 6.9-5.1 5.6-19.4 19-19.4 46.3 0 27.3 19.9 53.7 22.6 57.4 2.8 3.7 39.1 59.7 94.8 83.8 35.2 15.2 49 16.5 66.6 13.9 10.7-1.6 32.8-13.4 37.4-26.4 4.6-13 4.6-24.1 3.2-26.4-1.3-2.5-5-3.9-10.5-6.6z\"><\/path><\/svg>\t\t\t<\/div>\n\t\t<\/div>\n\t\t\t\t\t\t<\/div>\n\t\t\t\t<div class=\"elementor-element elementor-element-733c444 elementor-widget elementor-widget-heading\" data-id=\"733c444\" data-element_type=\"widget\" data-e-type=\"widget\" data-widget_type=\"heading.default\">\n\t\t\t\t\t<h2 class=\"elementor-heading-title elementor-size-default\">Numero Whatsapp<\/h2>\t\t\t\t<\/div>\n\t\t\t\t<\/div>\n\t\t\t\t<div class=\"elementor-element elementor-element-dea55c3 elementor-widget elementor-widget-heading\" data-id=\"dea55c3\" data-element_type=\"widget\" data-e-type=\"widget\" data-widget_type=\"heading.default\">\n\t\t\t\t\t<h5 class=\"elementor-heading-title elementor-size-default\"><a href=\"https:\/\/wa.me\/421944203228\">+421 944 425 117<\/a><\/h5>\t\t\t\t<\/div>\n\t\t\t\t\t<\/div>\n\t\t\t\t<\/div>\n\t\t\t\t<\/div>","protected":false},"excerpt":{"rendered":"<p>Terms &amp; Conditions: Kilimanjaro Trek Terms &amp; Conditions Company information: Kilimanjaro Climbing Club is the brand name of Kilimanjaro Glacier Expert &amp; Safaris, a company incorporated in Tanzania.1. Booking Confirmation: A booking with Kilimanjaro Glacier Expert &amp; Safaris is considered confirmed upon receipt of non-refundable deposit of 10% of the entire invoice. 2. Payment: The &#8230; <a title=\"Terms &#038; Conditions\" class=\"read-more\" href=\"https:\/\/kilimanjaroclimbingclub.com\/it\/kilimanjaro-trek-terms-conditions\/\" aria-label=\"Per saperne di pi\u00f9 su Terms &#038; Conditions\">Leggi tutto<\/a><\/p>","protected":false},"author":1,"featured_media":0,"parent":0,"menu_order":0,"comment_status":"closed","ping_status":"closed","template":"elementor_header_footer","meta":{"footnotes":""},"class_list":["post-4537","page","type-page","status-publish"],"aioseo_notices":[],"_links":{"self":[{"href":"https:\/\/kilimanjaroclimbingclub.com\/it\/wp-json\/wp\/v2\/pages\/4537","targetHints":{"allow":["GET"]}}],"collection":[{"href":"https:\/\/kilimanjaroclimbingclub.com\/it\/wp-json\/wp\/v2\/pages"}],"about":[{"href":"https:\/\/kilimanjaroclimbingclub.com\/it\/wp-json\/wp\/v2\/types\/page"}],"author":[{"embeddable":true,"href":"https:\/\/kilimanjaroclimbingclub.com\/it\/wp-json\/wp\/v2\/users\/1"}],"replies":[{"embeddable":true,"href":"https:\/\/kilimanjaroclimbingclub.com\/it\/wp-json\/wp\/v2\/comments?post=4537"}],"version-history":[{"count":0,"href":"https:\/\/kilimanjaroclimbingclub.com\/it\/wp-json\/wp\/v2\/pages\/4537\/revisions"}],"wp:attachment":[{"href":"https:\/\/kilimanjaroclimbingclub.com\/it\/wp-json\/wp\/v2\/media?parent=4537"}],"curies":[{"name":"wp","href":"https:\/\/api.w.org\/{rel}","templated":true}]}}