{"id":4632,"date":"2025-05-23T20:34:29","date_gmt":"2025-05-23T20:34:29","guid":{"rendered":"https:\/\/kilimanjaroclimbingclub.com\/?page_id=4632"},"modified":"2026-02-11T14:24:01","modified_gmt":"2026-02-11T13:24:01","slug":"kilimanjaro-faq","status":"publish","type":"page","link":"https:\/\/kilimanjaroclimbingclub.com\/fr\/kilimanjaro-faq\/","title":{"rendered":"FAQ"},"content":{"rendered":"<div data-elementor-type=\"wp-page\" data-elementor-id=\"4632\" class=\"elementor elementor-4632\" data-elementor-post-type=\"page\">\n\t\t\t\t<div class=\"elementor-element elementor-element-22198f0 elementor-hidden-desktop elementor-hidden-tablet elementor-hidden-mobile e-flex e-con-boxed e-con e-parent\" data-id=\"22198f0\" data-element_type=\"container\" data-e-type=\"container\">\n\t\t\t\t\t<div class=\"e-con-inner\">\n\t\t\t\t<div class=\"elementor-element elementor-element-446b9e0 elementor-widget elementor-widget-image\" data-id=\"446b9e0\" data-element_type=\"widget\" data-e-type=\"widget\" data-widget_type=\"image.default\">\n\t\t\t\t\t\t\t\t\t\t\t\t\t\t\t<img decoding=\"async\" width=\"100\" height=\"100\" src=\"https:\/\/kilimanjaroclimbingclub.com\/wp-content\/uploads\/2026\/01\/t5-1-elementor-io-optimized.webp\" class=\"attachment-large size-large wp-image-11804\" alt=\"Kilimanjaro Climbing Club | KILIMINJARO CLIMBING CLUB\" srcset=\"https:\/\/kilimanjaroclimbingclub.com\/wp-content\/uploads\/2026\/01\/t5-1-elementor-io-optimized.webp 100w, https:\/\/kilimanjaroclimbingclub.com\/wp-content\/uploads\/2026\/01\/t5-1-elementor-io-optimized-12x12.webp 12w\" sizes=\"(max-width: 100px) 100vw, 100px\" title=\"t5 1elementoriooptimized | KILIMINJARO CLIMBING CLUB\" \/>\t\t\t\t\t\t\t\t\t\t\t\t\t\t\t<\/div>\n\t\t\t\t<div class=\"elementor-element elementor-element-5cfa77a elementor-widget elementor-widget-heading\" data-id=\"5cfa77a\" data-element_type=\"widget\" data-e-type=\"widget\" data-widget_type=\"heading.default\">\n\t\t\t\t\t<h2 class=\"elementor-heading-title elementor-size-default\">Kilimanjaro  FAQ<\/h2>\t\t\t\t<\/div>\n\t\t\t\t<div class=\"elementor-element elementor-element-5ec2f43 elementor-widget elementor-widget-text-editor\" data-id=\"5ec2f43\" data-element_type=\"widget\" data-e-type=\"widget\" data-widget_type=\"text-editor.default\">\n\t\t\t\t\t\t\t\t\t<p>Kilimanjaro FAQ<\/p>\t\t\t\t\t\t\t\t<\/div>\n\t\t\t\t\t<\/div>\n\t\t\t\t<\/div>\n\t\t<div class=\"elementor-element elementor-element-b8de6c6 e-flex e-con-boxed e-con e-parent\" data-id=\"b8de6c6\" data-element_type=\"container\" data-e-type=\"container\">\n\t\t\t\t\t<div class=\"e-con-inner\">\n\t\t\t\t<div class=\"elementor-element elementor-element-a1611b4 elementor-widget elementor-widget-html\" data-id=\"a1611b4\" data-element_type=\"widget\" data-e-type=\"widget\" data-widget_type=\"html.default\">\n\t\t\t\t\t<style>\r\na{color:#222;text-decoration:none;list-style:none}@font-face{font-family:'Trajan Pro';src:url(https:\/\/kilimanjaroclimbingclub.com\/wp-content\/uploads\/2026\/02\/TrajanPro-Regular.woff2) format('woff2'),url(https:\/\/kilimanjaroclimbingclub.com\/wp-content\/uploads\/2026\/02\/TrajanPro-Regular.woff) format('woff');font-weight:400;font-style:normal;font-display:swap}.faq-wrapper{max-width:1140px;margin:0 auto;padding:40px 20px;font-family:'Segoe UI',sans-serif;background:#fff;border-radius:12px;box-shadow:0 4px 20px rgb(0 0 0 \/ .07)}.faq-title{text-align:center;font-size:32px;font-weight:600;margin-bottom:30px;color:#222;font-family:'Trajan Pro',serif}.faq-item{border-bottom:1px solid #ddd;padding:15px 0}.faq-question{cursor:pointer;font-size:18px;font-weight:500;position:relative;padding-right:25px;text-align:start;font-family:'Trajan Pro',serif;transition:color 0.3s ease;color:#010c1f}.faq-question:hover{color:#010c1f}.faq-question::after{content:\"+\";position:absolute;right:0;top:0;font-size:20px;line-height:1.2;transition:transform 0.9s ease}.faq-answer{max-height:0;overflow:hidden;font-family:poppins;font-size:14px;line-height:1.5rem;color:#555;padding-left:0;text-align:start;transition:max-height 0.5s ease,padding-top 0.9s ease}.faq-answer.open{padding:10px;margin-top:10px;max-height:300px}.faq-item.open .faq-question::after{content:\"\u2013\";transform:rotate(180deg)}@media (max-width:768px){.faq-title{font-size:24px}.faq-question{font-size:16px}.faq-answer{font-size:15px}}\r\n<\/style>\r\n\r\n<div class=\"faq-wrapper\"><h1 class=\"faq-title\">Foire aux questions<\/h1><div class=\"faq-item open\"><div class=\"faq-question\">1. \u00c0 quel point l'ascension du Kilimandjaro est-elle difficile ?<\/div><div class=\"faq-answer open translation-block\">L'ascension du Kilimandjaro est un d\u00e9fi, mais c'est une randonn\u00e9e accessible \u00e0 tous, ne n\u00e9cessitant aucune exp\u00e9rience en alpinisme.\n\nLe principal d\u00e9fi est l'altitude\u00a0; une bonne acclimatation est donc essentielle.<\/div><\/div><div class=\"faq-item\"><div class=\"faq-question\">2. Combien de jours faut-il pour gravir le Kilimandjaro ?<\/div><div class=\"faq-answer translation-block\">La plupart des itin\u00e9raires durent <strong>6 \u00e0 8 jours<\/strong> selon le parcours. Les treks plus longs augmentent\n\nles chances d'<strong>r\u00e9ussir l'acclimatation<\/strong> et d'atteindre le sommet.\n\nPour plus de d\u00e9tails, <strong>consultez notre menu principal sous <a href=\"https:\/\/kilimanjaroclimbingclub.com\/fr\/routes-maps\/\" target=\"_self\">\u00ab\u00a0Itin\u00e9raires\u00a0\u00bb<\/a><\/strong><\/div><\/div><div class=\"faq-item\"><div class=\"faq-question\">3. Ai-je besoin d'une formation sp\u00e9ciale pour gravir le Kilimandjaro ?<\/div><div class=\"faq-answer translation-block\">Aucune comp\u00e9tence technique n'est requise, mais le cardio, le renforcement musculaire et la randonn\u00e9e sont fortement recommand\u00e9s.\n\nConsultez notre menu principal sous \u00ab\u00a0Informations\u00a0\u00bb \u2192 \u00ab\u00a0Pr\u00e9paration\u00a0\u00bb<\/div><\/div><div class=\"faq-item\"><div class=\"faq-question\">4. Qu\u2019est-ce que le mal de l\u2019altitude et comment puis-je l\u2019\u00e9viter\u00a0?<\/div><div class=\"faq-answer translation-block\">Le mal d'altitude est caus\u00e9 par le manque d'oxyg\u00e8ne en haute altitude. Pour le pr\u00e9venir, nous recommandons une <strong>acclimatation progressive<\/strong>,\n\nune bonne hydratation et de suivre les conseils de votre guide.\n\nPour plus de d\u00e9tails, <strong>consultez notre menu principal sous \u00ab\u00a0Informations\u00a0\u00bb \u2192 <a href=\"https:\/\/kilimanjaroclimbingclub.com\/fr\/altitude-sickness\/\" target=\"_self\">\u00ab\u00a0Mal d'altitude\u00a0\u00bb<\/a><\/strong>.<\/div><\/div><div class=\"faq-item\"><div class=\"faq-question\">5. Quelle est la meilleure p\u00e9riode de l'ann\u00e9e pour gravir le Kilimandjaro ?<\/div><div class=\"faq-answer translation-block\">Les meilleurs mois sont janvier \u00e0 mars et juin \u00e0 octobre, car ils offrent les meilleures conditions m\u00e9t\u00e9orologiques et d'escalade.\n\nPour plus de d\u00e9tails, consultez notre menu principal sous \u00ab\u00a0Informations\u00a0\u00bb \u2192 \u00ab\u00a0Meilleure saison\u00a0\u00bb<\/div><\/div><div class=\"faq-item\"><div class=\"faq-question\">6. Que dois-je emporter pour l'ascension du Kilimandjaro ?<\/div><div class=\"faq-answer translation-block\">L'\u00e9quipement essentiel comprend des v\u00eatements chauds, des v\u00eatements imperm\u00e9ables, des chaussures de randonn\u00e9e robustes et des b\u00e2tons de marche.\n\nPour une liste compl\u00e8te, consultez notre menu principal sous \u00ab\u00a0Informations\u00a0\u00bb \u2192 \u00ab\u00a0Liste de mat\u00e9riel\u00a0\u00bb pour plus de d\u00e9tails.<\/div><\/div><div class=\"faq-item\"><div class=\"faq-question\">7. O\u00f9 dormirons-nous sur la montagne ?<\/div><div class=\"faq-answer translation-block\">Avec Kilimanjaro Climbing Club, vous dormirez dans de spacieuses tentes d'exp\u00e9dition de haute qualit\u00e9, \u00e9quip\u00e9es de sacs de couchage chauds, de matelas confortables et de toilettes privatives sous tente. Pour plus de d\u00e9tails,\n\nconsultez notre menu principal sous \u00ab\u00a0Informations\u00a0\u00bb \u2192 \u00ab\u00a0Infrastructures du camp\u00a0\u00bb et \u00ab\u00a0Installations de couchage\u00a0\u00bb et \u00ab\u00a0Toilettes privatives sous tente\u00a0\u00bb.<\/div><\/div><div class=\"faq-item\"><div class=\"faq-question\">8. Quel type de nourriture est propos\u00e9 ?<\/div><div class=\"faq-answer translation-block\">Nous proposons des <strong>repas nutritifs pr\u00e9par\u00e9s par un chef<\/strong>, con\u00e7us pour vous maintenir <strong>en forme et en pleine forme<\/strong> tout au long de l'ascension. Nous pouvons prendre en compte les r\u00e9gimes alimentaires particuliers.\n\nPour plus de d\u00e9tails, <strong>consultez notre menu principal dans la section \u00ab\u00a0Informations\u00a0\u00bb \u2192 <a href=\"https:\/\/kilimanjaroclimbingclub.com\/fr\/food\/\" target=\"_self\">\u00ab\u00a0Repas\u00a0\u00bb<\/a><\/strong>.<\/div><\/div><div class=\"faq-item\"><div class=\"faq-question\">9. Comment aller aux toilettes sur le Kilimandjaro ?<\/div><div class=\"faq-answer\">We provide private, eco-friendly, portable flush toilets to ensure your comfort and hygiene \u2014 no need to use public mountain facilities. In addition, each day, in the morning and afternoon, you will receive a bowl of hot water with soap to wash yourself. For more details, please check our main menu under \"Information\" \u2192 <a href=\"https:\/\/kilimanjaroclimbingclub.com\/fr\/private-toilet-tents-on-kilimanjaro\/\" >Private Toilet and Tents<\/a>.<\/div><\/div><div class=\"faq-item\"><div class=\"faq-question\">10. Ai-je besoin d'une assurance voyage ?<\/div><div class=\"faq-answer translation-block\">Oui, une assurance voyage est recommand\u00e9e. Elle devrait couvrir les treks en haute altitude, les annulations de voyage et les \u00e9vacuations m\u00e9dicales.<\/div><\/div><div class=\"faq-item\"><div class=\"faq-question\">11. Ai-je besoin d'un visa pour voyager en Tanzanie ?<\/div><div class=\"faq-answer translation-block\">La plupart des voyageurs ont besoin d'un visa tanzanien, qu'ils peuvent obtenir \u00e0 leur arriv\u00e9e ou en ligne avant leur d\u00e9part.\n\nPour plus d'informations, consultez notre menu principal sous \u00ab\u00a0Informations\u00a0\u00bb \u2192 \u00ab\u00a0Passeport et visa\u00a0\u00bb.<\/div><\/div><div class=\"faq-item\"><div class=\"faq-question\">12. Que se passe-t-il si je ne peux pas continuer l\u2019ascension\u00a0?<\/div><div class=\"faq-answer translation-block\">En cas de mal aigu des montagnes ou de tout autre probl\u00e8me, nos guides sont form\u00e9s aux <strong>protocoles de s\u00e9curit\u00e9<\/strong>,\n\net nous avons un <strong>plan de secours<\/strong> pour assurer votre bien-\u00eatre.<\/div><\/div><div class=\"faq-item\"><div class=\"faq-question\">13. Quelle est la politique en mati\u00e8re de pourboires pour les guides et les porteurs ?<\/div><div class=\"faq-answer translation-block\">Les pourboires sont d'usage et tr\u00e8s appr\u00e9ci\u00e9s. Nous mettons \u00e0 votre disposition un <strong>guide des pourboires recommand\u00e9s<\/strong> pour vous aider \u00e0 vous pr\u00e9parer.<\/div><\/div><div class=\"faq-item\"><div class=\"faq-question\">14. Y a-t-il du Wi-Fi ou un service t\u00e9l\u00e9phonique sur le Kilimandjaro ?<\/div><div class=\"faq-answer translation-block\">La couverture mobile est limit\u00e9e. Ne vous attendez pas \u00e0 un service fiable.\n\nLa plupart des grimpeurs profitent de cette exp\u00e9rience pour se d\u00e9connecter et appr\u00e9cier la nature.<\/div><\/div><div class=\"faq-item\"><div class=\"faq-question\">15. Puis-je gravir le Kilimandjaro en solo, ou ai-je besoin d'un guide ?<\/div><div class=\"faq-answer translation-block\">La loi tanzanienne exige que tous les alpinistes soient accompagn\u00e9s d'un guide agr\u00e9\u00e9 et d'une \u00e9quipe d'assistance pour des raisons de s\u00e9curit\u00e9.<\/div><\/div><\/div>\r\n\r\n<script>\r\ndocument.querySelectorAll('.faq-question').forEach(question=>{question.addEventListener('click',()=>{const item=question.closest('.faq-item');const answer=item.querySelector('.faq-answer');const isOpen=item.classList.contains('open');document.querySelectorAll('.faq-item').forEach(el=>{el.classList.remove('open');el.querySelector('.faq-answer').classList.remove('open')});if(!isOpen){item.classList.add('open');answer.classList.add('open')}})})\r\n<\/script>\r\n\t\t\t\t<\/div>\n\t\t\t\t\t<\/div>\n\t\t\t\t<\/div>\n\t\t<div class=\"elementor-element elementor-element-0365dfd elementor-hidden-desktop elementor-hidden-tablet elementor-hidden-mobile e-flex e-con-boxed elementor-invisible e-con e-child\" data-id=\"0365dfd\" data-element_type=\"container\" data-e-type=\"container\" data-settings=\"{&quot;background_background&quot;:&quot;classic&quot;,&quot;animation&quot;:&quot;fadeInLeft&quot;}\">\n\t\t\t\t\t<div class=\"e-con-inner\">\n\t\t<div class=\"elementor-element elementor-element-12d2b0b e-con-full e-flex e-con e-child\" data-id=\"12d2b0b\" data-element_type=\"container\" data-e-type=\"container\">\n\t\t\t\t<div class=\"elementor-element elementor-element-915f710 elementor-view-default elementor-widget elementor-widget-icon\" data-id=\"915f710\" data-element_type=\"widget\" data-e-type=\"widget\" data-widget_type=\"icon.default\">\n\t\t\t\t\t\t\t<div class=\"elementor-icon-wrapper\">\n\t\t\t<div class=\"elementor-icon\">\n\t\t\t<svg aria-hidden=\"true\" class=\"e-font-icon-svg e-fab-whatsapp\" viewbox=\"0 0 448 512\" xmlns=\"http:\/\/www.w3.org\/2000\/svg\"><path d=\"M380.9 97.1C339 55.1 283.2 32 223.9 32c-122.4 0-222 99.6-222 222 0 39.1 10.2 77.3 29.6 111L0 480l117.7-30.9c32.4 17.7 68.9 27 106.1 27h.1c122.3 0 224.1-99.6 224.1-222 0-59.3-25.2-115-67.1-157zm-157 341.6c-33.2 0-65.7-8.9-94-25.7l-6.7-4-69.8 18.3L72 359.2l-4.4-7c-18.5-29.4-28.2-63.3-28.2-98.2 0-101.7 82.8-184.5 184.6-184.5 49.3 0 95.6 19.2 130.4 54.1 34.8 34.9 56.2 81.2 56.1 130.5 0 101.8-84.9 184.6-186.6 184.6zm101.2-138.2c-5.5-2.8-32.8-16.2-37.9-18-5.1-1.9-8.8-2.8-12.5 2.8-3.7 5.6-14.3 18-17.6 21.8-3.2 3.7-6.5 4.2-12 1.4-32.6-16.3-54-29.1-75.5-66-5.7-9.8 5.7-9.1 16.3-30.3 1.8-3.7.9-6.9-.5-9.7-1.4-2.8-12.5-30.1-17.1-41.2-4.5-10.8-9.1-9.3-12.5-9.5-3.2-.2-6.9-.2-10.6-.2-3.7 0-9.7 1.4-14.8 6.9-5.1 5.6-19.4 19-19.4 46.3 0 27.3 19.9 53.7 22.6 57.4 2.8 3.7 39.1 59.7 94.8 83.8 35.2 15.2 49 16.5 66.6 13.9 10.7-1.6 32.8-13.4 37.4-26.4 4.6-13 4.6-24.1 3.2-26.4-1.3-2.5-5-3.9-10.5-6.6z\"><\/path><\/svg>\t\t\t<\/div>\n\t\t<\/div>\n\t\t\t\t\t\t<\/div>\n\t\t\t\t<div class=\"elementor-element elementor-element-02c1590 elementor-widget elementor-widget-heading\" data-id=\"02c1590\" data-element_type=\"widget\" data-e-type=\"widget\" data-widget_type=\"heading.default\">\n\t\t\t\t\t<h2 class=\"elementor-heading-title elementor-size-default\">Num\u00e9ro WhatsApp<\/h2>\t\t\t\t<\/div>\n\t\t\t\t<\/div>\n\t\t\t\t<div class=\"elementor-element elementor-element-8d47f63 elementor-widget elementor-widget-heading\" data-id=\"8d47f63\" data-element_type=\"widget\" data-e-type=\"widget\" data-widget_type=\"heading.default\">\n\t\t\t\t\t<h5 class=\"elementor-heading-title elementor-size-default\"><a href=\"https:\/\/wa.me\/421944203228\">+421 944 425 117<\/a><\/h5>\t\t\t\t<\/div>\n\t\t\t\t\t<\/div>\n\t\t\t\t<\/div>\n\t\t\t\t<\/div>","protected":false},"excerpt":{"rendered":"<p>Kilimanjaro FAQ Kilimanjaro FAQ Frequently Asked Questions 1. How difficult is it to climb Kilimanjaro?Climbing Kilimanjaro is a challenge, but it\u2019s a non-technical trek, meaning no mountain climbing experience is required. The biggest challenge is altitude, so proper acclimatization is key.2. How many days does it take to climb Kilimanjaro?Most routes take 6\u20138 days depending &#8230; <a title=\"FAQ\" class=\"read-more\" href=\"https:\/\/kilimanjaroclimbingclub.com\/fr\/kilimanjaro-faq\/\" aria-label=\"En savoir plus sur FAQ&#8217;s\">Lire la suite<\/a><\/p>","protected":false},"author":1,"featured_media":0,"parent":0,"menu_order":0,"comment_status":"closed","ping_status":"closed","template":"elementor_header_footer","meta":{"footnotes":""},"class_list":["post-4632","page","type-page","status-publish"],"aioseo_notices":[],"_links":{"self":[{"href":"https:\/\/kilimanjaroclimbingclub.com\/fr\/wp-json\/wp\/v2\/pages\/4632","targetHints":{"allow":["GET"]}}],"collection":[{"href":"https:\/\/kilimanjaroclimbingclub.com\/fr\/wp-json\/wp\/v2\/pages"}],"about":[{"href":"https:\/\/kilimanjaroclimbingclub.com\/fr\/wp-json\/wp\/v2\/types\/page"}],"author":[{"embeddable":true,"href":"https:\/\/kilimanjaroclimbingclub.com\/fr\/wp-json\/wp\/v2\/users\/1"}],"replies":[{"embeddable":true,"href":"https:\/\/kilimanjaroclimbingclub.com\/fr\/wp-json\/wp\/v2\/comments?post=4632"}],"version-history":[{"count":0,"href":"https:\/\/kilimanjaroclimbingclub.com\/fr\/wp-json\/wp\/v2\/pages\/4632\/revisions"}],"wp:attachment":[{"href":"https:\/\/kilimanjaroclimbingclub.com\/fr\/wp-json\/wp\/v2\/media?parent=4632"}],"curies":[{"name":"wp","href":"https:\/\/api.w.org\/{rel}","templated":true}]}}