{"id":4752,"date":"2025-05-26T13:59:31","date_gmt":"2025-05-26T13:59:31","guid":{"rendered":"https:\/\/kilimanjaroclimbingclub.com\/?page_id=4752"},"modified":"2026-02-14T15:35:13","modified_gmt":"2026-02-14T14:35:13","slug":"why-choose-kilimanjaro-climbing-club","status":"publish","type":"page","link":"https:\/\/kilimanjaroclimbingclub.com\/de\/why-choose-kilimanjaro-climbing-club\/","title":{"rendered":"Warum uns w\u00e4hlen?"},"content":{"rendered":"<div data-elementor-type=\"wp-page\" data-elementor-id=\"4752\" class=\"elementor elementor-4752\" data-elementor-post-type=\"page\">\n\t\t\t\t<div class=\"elementor-element elementor-element-a6308b2 e-flex e-con-boxed e-con e-parent\" data-id=\"a6308b2\" data-element_type=\"container\" data-e-type=\"container\">\n\t\t\t\t\t<div class=\"e-con-inner\">\n\t\t\t\t<div class=\"elementor-element elementor-element-c1d3007 elementor-hidden-desktop elementor-hidden-tablet elementor-hidden-mobile elementor-widget elementor-widget-text-editor\" data-id=\"c1d3007\" data-element_type=\"widget\" data-e-type=\"widget\" data-widget_type=\"text-editor.default\">\n\t\t\t\t\t\t\t\t\t<p>Warum den Kilimanjaro Climbing Club w\u00e4hlen?<\/p>\t\t\t\t\t\t\t\t<\/div>\n\t\t\t\t<div class=\"elementor-element elementor-element-1606d80 elementor-align-left elementor-hidden-desktop elementor-hidden-tablet elementor-hidden-mobile elementor-widget elementor-widget-button\" data-id=\"1606d80\" data-element_type=\"widget\" data-e-type=\"widget\" data-widget_type=\"button.default\">\n\t\t\t\t\t\t\t\t\t\t<a class=\"elementor-button elementor-size-sm\" role=\"button\">\n\t\t\t\t\t\t<span class=\"elementor-button-content-wrapper\">\n\t\t\t\t\t\t\t\t\t<span class=\"elementor-button-text\">Kontaktieren Sie uns<\/span>\n\t\t\t\t\t<\/span>\n\t\t\t\t\t<\/a>\n\t\t\t\t\t\t\t\t<\/div>\n\t\t\t\t\t<\/div>\n\t\t\t\t<\/div>\n\t\t<div class=\"elementor-element elementor-element-5c92545 e-con-full e-flex e-con e-parent\" data-id=\"5c92545\" data-element_type=\"container\" data-e-type=\"container\" data-settings=\"{&quot;background_background&quot;:&quot;classic&quot;}\">\n\t\t\t\t<div class=\"elementor-element elementor-element-c2b0889 elementor-invisible elementor-widget elementor-widget-html\" data-id=\"c2b0889\" data-element_type=\"widget\" data-e-type=\"widget\" data-settings=\"{&quot;_animation&quot;:&quot;slideInDown&quot;}\" data-widget_type=\"html.default\">\n\t\t\t\t\t<style>body{font-family:'Trajan Pro','Segoe UI',system-ui,-apple-system,BlinkMacSystemFont,sans-serif;background-color:#fff;margin:0;padding:0;text-rendering:optimizeLegibility}.kili-intro-section{background:#f5f7fa;padding:80px 20px;text-align:center;animation:fadeInUp 1s ease forwards}.kili-intro-section .container{max-width:1100px;margin:0 auto}.intro-text{font-size:20px;line-height:1.8;color:#222;margin-bottom:40px;font-family:poppins}.highlight-quote{font-style:italic;font-size:22px;line-height:1.7;color:#333;background:#fff;border-left:5px solid #010c1f;padding:20px 25px;margin:30px 0;box-shadow:0 4px 20px rgb(0 0 0 \/ .05);animation:fadeInLeft 1s ease forwards}.section-subtitle{font-size:24px;font-weight:700;color:#040c1f;text-transform:uppercase;display:inline-block;border-bottom:3px solid #bdac1f;padding-bottom:6px;margin-top:40px;animation:fadeInDown 1s ease forwards}@keyframes fadeInUp{0%{transform:translateY(40px);opacity:0}100%{transform:translateY(0);opacity:1}}@keyframes fadeInLeft{0%{transform:translateX(-40px);opacity:0}100%{transform:translateX(0);opacity:1}}@keyframes fadeInDown{0%{transform:translateY(-40px);opacity:0}100%{transform:translateY(0);opacity:1}}@media (max-width:768px){.intro-text,.highlight-quote,.section-subtitle{font-size:18px}.highlight-quote{padding:15px 20px}.section-subtitle{font-size:20px}}<\/style>\r\n<section class=\"kili-intro-section\"><div class=\"container\"><p class=\"intro-text\">Climbing Mount Kilimanjaro is a once-in-a-lifetime adventure, and choosing the right trekking company makes all the difference. At Kilimanjaro Climbing Club, we go beyond just getting you to the summit\u2014we ensure a safe, rewarding, and unforgettable experience.<blockquote class=\"highlight-quote\">\u201cWith over two decades of experience, we\u2019re a proud Tanzanian company handling every aspect of your trek, ensuring a personalized and seamless Kilimanjaro adventure.\u201d<\/blockquote><\/div><\/section>\r\n\t\t\t\t<\/div>\n\t\t\t\t<\/div>\n\t\t<div class=\"elementor-element elementor-element-ca64ac3 e-flex e-con-boxed elementor-invisible e-con e-parent\" data-id=\"ca64ac3\" data-element_type=\"container\" data-e-type=\"container\" data-settings=\"{&quot;animation&quot;:&quot;fadeInUp&quot;,&quot;animation_delay&quot;:200}\">\n\t\t\t\t\t<div class=\"e-con-inner\">\n\t\t\t\t<div class=\"elementor-element elementor-element-4e2a173 elementor-widget elementor-widget-html\" data-id=\"4e2a173\" data-element_type=\"widget\" data-e-type=\"widget\" data-widget_type=\"html.default\">\n\t\t\t\t\t<style>body{background-color:#eef2f7;font-family:'Trajan Pro','Segoe UI',system-ui,-apple-system,BlinkMacSystemFont,sans-serif;margin:0;color:#040c1f;text-rendering:optimizeLegibility}.cards-container{display:grid;grid-template-columns:1fr;gap:1.5rem;max-width:1000px;margin:auto}.card{background:#fff;border-radius:15px;box-shadow:0 10px 25px rgb(0 0 0 \/ .08);overflow:hidden;transition:transform 0.3s ease,box-shadow 0.3s ease;cursor:pointer}.card:hover{transform:translateY(-5px);box-shadow:0 12px 30px rgb(0 0 0 \/ .15)}.card-header{padding:1.5rem;background:#040c1f;color:#fff;font-size:22px}.card-content{max-height:0;overflow:hidden;padding:0 1.5rem;font-family:'Poppins',sans-serif;font-size:16px;transition:max-height 0.5s ease,padding 0.3s ease;opacity:0}.card.active .card-content{max-height:1000px;padding:1.5rem;opacity:1}@media (hover:hover) and (pointer:fine){.card:hover .card-content{max-height:1000px;padding:1.5rem;opacity:1}.card-content{pointer-events:none}.card{cursor:default}}<\/style>\r\n<div class=\"cards-container\"><h1 style=\"text-align:center\">Warum den Kilimanjaro Climbing Club w\u00e4hlen?<\/h1><div class=\"card\"><div class=\"card-header\">98% Gipfelerfolgsquote<\/div><div class=\"card-content\"><p>Unsere erfahrenen, zertifizierten Bergf\u00fchrer haben unz\u00e4hligen Bergsteigern geholfen, den Uhuru Peak (5.895 Meter) sicher zu erreichen, und dabei eine Gipfelerfolgsquote von 98 % erzielt.<br><br>Wir setzen auf bew\u00e4hrte Akklimatisierungsstrategien, f\u00fchren t\u00e4gliche Gesundheitschecks durch und halten strenge Sicherheitsprotokolle ein, um Ihnen die besten Chancen zu geben, den Gipfel zu erreichen.<br><br>Alle Bergf\u00fchrer des Kilimanjaro Climbing Club sind Wilderness First Responder (WFR)-zertifiziert \u2013 der h\u00f6chste Standard am Berg \u2013 und sind umfassend im Umgang mit Sauerstoffsystemen, Pulsoximetern und Notfallausr\u00fcstung geschult, um Ihre Sicherheit bei jedem Schritt zu gew\u00e4hrleisten.<\/div><\/div><div class=\"card\"><div class=\"card-header\">Sicherheit geht vor \u2013 Ihr Wohlbefinden ist unsere Priorit\u00e4t.<\/div><div class=\"card-content\"><p>Ihre Sicherheit steht im Mittelpunkt all unserer Aktivit\u00e4ten.<br><br>Unsere erfahrenen, h\u00f6henerfahrenen Bergf\u00fchrer \u00fcberwachen t\u00e4glich Ihren Gesundheitszustand, setzen bei Bedarf Sauerstoff im Notfall ein und befolgen sorgf\u00e4ltig geplante Akklimatisierungsprogramme. Mit dem Kilimanjaro Climbing Club k\u00f6nnen Sie beruhigt aufsteigen, denn Sie sind vom Start bis zum Gipfel in den besten H\u00e4nden.<\/div><\/div><div class=\"card\"><div class=\"card-header\">Zertifizierte Guides<\/div><div class=\"card-content\"><p>Unsere Guides sind nicht nur erfahren \u2013 sie sind zertifizierte Bergprofis.<br><br>Jedes Teammitglied ist in H\u00f6henmedizin ausgebildet und besitzt die Zertifizierung zum Wilderness First Responder (WFR), der h\u00f6chsten Stufe der medizinischen Notfallausbildung am Berg. Dank ihres Fachwissens und ihrer kontinuierlichen Unterst\u00fctzung sind Sie w\u00e4hrend Ihrer gesamten Besteigung bestens versorgt.<\/div><\/div><div class=\"card\"><div class=\"card-header\">Ethische Behandlung von Gep\u00e4cktr\u00e4gern<\/div><div class=\"card-content\"><p>Wir glauben an verantwortungsvolles Bergsteigen \u2013 angefangen bei den Menschen, die Ihre Reise erst m\u00f6glich machen.<br><br>Wir sind stolz darauf, mit KPAP (Kilimanjaro Porters Assistance Project) zusammenzuarbeiten, um faire L\u00f6hne, angemessene Ausr\u00fcstung und respektvolle Behandlung f\u00fcr jeden Tr\u00e4ger zu gew\u00e4hrleisten. Durch die Unterst\u00fctzung ethischer Trekkingpraktiken tr\u00e4gt der Kilimanjaro Climbing Club zur St\u00e4rkung der lokalen Gemeinschaften und zum Schutz der Zukunft des Berges bei.<\/div><\/div><div class=\"card\"><div class=\"card-header\">Premium-Camping &amp; k\u00f6stliche Mahlzeiten<\/div><div class=\"card-content\"><p>Erholen und tanken Sie neue Energie in komfortabler Atmosph\u00e4re auf jedem Campingplatz.<br><br>Wir bieten hochwertige Vier-Jahreszeiten-Zelte, dicke Isomatten und gem\u00fctliche Schlafgelegenheiten, die auf W\u00e4rme und Erholung ausgelegt sind.<br><br>Unser Bergkoch bereitet t\u00e4glich frische, nahrhafte Mahlzeiten zu, um Ihren K\u00f6rper mit Energie zu versorgen und Ihre Leistungsf\u00e4higkeit auf dem Trail aufrechtzuerhalten.<\/div><\/div><div class=\"card\"><div class=\"card-header\">Transparente Preise &amp; problemlose Buchung<\/div><div class=\"card-content\"><p>Sie zahlen nur den angezeigten Preis \u2013 garantiert keine versteckten Geb\u00fchren.<br><br>Unser All-inclusive-Preis beinhaltet alles, was Sie f\u00fcr eine erfolgreiche Klettertour ben\u00f6tigen.<br><br>Profitieren Sie von unserem Kundenservice rund um die Uhr und einem einfachen, sicheren Buchungsprozess, der die Planung Ihres Abenteuers stressfrei gestaltet.Skorzystaj z ca\u0142odobowej obs\u0142ugi klienta i prostego, bezpiecznego procesu rezerwacji, dzi\u0119ki kt\u00f3remu planowanie Twojej przygody b\u0119dzie bezstresowe.<\/div><\/div><div class=\"card\"><div class=\"card-header\">G\u00fcnstige Stornierungsbedingungen<\/div><div class=\"card-content\"><p>Wir verstehen, dass sich Pl\u00e4ne \u00e4ndern k\u00f6nnen.<br><br>Unsere Stornierungsbedingungen sind flexibel und fair; die R\u00fcckerstattung wird je nach Zeitpunkt Ihrer Stornierung angepasst.<br><br>Wir m\u00f6chten Ihnen von dem Moment Ihrer Buchung an ein beruhigendes Gef\u00fchl der Sicherheit geben.<br><br>F\u00fcr alle Einzelheiten lesen Sie bitte unsere Allgemeinen Gesch\u00e4ftsbedingungen.<\/div><\/div><\/div>\r\n<script>if('ontouchstart' in window||navigator.maxTouchPoints>0){document.querySelectorAll('.card').forEach(card=>{card.addEventListener('click',()=>{card.classList.toggle('active')})})}<\/script>\r\n\r\n\t\t\t\t<\/div>\n\t\t\t\t\t<\/div>\n\t\t\t\t<\/div>\n\t\t<div class=\"elementor-element elementor-element-5177417 e-con-full e-flex e-con e-parent\" data-id=\"5177417\" data-element_type=\"container\" data-e-type=\"container\" data-settings=\"{&quot;background_background&quot;:&quot;classic&quot;}\">\n\t\t\t\t<div class=\"elementor-element elementor-element-8d8de9b elementor-widget elementor-widget-image\" data-id=\"8d8de9b\" data-element_type=\"widget\" data-e-type=\"widget\" data-widget_type=\"image.default\">\n\t\t\t\t\t\t\t\t\t\t\t\t\t\t\t<img fetchpriority=\"high\" decoding=\"async\" width=\"1024\" height=\"426\" src=\"https:\/\/kilimanjaroclimbingclub.com\/wp-content\/uploads\/2026\/01\/k2-tanzania-kilimanjaro-1568x653-1-1024x426.webp\" class=\"attachment-large size-large wp-image-11896\" alt=\"Kilimanjaro Climbing Club Why Choose Kilimanjaro Climbing Club | KILIMINJARO CLIMBING CLUB\" srcset=\"https:\/\/kilimanjaroclimbingclub.com\/wp-content\/uploads\/2026\/01\/k2-tanzania-kilimanjaro-1568x653-1-1024x426.webp 1024w, https:\/\/kilimanjaroclimbingclub.com\/wp-content\/uploads\/2026\/01\/k2-tanzania-kilimanjaro-1568x653-1-300x125.webp 300w, https:\/\/kilimanjaroclimbingclub.com\/wp-content\/uploads\/2026\/01\/k2-tanzania-kilimanjaro-1568x653-1-768x320.webp 768w, https:\/\/kilimanjaroclimbingclub.com\/wp-content\/uploads\/2026\/01\/k2-tanzania-kilimanjaro-1568x653-1-1536x640.webp 1536w, https:\/\/kilimanjaroclimbingclub.com\/wp-content\/uploads\/2026\/01\/k2-tanzania-kilimanjaro-1568x653-1-18x7.webp 18w, https:\/\/kilimanjaroclimbingclub.com\/wp-content\/uploads\/2026\/01\/k2-tanzania-kilimanjaro-1568x653-1.webp 1568w\" sizes=\"(max-width: 1024px) 100vw, 1024px\" title=\"k2tanzaniakilimanjaro1568x6531 | KILIMINJARO CLIMBING CLUB\" \/>\t\t\t\t\t\t\t\t\t\t\t\t\t\t\t<\/div>\n\t\t\t\t<\/div>\n\t\t<div class=\"elementor-element elementor-element-652f597 elementor-hidden-desktop elementor-hidden-tablet elementor-hidden-mobile e-flex e-con-boxed e-con e-parent\" data-id=\"652f597\" data-element_type=\"container\" data-e-type=\"container\">\n\t\t\t\t\t<div class=\"e-con-inner\">\n\t\t\t\t<div class=\"elementor-element elementor-element-9ef938e elementor-widget elementor-widget-text-editor\" data-id=\"9ef938e\" data-element_type=\"widget\" data-e-type=\"widget\" data-widget_type=\"text-editor.default\">\n\t\t\t\t\t\t\t\t\t<p>Warum den Kilimanjaro Climbing Club w\u00e4hlen?<br \/>Warum den Kilimanjaro Climbing Club w\u00e4hlen?<br \/>Warum den Kilimanjaro Climbing Club w\u00e4hlen?<\/p>\t\t\t\t\t\t\t\t<\/div>\n\t\t\t\t\t<\/div>\n\t\t\t\t<\/div>\n\t\t<div class=\"elementor-element elementor-element-9ba1006 elementor-hidden-desktop elementor-hidden-tablet elementor-hidden-mobile e-flex e-con-boxed elementor-invisible e-con e-child\" data-id=\"9ba1006\" data-element_type=\"container\" data-e-type=\"container\" data-settings=\"{&quot;background_background&quot;:&quot;classic&quot;,&quot;animation&quot;:&quot;fadeInLeft&quot;}\">\n\t\t\t\t\t<div class=\"e-con-inner\">\n\t\t<div class=\"elementor-element elementor-element-f3ff3aa e-con-full e-flex e-con e-child\" data-id=\"f3ff3aa\" data-element_type=\"container\" data-e-type=\"container\">\n\t\t\t\t<div class=\"elementor-element elementor-element-f2f6853 elementor-view-default elementor-widget elementor-widget-icon\" data-id=\"f2f6853\" data-element_type=\"widget\" data-e-type=\"widget\" data-widget_type=\"icon.default\">\n\t\t\t\t\t\t\t<div class=\"elementor-icon-wrapper\">\n\t\t\t<div class=\"elementor-icon\">\n\t\t\t<svg aria-hidden=\"true\" class=\"e-font-icon-svg e-fab-whatsapp\" viewbox=\"0 0 448 512\" xmlns=\"http:\/\/www.w3.org\/2000\/svg\"><path d=\"M380.9 97.1C339 55.1 283.2 32 223.9 32c-122.4 0-222 99.6-222 222 0 39.1 10.2 77.3 29.6 111L0 480l117.7-30.9c32.4 17.7 68.9 27 106.1 27h.1c122.3 0 224.1-99.6 224.1-222 0-59.3-25.2-115-67.1-157zm-157 341.6c-33.2 0-65.7-8.9-94-25.7l-6.7-4-69.8 18.3L72 359.2l-4.4-7c-18.5-29.4-28.2-63.3-28.2-98.2 0-101.7 82.8-184.5 184.6-184.5 49.3 0 95.6 19.2 130.4 54.1 34.8 34.9 56.2 81.2 56.1 130.5 0 101.8-84.9 184.6-186.6 184.6zm101.2-138.2c-5.5-2.8-32.8-16.2-37.9-18-5.1-1.9-8.8-2.8-12.5 2.8-3.7 5.6-14.3 18-17.6 21.8-3.2 3.7-6.5 4.2-12 1.4-32.6-16.3-54-29.1-75.5-66-5.7-9.8 5.7-9.1 16.3-30.3 1.8-3.7.9-6.9-.5-9.7-1.4-2.8-12.5-30.1-17.1-41.2-4.5-10.8-9.1-9.3-12.5-9.5-3.2-.2-6.9-.2-10.6-.2-3.7 0-9.7 1.4-14.8 6.9-5.1 5.6-19.4 19-19.4 46.3 0 27.3 19.9 53.7 22.6 57.4 2.8 3.7 39.1 59.7 94.8 83.8 35.2 15.2 49 16.5 66.6 13.9 10.7-1.6 32.8-13.4 37.4-26.4 4.6-13 4.6-24.1 3.2-26.4-1.3-2.5-5-3.9-10.5-6.6z\"><\/path><\/svg>\t\t\t<\/div>\n\t\t<\/div>\n\t\t\t\t\t\t<\/div>\n\t\t\t\t<div class=\"elementor-element elementor-element-a0f7454 elementor-widget elementor-widget-heading\" data-id=\"a0f7454\" data-element_type=\"widget\" data-e-type=\"widget\" data-widget_type=\"heading.default\">\n\t\t\t\t\t<h2 class=\"elementor-heading-title elementor-size-default\">WhatsApp-Nummer<\/h2>\t\t\t\t<\/div>\n\t\t\t\t<\/div>\n\t\t\t\t<div class=\"elementor-element elementor-element-a3c1e7e elementor-widget elementor-widget-heading\" data-id=\"a3c1e7e\" data-element_type=\"widget\" data-e-type=\"widget\" data-widget_type=\"heading.default\">\n\t\t\t\t\t<h5 class=\"elementor-heading-title elementor-size-default\"><a href=\"https:\/\/wa.me\/421944203228\">+421 944 425 117<\/a><\/h5>\t\t\t\t<\/div>\n\t\t\t\t\t<\/div>\n\t\t\t\t<\/div>\n\t\t\t\t<\/div>","protected":false},"excerpt":{"rendered":"<p>Why Choose Kilimanjaro Climbing Club Contact Us Climbing Mount Kilimanjaro is a once-in-a-lifetime adventure, and choosing the right trekking company makes all the difference. At Kilimanjaro Climbing Club, we go beyond just getting you to the summit\u2014we ensure a safe, rewarding, and unforgettable experience. \u201cWith over two decades of experience, we\u2019re a proud Tanzanian company &#8230; <a title=\"Warum uns w\u00e4hlen?\" class=\"read-more\" href=\"https:\/\/kilimanjaroclimbingclub.com\/de\/why-choose-kilimanjaro-climbing-club\/\" aria-label=\"Mehr Informationen \u00fcber Why Choose Us?\">Weiterlesen<\/a><\/p>","protected":false},"author":1,"featured_media":0,"parent":0,"menu_order":0,"comment_status":"closed","ping_status":"closed","template":"elementor_header_footer","meta":{"footnotes":""},"class_list":["post-4752","page","type-page","status-publish"],"aioseo_notices":[],"_links":{"self":[{"href":"https:\/\/kilimanjaroclimbingclub.com\/de\/wp-json\/wp\/v2\/pages\/4752","targetHints":{"allow":["GET"]}}],"collection":[{"href":"https:\/\/kilimanjaroclimbingclub.com\/de\/wp-json\/wp\/v2\/pages"}],"about":[{"href":"https:\/\/kilimanjaroclimbingclub.com\/de\/wp-json\/wp\/v2\/types\/page"}],"author":[{"embeddable":true,"href":"https:\/\/kilimanjaroclimbingclub.com\/de\/wp-json\/wp\/v2\/users\/1"}],"replies":[{"embeddable":true,"href":"https:\/\/kilimanjaroclimbingclub.com\/de\/wp-json\/wp\/v2\/comments?post=4752"}],"version-history":[{"count":0,"href":"https:\/\/kilimanjaroclimbingclub.com\/de\/wp-json\/wp\/v2\/pages\/4752\/revisions"}],"wp:attachment":[{"href":"https:\/\/kilimanjaroclimbingclub.com\/de\/wp-json\/wp\/v2\/media?parent=4752"}],"curies":[{"name":"wp","href":"https:\/\/api.w.org\/{rel}","templated":true}]}}