{"id":4681,"date":"2025-05-25T15:08:34","date_gmt":"2025-05-25T15:08:34","guid":{"rendered":"https:\/\/kilimanjaroclimbingclub.com\/?page_id=4681"},"modified":"2026-02-14T14:43:38","modified_gmt":"2026-02-14T13:43:38","slug":"where-do-you-sleep-on-kilimanjaro","status":"publish","type":"page","link":"https:\/\/kilimanjaroclimbingclub.com\/de\/where-do-you-sleep-on-kilimanjaro\/","title":{"rendered":"Schlaf-Setup"},"content":{"rendered":"<div data-elementor-type=\"wp-page\" data-elementor-id=\"4681\" class=\"elementor elementor-4681\" data-elementor-post-type=\"page\">\n\t\t\t\t<div class=\"elementor-element elementor-element-77cda37 e-flex e-con-boxed e-con e-parent\" data-id=\"77cda37\" data-element_type=\"container\" data-e-type=\"container\" data-settings=\"{&quot;background_background&quot;:&quot;classic&quot;}\">\n\t\t\t\t\t<div class=\"e-con-inner\">\n\t\t<div class=\"elementor-element elementor-element-63bb583 e-con-full e-flex elementor-invisible e-con e-child\" data-id=\"63bb583\" data-element_type=\"container\" data-e-type=\"container\" data-settings=\"{&quot;background_background&quot;:&quot;classic&quot;,&quot;animation&quot;:&quot;fadeInLeft&quot;}\">\n\t\t\t\t<div class=\"elementor-element elementor-element-3f129a1 elementor-widget elementor-widget-image\" data-id=\"3f129a1\" data-element_type=\"widget\" data-e-type=\"widget\" data-widget_type=\"image.default\">\n\t\t\t\t\t\t\t\t\t\t\t\t\t\t\t<img fetchpriority=\"high\" decoding=\"async\" width=\"540\" height=\"540\" src=\"https:\/\/kilimanjaroclimbingclub.com\/wp-content\/uploads\/2025\/06\/kili4.webp\" class=\"attachment-large size-large wp-image-6592\" alt=\"Kilimanjaro Climbing Club Kilimanjaro Sleeping Setup Where do you sleep on Kilimanjaro | KILIMINJARO CLIMBING CLUB\" srcset=\"https:\/\/kilimanjaroclimbingclub.com\/wp-content\/uploads\/2025\/06\/kili4.webp 540w, https:\/\/kilimanjaroclimbingclub.com\/wp-content\/uploads\/2025\/06\/kili4-300x300.webp 300w, https:\/\/kilimanjaroclimbingclub.com\/wp-content\/uploads\/2025\/06\/kili4-150x150.webp 150w\" sizes=\"(max-width: 540px) 100vw, 540px\" title=\"kili4 | KILIMINJARO CLIMBING CLUB\" \/>\t\t\t\t\t\t\t\t\t\t\t\t\t\t\t<\/div>\n\t\t\t\t<\/div>\n\t\t<div class=\"elementor-element elementor-element-b294550 e-con-full e-flex elementor-invisible e-con e-child\" data-id=\"b294550\" data-element_type=\"container\" data-e-type=\"container\" data-settings=\"{&quot;animation&quot;:&quot;fadeInRight&quot;}\">\n\t\t\t\t<div class=\"elementor-element elementor-element-2c4c3b9 elementor-hidden-desktop elementor-hidden-tablet elementor-hidden-mobile elementor-invisible elementor-widget elementor-widget-text-editor\" data-id=\"2c4c3b9\" data-element_type=\"widget\" data-e-type=\"widget\" data-settings=\"{&quot;_animation&quot;:&quot;fadeInUp&quot;,&quot;_animation_delay&quot;:200}\" data-widget_type=\"text-editor.default\">\n\t\t\t\t\t\t\t\t\t<p>Learn where do you sleep on Kilimanjaro, including quality tents, warm sleeping bags, insulated mats, and comfortable camp setups for restful nights.<\/p><p>Kilimanjaro Sleeping Setup<br \/>Where do you sleep on Kilimanjaro<\/p>\t\t\t\t\t\t\t\t<\/div>\n\t\t\t\t<div class=\"elementor-element elementor-element-5073792 elementor-invisible elementor-widget elementor-widget-heading\" data-id=\"5073792\" data-element_type=\"widget\" data-e-type=\"widget\" data-settings=\"{&quot;_animation&quot;:&quot;fadeInDown&quot;,&quot;_animation_delay&quot;:100}\" data-widget_type=\"heading.default\">\n\t\t\t\t\t<h1 class=\"elementor-heading-title elementor-size-default\">Schlaf-Setup <\/h1>\t\t\t\t<\/div>\n\t\t\t\t<div class=\"elementor-element elementor-element-de51f23 elementor-hidden-desktop elementor-hidden-tablet elementor-hidden-mobile elementor-widget elementor-widget-text-editor\" data-id=\"de51f23\" data-element_type=\"widget\" data-e-type=\"widget\" data-widget_type=\"text-editor.default\">\n\t\t\t\t\t\t\t\t\t<p>Learn where do you sleep on Kilimanjaro, including quality tents, warm sleeping bags, insulated mats, and comfortable camp setups for restful nights.<\/p>\t\t\t\t\t\t\t\t<\/div>\n\t\t\t\t<div class=\"elementor-element elementor-element-30d93d7 elementor-invisible elementor-widget elementor-widget-text-editor\" data-id=\"30d93d7\" data-element_type=\"widget\" data-e-type=\"widget\" data-settings=\"{&quot;_animation&quot;:&quot;fadeInUp&quot;,&quot;_animation_delay&quot;:200}\" data-widget_type=\"text-editor.default\">\n\t\t\t\t\t\t\t\t\t<p class=\"translation-block\">Ruhe ist der Schl\u00fcssel zum erfolgreichen Gipfelerfolg, und das wissen wir vom Kilimanjaro Climbing Club. Bei einer erfolgreichen Kilimandscharo-Besteigung geht es nicht nur um Ausdauer, sondern auch um Ruhe, Erholung und Regeneration am Ende jedes Trekkingtages. Deshalb ist die richtige Unterkunft genauso wichtig wie die Reise selbst.<\/p><p class=\"translation-block\">Mit dem Kilimanjaro Climbing Club schlafen Sie nicht in Standard-Trekkingzelten und verwenden keine einfache Ausr\u00fcstung. Stattdessen wurde jedes Detail Ihrer Schlafausr\u00fcstung sorgf\u00e4ltig ausgew\u00e4hlt, um Ihnen optimale W\u00e4rme, Stabilit\u00e4t und Komfort zu bieten \u2013 damit Sie sich vor jedem Abenteuer des Tages richtig ausruhen und erholen k\u00f6nnen. Unsere gesamte Premium-Schlafausr\u00fcstung wird exklusiv bei uns vermietet, was h\u00f6chste Qualit\u00e4t garantiert. style=\"font-style: inherit;\"&gt;und Hygiene<\/span><\/b><span style=\"font-weight: inherit;font-style: inherit\">.\u00a0 <\/span><span style=\"font-style: inherit;font-weight: inherit\"><br><\/span><\/p><p><span style=\"font-style: inherit; font-weight: inherit;\">\u00a0<\/span><span style=\"font-style: inherit;\"><b>WAS SIE F\u00dcR EINEN PERFEKTEN SCHLAF BEKOMMEN<\/b><\/span><\/p><p class=\"translation-block\"><img data-lazyloaded=\"1\" src=\"https:\/\/s.w.org\/images\/core\/emoji\/15.1.0\/svg\/2714.svg\" loading=\"lazy\" class=\"emoji entered litespeed-loaded\" role=\"img\" data-src=\"https:\/\/s.w.org\/images\/core\/emoji\/15.1.0\/svg\/2714.svg\" alt=\"\u2714\" width=\"20\" height=\"20\" data-ll-status=\"loaded\"><b> ZELTE <\/b>\u2013 <b>Ger\u00e4umige, hochwertige Expeditionszelte<\/b>, die <b>vollst\u00e4ndigen Schutz vor den Elementen<\/b> bieten und Sie warm und trocken halten.<\/p><p class=\"translation-block\"><img data-lazyloaded=\"1\" src=\"https:\/\/s.w.org\/images\/core\/emoji\/15.1.0\/svg\/2714.svg\" loading=\"lazy\" class=\"emoji entered litespeed-loaded\" role=\"img\" data-src=\"https:\/\/s.w.org\/images\/core\/emoji\/15.1.0\/svg\/2714.svg\" alt=\"\u2714\" width=\"20\" height=\"20\" data-ll-status=\"loaded\"><b> MATRATZE <\/b> \u2013 Eine <b>dicke, st\u00fctzende Matratze<\/b>, die <b>hervorragenden Komfort und optimale W\u00e4rmeisolation<\/b> bietet. Wachen Sie erfrischt und bereit f\u00fcr den Aufstieg auf.<\/p><p class=\"translation-block\"><img data-lazyloaded=\"1\" src=\"https:\/\/s.w.org\/images\/core\/emoji\/15.1.0\/svg\/2714.svg\" loading=\"lazy\" class=\"emoji entered litespeed-loaded\" role=\"img\" data-src=\"https:\/\/s.w.org\/images\/core\/emoji\/15.1.0\/svg\/2714.svg\" alt=\"\u2714\" width=\"20\" height=\"20\" data-ll-status=\"loaded\"> <strong>Schlafs\u00e4cke zu vermieten \u2013 hochwertige Vier-Jahreszeiten-Schlafs\u00e4cke<\/strong>, geeignet f\u00fcr Temperaturen unter Null Grad. Sie k\u00f6nnen nat\u00fcrlich auch Ihren eigenen Schlafsack mitbringen, dieser muss jedoch f\u00fcr extreme Bedingungen geeignet sein.<\/p><h5><img decoding=\"async\" class=\"emoji\" role=\"img\" draggable=\"false\" src=\"https:\/\/s.w.org\/images\/core\/emoji\/16.0.1\/svg\/1f4a1.svg\" alt=\"\ud83d\udca1\" width=\"24\" height=\"24\" \/> <strong data-start=\"173\" data-end=\"207\">Profi-Tipp: \u00dcbernachten Sie auf dem Kilimandscharo<\/strong><\/h5><p><img loading=\"lazy\" decoding=\"async\" class=\"emoji\" role=\"img\" draggable=\"false\" src=\"https:\/\/s.w.org\/images\/core\/emoji\/16.0.1\/svg\/1f525.svg\" alt=\"\ud83d\udd25\" width=\"20\" height=\"20\" \/> <b>Bringen Sie ausreichend W\u00e4rmepackungen (Hand- und Fu\u00dfw\u00e4rmer) mit. <\/b>\u2014 Sie sind in eiskalten N\u00e4chten lebensrettend.<br data-start=\"306\" data-end=\"309\" \/><img loading=\"lazy\" decoding=\"async\" class=\"emoji\" role=\"img\" draggable=\"false\" src=\"https:\/\/s.w.org\/images\/core\/emoji\/16.0.1\/svg\/1f9e6.svg\" alt=\"\ud83e\udde6\" width=\"20\" height=\"20\" \/> <b>Packen Sie Thermosocken nur zum Schlafen ein. <\/b>\u2014 Trockene, warme F\u00fc\u00dfe machen den entscheidenden Unterschied.<br data-start=\"390\" data-end=\"393\" data-is-only-node=\"\" \/><img loading=\"lazy\" decoding=\"async\" class=\"emoji\" role=\"img\" draggable=\"false\" src=\"https:\/\/s.w.org\/images\/core\/emoji\/16.0.1\/svg\/1f6ab.svg\" alt=\"\ud83d\udeab\" width=\"20\" height=\"20\" \/> <b>Zieh dich im Schlafsack nicht zu warm an.<\/b>.<br data-start=\"437\" data-end=\"440\" \/><img loading=\"lazy\" decoding=\"async\" class=\"emoji\" role=\"img\" draggable=\"false\" src=\"https:\/\/s.w.org\/images\/core\/emoji\/16.0.1\/svg\/1f4a7.svg\" alt=\"\ud83d\udca7\" width=\"20\" height=\"20\" \/> <b>Verwenden Sie eine W\u00e4rmflasche f\u00fcr zus\u00e4tzliche W\u00e4rme.<\/b><br data-start=\"483\" data-end=\"486\" \/><img loading=\"lazy\" decoding=\"async\" class=\"emoji\" role=\"img\" draggable=\"false\" src=\"https:\/\/s.w.org\/images\/core\/emoji\/16.0.1\/svg\/1f32c.svg\" alt=\"\ud83c\udf2c\ufe0f\" width=\"20\" height=\"20\" \/> <b>Bel\u00fcften Sie Ihr Zelt leicht <\/b>um die Kondensation zu reduzieren.<br data-start=\"537\" data-end=\"540\" \/><img loading=\"lazy\" decoding=\"async\" class=\"emoji\" role=\"img\" draggable=\"false\" src=\"https:\/\/s.w.org\/images\/core\/emoji\/16.0.1\/svg\/1f964.svg\" alt=\"\ud83e\udd64\" width=\"20\" height=\"20\" \/> <b>Achten Sie auf ausreichende Fl\u00fcssigkeitszufuhr, aber vermeiden Sie zu viel Wasser vor dem Schlafengehen.<\/b>.<br data-start=\"594\" data-end=\"597\" \/><img loading=\"lazy\" decoding=\"async\" class=\"emoji\" role=\"img\" draggable=\"false\" src=\"https:\/\/s.w.org\/images\/core\/emoji\/16.0.1\/svg\/1f9e2.svg\" alt=\"\ud83e\udde2\" width=\"20\" height=\"20\" \/> <b>Trage beim Schlafen eine M\u00fctze.<\/b> um die K\u00f6rperw\u00e4rme zu erhalten.<br data-start=\"649\" data-end=\"652\" \/><img loading=\"lazy\" decoding=\"async\" class=\"emoji\" role=\"img\" draggable=\"false\" src=\"https:\/\/s.w.org\/images\/core\/emoji\/16.0.1\/svg\/1f455.svg\" alt=\"\ud83d\udc55\" width=\"20\" height=\"20\" \/> <b>Bewahre die Kleidung f\u00fcr morgen in deinem Schlafsack auf. <\/b>um sie vorzuw\u00e4rmen.<\/p>\t\t\t\t\t\t\t\t<\/div>\n\t\t\t\t<div class=\"elementor-element elementor-element-1b128f3 elementor-align-left elementor-widget elementor-widget-button\" data-id=\"1b128f3\" data-element_type=\"widget\" data-e-type=\"widget\" data-widget_type=\"button.default\">\n\t\t\t\t\t\t\t\t\t\t<a class=\"elementor-button elementor-button-link elementor-size-sm\" href=\"https:\/\/kilimanjaroclimbingclub.com\/de\/plan-kilimanjaro-climb\/\">\n\t\t\t\t\t\t<span class=\"elementor-button-content-wrapper\">\n\t\t\t\t\t\t\t\t\t<span class=\"elementor-button-text\">Jetzt buchen<\/span>\n\t\t\t\t\t<\/span>\n\t\t\t\t\t<\/a>\n\t\t\t\t\t\t\t\t<\/div>\n\t\t\t\t<\/div>\n\t\t\t\t\t<\/div>\n\t\t\t\t<\/div>\n\t\t\t\t<\/div>","protected":false},"excerpt":{"rendered":"<p>Learn where do you sleep on Kilimanjaro, including quality tents, warm sleeping bags, insulated mats, and comfortable camp setups for restful nights. Kilimanjaro Sleeping SetupWhere do you sleep on Kilimanjaro Sleeping Setup Learn where do you sleep on Kilimanjaro, including quality tents, warm sleeping bags, insulated mats, and comfortable camp setups for restful nights. Rest &#8230; <a title=\"Schlaf-Setup\" class=\"read-more\" href=\"https:\/\/kilimanjaroclimbingclub.com\/de\/where-do-you-sleep-on-kilimanjaro\/\" aria-label=\"Mehr Informationen \u00fcber Sleeping Setup\">Weiterlesen<\/a><\/p>","protected":false},"author":1,"featured_media":0,"parent":0,"menu_order":0,"comment_status":"closed","ping_status":"closed","template":"elementor_header_footer","meta":{"footnotes":""},"class_list":["post-4681","page","type-page","status-publish"],"aioseo_notices":[],"_links":{"self":[{"href":"https:\/\/kilimanjaroclimbingclub.com\/de\/wp-json\/wp\/v2\/pages\/4681","targetHints":{"allow":["GET"]}}],"collection":[{"href":"https:\/\/kilimanjaroclimbingclub.com\/de\/wp-json\/wp\/v2\/pages"}],"about":[{"href":"https:\/\/kilimanjaroclimbingclub.com\/de\/wp-json\/wp\/v2\/types\/page"}],"author":[{"embeddable":true,"href":"https:\/\/kilimanjaroclimbingclub.com\/de\/wp-json\/wp\/v2\/users\/1"}],"replies":[{"embeddable":true,"href":"https:\/\/kilimanjaroclimbingclub.com\/de\/wp-json\/wp\/v2\/comments?post=4681"}],"version-history":[{"count":0,"href":"https:\/\/kilimanjaroclimbingclub.com\/de\/wp-json\/wp\/v2\/pages\/4681\/revisions"}],"wp:attachment":[{"href":"https:\/\/kilimanjaroclimbingclub.com\/de\/wp-json\/wp\/v2\/media?parent=4681"}],"curies":[{"name":"wp","href":"https:\/\/api.w.org\/{rel}","templated":true}]}}