{"id":4725,"date":"2025-05-26T12:33:07","date_gmt":"2025-05-26T12:33:07","guid":{"rendered":"https:\/\/kilimanjaroclimbingclub.com\/?page_id=4725"},"modified":"2026-02-12T23:22:30","modified_gmt":"2026-02-12T22:22:30","slug":"kilimanjaro-visa-passport-guide","status":"publish","type":"page","link":"https:\/\/kilimanjaroclimbingclub.com\/cs\/kilimanjaro-visa-passport-guide\/","title":{"rendered":"Pas a v\u00edzum"},"content":{"rendered":"<div data-elementor-type=\"wp-page\" data-elementor-id=\"4725\" class=\"elementor elementor-4725\" data-elementor-post-type=\"page\">\n\t\t\t\t<div class=\"elementor-element elementor-element-43db057 e-flex e-con-boxed e-con e-parent\" data-id=\"43db057\" data-element_type=\"container\" data-e-type=\"container\">\n\t\t\t\t\t<div class=\"e-con-inner\">\n\t\t<div class=\"elementor-element elementor-element-b14c0dc e-con-full e-flex elementor-invisible e-con e-child\" data-id=\"b14c0dc\" data-element_type=\"container\" data-e-type=\"container\" data-settings=\"{&quot;background_background&quot;:&quot;classic&quot;,&quot;animation&quot;:&quot;fadeInLeft&quot;}\">\n\t\t\t\t<\/div>\n\t\t<div class=\"elementor-element elementor-element-dfa2eb5 e-con-full e-flex elementor-invisible e-con e-child\" data-id=\"dfa2eb5\" data-element_type=\"container\" data-e-type=\"container\" data-settings=\"{&quot;animation&quot;:&quot;fadeInRight&quot;}\">\n\t\t\t\t<div class=\"elementor-element elementor-element-589e6b8 elementor-invisible elementor-widget elementor-widget-heading\" data-id=\"589e6b8\" data-element_type=\"widget\" data-e-type=\"widget\" data-settings=\"{&quot;_animation&quot;:&quot;fadeInDown&quot;,&quot;_animation_delay&quot;:100}\" data-widget_type=\"heading.default\">\n\t\t\t\t\t<h1 class=\"elementor-heading-title elementor-size-default\">Pas a v\u00edzum<\/h1>\t\t\t\t<\/div>\n\t\t\t\t<div class=\"elementor-element elementor-element-ecef58b elementor-hidden-desktop elementor-hidden-tablet elementor-hidden-mobile elementor-widget elementor-widget-text-editor\" data-id=\"ecef58b\" data-element_type=\"widget\" data-e-type=\"widget\" data-widget_type=\"text-editor.default\">\n\t\t\t\t\t\t\t\t\t<p>Kilimanjaro Visa &amp; Passport Guide<\/p>\t\t\t\t\t\t\t\t<\/div>\n\t\t\t\t<div class=\"elementor-element elementor-element-0c05851 elementor-invisible elementor-widget elementor-widget-text-editor\" data-id=\"0c05851\" data-element_type=\"widget\" data-e-type=\"widget\" data-settings=\"{&quot;_animation&quot;:&quot;fadeInUp&quot;,&quot;_animation_delay&quot;:200}\" data-widget_type=\"text-editor.default\">\n\t\t\t\t\t\t\t\t\t<p class=\"translation-block\">Pro vstup do Tanzanie mus\u00ed b\u00fdt v\u00e1\u0161 cestovn\u00ed pas platn\u00fd alespo\u0148 6 m\u011bs\u00edc\u016f po datu va\u0161eho p\u0159\u00edjezdu. V\u00edzum je vy\u017eadov\u00e1no pro v\u011bt\u0161inu cestuj\u00edc\u00edch. V\u00edzum sice m\u016f\u017eete z\u00edskat po p\u0159\u00edletu na leti\u0161ti, ale d\u016frazn\u011b doporu\u010dujeme po\u017e\u00e1dat o elektronick\u00e9 v\u00edzum online alespo\u0148 14 dn\u00ed p\u0159ed odjezdem, aby byl proces vstupu rychlej\u0161\u00ed a plynulej\u0161\u00ed.<\/p><p class=\"translation-block\">A\u010dkoli tanzansk\u00e9 z\u00e1kony ofici\u00e1ln\u011b nevy\u017eaduj\u00ed ur\u010dit\u00fd po\u010det pr\u00e1zdn\u00fdch str\u00e1nek pasu, d\u016frazn\u011b se doporu\u010duje, aby v\u00e1\u0161 pas m\u011bl alespo\u0148 dv\u011b pr\u00e1zdn\u00e9 str\u00e1nky pro v\u00edza. Leteck\u00e9 spole\u010dnosti a pohrani\u010dn\u00ed str\u00e1\u017en\u00edci v\u00e1m mohou odep\u0159\u00edt n\u00e1stup na palubu nebo vstup do zem\u011b, pokud v\u00e1\u0161 pas tento po\u017eadavek nespl\u0148uje.<\/p><p class=\"translation-block\">JAK \u017d\u00c1DOST O V\u00cdZUM DO TANZANIE: 1. Nav\u0161tivte ofici\u00e1ln\u00ed webov\u00e9 str\u00e1nky e-Visa: <a href=\"http:\/\/visa.immigration.go.tz\" target=\"_blank\" rel=\"noopener\">visa.immigration.go.tz<\/a><\/p><p>2. Vypl\u0148te online formul\u00e1\u0159 \u017e\u00e1dosti.<\/p><p class=\"translation-block\">3. Nahrajte pasovou fotografii a kopii str\u00e1nky s biografick\u00fdmi \u00fadaji z pasu.<\/p><p class=\"translation-block\">4. Zapla\u0165te v\u00edzov\u00fd poplatek 50 USD bezpe\u010dn\u011b online.<\/p><p class=\"translation-block\">5. Schv\u00e1len\u00ed va\u0161eho elektronick\u00e9ho v\u00edza obdr\u017e\u00edte e-mailem (zpracov\u00e1n\u00ed trv\u00e1 p\u0159ibli\u017en\u011b 10 pracovn\u00edch dn\u016f).<\/p><p>6. Vytiskn\u011bte si schv\u00e1len\u00ed elektronick\u00e9ho v\u00edza a p\u0159edlo\u017ete ho po p\u0159\u00edjezdu.<\/p><p class=\"translation-block\">Tip pro profesion\u00e1ly: Pokud m\u00e1te navazuj\u00edc\u00ed lety, dvakr\u00e1t si ov\u011b\u0159te v\u00edzov\u00e1 pravidla pro tranzitn\u00ed zem\u011b: n\u011bkter\u00e9 vy\u017eaduj\u00ed tranzitn\u00ed v\u00edzum i pro kr\u00e1tk\u00e1 mezip\u0159ist\u00e1n\u00ed. V\u017edy si ov\u011b\u0159te aktu\u00e1ln\u00ed po\u017eadavky u sv\u00e9 leteck\u00e9 spole\u010dnosti nebo ambas\u00e1dy.<\/p>\t\t\t\t\t\t\t\t<\/div>\n\t\t\t\t<div class=\"elementor-element elementor-element-a6f92dc elementor-align-left elementor-widget elementor-widget-button\" data-id=\"a6f92dc\" data-element_type=\"widget\" data-e-type=\"widget\" data-widget_type=\"button.default\">\n\t\t\t\t\t\t\t\t\t\t<a class=\"elementor-button elementor-button-link elementor-size-sm\" href=\"https:\/\/kilimanjaroclimbingclub.com\/cs\/plan-kilimanjaro-climb\/\">\n\t\t\t\t\t\t<span class=\"elementor-button-content-wrapper\">\n\t\t\t\t\t\t\t\t\t<span class=\"elementor-button-text\">Rezervujte hned<\/span>\n\t\t\t\t\t<\/span>\n\t\t\t\t\t<\/a>\n\t\t\t\t\t\t\t\t<\/div>\n\t\t\t\t<\/div>\n\t\t\t\t\t<\/div>\n\t\t\t\t<\/div>\n\t\t<div class=\"elementor-element elementor-element-9c84e9f elementor-hidden-desktop elementor-hidden-tablet elementor-hidden-mobile e-flex e-con-boxed e-con e-parent\" data-id=\"9c84e9f\" data-element_type=\"container\" data-e-type=\"container\">\n\t\t\t\t\t<div class=\"e-con-inner\">\n\t\t\t\t<div class=\"elementor-element elementor-element-9be6d3b elementor-widget elementor-widget-image\" data-id=\"9be6d3b\" data-element_type=\"widget\" data-e-type=\"widget\" data-widget_type=\"image.default\">\n\t\t\t\t\t\t\t\t\t\t\t\t\t\t\t<img fetchpriority=\"high\" decoding=\"async\" width=\"1024\" height=\"1024\" src=\"https:\/\/kilimanjaroclimbingclub.com\/wp-content\/uploads\/2026\/01\/z14-1-elementor-io-optimized-1024x1024.webp\" class=\"attachment-large size-large wp-image-11852\" alt=\"Kilimanjaro Climbing Club Kilimanjaro Visa  Passport Guide | KILIMINJARO CLIMBING CLUB\" srcset=\"https:\/\/kilimanjaroclimbingclub.com\/wp-content\/uploads\/2026\/01\/z14-1-elementor-io-optimized-1024x1024.webp 1024w, https:\/\/kilimanjaroclimbingclub.com\/wp-content\/uploads\/2026\/01\/z14-1-elementor-io-optimized-300x300.webp 300w, https:\/\/kilimanjaroclimbingclub.com\/wp-content\/uploads\/2026\/01\/z14-1-elementor-io-optimized-150x150.webp 150w, https:\/\/kilimanjaroclimbingclub.com\/wp-content\/uploads\/2026\/01\/z14-1-elementor-io-optimized-768x768.webp 768w, https:\/\/kilimanjaroclimbingclub.com\/wp-content\/uploads\/2026\/01\/z14-1-elementor-io-optimized-12x12.webp 12w, https:\/\/kilimanjaroclimbingclub.com\/wp-content\/uploads\/2026\/01\/z14-1-elementor-io-optimized.webp 1200w\" sizes=\"(max-width: 1024px) 100vw, 1024px\" title=\"z14 1elementoriooptimized | KILIMINJARO CLIMBING CLUB\" \/>\t\t\t\t\t\t\t\t\t\t\t\t\t\t\t<\/div>\n\t\t\t\t\t<\/div>\n\t\t\t\t<\/div>\n\t\t\t\t<\/div>","protected":false},"excerpt":{"rendered":"<p>Passport and Visa Kilimanjaro Visa &amp; Passport Guide To enter Tanzania, your passport must be valid for at least 6 months beyond your arrival date.A visa is required for most travellers. While you can obtain a visa upon arrival at the airport, we highly recommend applying for an e-Visa online at least 14 days before &#8230; <a title=\"Passport &#038; Visa\" class=\"read-more\" href=\"https:\/\/kilimanjaroclimbingclub.com\/cs\/kilimanjaro-visa-passport-guide\/\" aria-label=\"\u010c\u00edst v\u00edce o Passport &#038; Visa\">\u010c\u00edst d\u00e1l<\/a><\/p>","protected":false},"author":1,"featured_media":0,"parent":0,"menu_order":0,"comment_status":"closed","ping_status":"closed","template":"elementor_header_footer","meta":{"footnotes":""},"class_list":["post-4725","page","type-page","status-publish"],"aioseo_notices":[],"_links":{"self":[{"href":"https:\/\/kilimanjaroclimbingclub.com\/cs\/wp-json\/wp\/v2\/pages\/4725","targetHints":{"allow":["GET"]}}],"collection":[{"href":"https:\/\/kilimanjaroclimbingclub.com\/cs\/wp-json\/wp\/v2\/pages"}],"about":[{"href":"https:\/\/kilimanjaroclimbingclub.com\/cs\/wp-json\/wp\/v2\/types\/page"}],"author":[{"embeddable":true,"href":"https:\/\/kilimanjaroclimbingclub.com\/cs\/wp-json\/wp\/v2\/users\/1"}],"replies":[{"embeddable":true,"href":"https:\/\/kilimanjaroclimbingclub.com\/cs\/wp-json\/wp\/v2\/comments?post=4725"}],"version-history":[{"count":0,"href":"https:\/\/kilimanjaroclimbingclub.com\/cs\/wp-json\/wp\/v2\/pages\/4725\/revisions"}],"wp:attachment":[{"href":"https:\/\/kilimanjaroclimbingclub.com\/cs\/wp-json\/wp\/v2\/media?parent=4725"}],"curies":[{"name":"wp","href":"https:\/\/api.w.org\/{rel}","templated":true}]}}