{"id":4654,"date":"2025-05-23T22:14:29","date_gmt":"2025-05-23T22:14:29","guid":{"rendered":"https:\/\/kilimanjaroclimbingclub.com\/?page_id=4654"},"modified":"2026-02-12T23:30:33","modified_gmt":"2026-02-12T22:30:33","slug":"kilimanjaro-trek-preparation","status":"publish","type":"page","link":"https:\/\/kilimanjaroclimbingclub.com\/cs\/kilimanjaro-trek-preparation\/","title":{"rendered":"P\u0159\u00edprava"},"content":{"rendered":"<div data-elementor-type=\"wp-page\" data-elementor-id=\"4654\" class=\"elementor elementor-4654\" data-elementor-post-type=\"page\">\n\t\t\t\t<div class=\"elementor-element elementor-element-4f2e9d0 e-flex e-con-boxed e-con e-parent\" data-id=\"4f2e9d0\" data-element_type=\"container\" data-e-type=\"container\">\n\t\t\t\t\t<div class=\"e-con-inner\">\n\t\t<div class=\"elementor-element elementor-element-0caaab2 e-con-full e-flex elementor-invisible e-con e-child\" data-id=\"0caaab2\" data-element_type=\"container\" data-e-type=\"container\" data-settings=\"{&quot;background_background&quot;:&quot;classic&quot;,&quot;animation&quot;:&quot;fadeInLeft&quot;}\">\n\t\t\t\t<div class=\"elementor-element elementor-element-d52f775 elementor-widget elementor-widget-image\" data-id=\"d52f775\" data-element_type=\"widget\" data-e-type=\"widget\" data-widget_type=\"image.default\">\n\t\t\t\t\t\t\t\t\t\t\t\t\t\t\t<img fetchpriority=\"high\" decoding=\"async\" width=\"1024\" height=\"683\" src=\"https:\/\/kilimanjaroclimbingclub.com\/wp-content\/uploads\/2026\/01\/EB5C1448-190F-4DC9-A017-87C8010F40E1-1-elementor-io-optimized-1024x683.webp\" class=\"attachment-large size-large wp-image-11856\" alt=\"Kilimanjaro Climbing Club Kilimanjaro Trek Preparation | Fitness  Altitude Guide | KILIMINJARO CLIMBING CLUB\" srcset=\"https:\/\/kilimanjaroclimbingclub.com\/wp-content\/uploads\/2026\/01\/EB5C1448-190F-4DC9-A017-87C8010F40E1-1-elementor-io-optimized-1024x683.webp 1024w, https:\/\/kilimanjaroclimbingclub.com\/wp-content\/uploads\/2026\/01\/EB5C1448-190F-4DC9-A017-87C8010F40E1-1-elementor-io-optimized-300x200.webp 300w, https:\/\/kilimanjaroclimbingclub.com\/wp-content\/uploads\/2026\/01\/EB5C1448-190F-4DC9-A017-87C8010F40E1-1-elementor-io-optimized-768x512.webp 768w, https:\/\/kilimanjaroclimbingclub.com\/wp-content\/uploads\/2026\/01\/EB5C1448-190F-4DC9-A017-87C8010F40E1-1-elementor-io-optimized-18x12.webp 18w, https:\/\/kilimanjaroclimbingclub.com\/wp-content\/uploads\/2026\/01\/EB5C1448-190F-4DC9-A017-87C8010F40E1-1-elementor-io-optimized.webp 1536w\" sizes=\"(max-width: 1024px) 100vw, 1024px\" title=\"EB5C1448190F4DC9A01787C8010F40E1 1elementoriooptimized | KILIMINJARO CLIMBING CLUB\" \/>\t\t\t\t\t\t\t\t\t\t\t\t\t\t\t<\/div>\n\t\t\t\t<\/div>\n\t\t<div class=\"elementor-element elementor-element-dd6efd3 e-con-full e-flex elementor-invisible e-con e-child\" data-id=\"dd6efd3\" data-element_type=\"container\" data-e-type=\"container\" data-settings=\"{&quot;animation&quot;:&quot;fadeInRight&quot;}\">\n\t\t\t\t<div class=\"elementor-element elementor-element-63a8e88 elementor-invisible elementor-widget elementor-widget-heading\" data-id=\"63a8e88\" data-element_type=\"widget\" data-e-type=\"widget\" data-settings=\"{&quot;_animation&quot;:&quot;fadeInDown&quot;,&quot;_animation_delay&quot;:200}\" data-widget_type=\"heading.default\">\n\t\t\t\t\t<h1 class=\"elementor-heading-title elementor-size-default\">P\u0159\u00edpravy<\/h1>\t\t\t\t<\/div>\n\t\t\t\t<div class=\"elementor-element elementor-element-63cca0a elementor-hidden-desktop elementor-hidden-tablet elementor-hidden-mobile elementor-invisible elementor-widget elementor-widget-text-editor\" data-id=\"63cca0a\" data-element_type=\"widget\" data-e-type=\"widget\" data-settings=\"{&quot;_animation&quot;:&quot;fadeInUp&quot;,&quot;_animation_delay&quot;:300}\" data-widget_type=\"text-editor.default\">\n\t\t\t\t\t\t\t\t\t<p>Kilimanjaro trek preparation<\/p>\t\t\t\t\t\t\t\t<\/div>\n\t\t\t\t<div class=\"elementor-element elementor-element-59197ee elementor-invisible elementor-widget elementor-widget-text-editor\" data-id=\"59197ee\" data-element_type=\"widget\" data-e-type=\"widget\" data-settings=\"{&quot;_animation&quot;:&quot;fadeInUp&quot;,&quot;_animation_delay&quot;:300}\" data-widget_type=\"text-editor.default\">\n\t\t\t\t\t\t\t\t\t<p>V m\u011bs\u00edc\u00edch p\u0159edch\u00e1zej\u00edc\u00edch va\u0161emu dobrodru\u017estv\u00ed je d\u016fle\u017eit\u00e9 zhodnotit a zlep\u0161it svou fyzickou zdatnost. I kdy\u017e k v\u00fdstupu na Kilimand\u017e\u00e1ro nemus\u00edte b\u00fdt elitn\u00edm sportovcem, kl\u00ed\u010dem k \u00fasp\u011b\u0161n\u00e9 cest\u011b je p\u0159\u00edprava va\u0161eho t\u011bla. Samotn\u00fd v\u00fdstup nen\u00ed nijak zvl\u00e1\u0161\u0165 technick\u00fd \u2013 v\u011bt\u0161ina tras je malebn\u00e1, stabiln\u00ed, i kdy\u017e n\u011bkter\u00e9 \u00faseky mohou b\u00fdt pom\u011brn\u011b strm\u00e9.<\/p><p>Ka\u017ed\u00fd den budete chodit 4 a\u017e 8 hodin pohodln\u00fdm tempem. \u0158\u00eddk\u00fd vzduch ve vy\u0161\u0161\u00edch nadmo\u0159sk\u00fdch v\u00fd\u0161k\u00e1ch v\u00e1s p\u0159irozen\u011b zpomal\u00ed, proto je d\u016fle\u017eit\u00e9 zam\u011b\u0159it se sp\u00ed\u0161e na vytrvalost ne\u017e na rychlost.<\/p><p class=\"translation-block\">Pouze v den v\u00fdstupu na vrchol budete muset vynalo\u017eit v\u011bt\u0161\u00ed \u00fasil\u00ed, proto\u017ee to zahrnuje jak v\u00fdstup na vrchol, tak i n\u00e1sledn\u00fd sestup.<\/p><p class=\"translation-block\">Pro p\u0159\u00edpravu jsou vhodn\u00e9 aktivity jako b\u011bh, cvi\u010den\u00ed v posilovn\u011b, turistika v hor\u00e1ch nebo i dom\u00e1c\u00ed cvi\u010den\u00ed, kter\u00e9 pos\u00edl\u00ed va\u0161e t\u011blo a pomohou v\u00e1m s aklimatizac\u00ed.<\/p><p>Zam\u011b\u0159te se na vytrvalost a celkovou kondici a budete p\u0159ipraveni na dobrodru\u017estv\u00ed sv\u00e9ho \u017eivota.<\/p><p><img decoding=\"async\" class=\"emoji\" style=\"background-color: #ffffff; background-image: none !important;\" role=\"img\" draggable=\"false\" src=\"https:\/\/s.w.org\/images\/core\/emoji\/16.0.1\/svg\/1f4a1.svg\" alt=\"\ud83d\udca1\" width=\"20\" height=\"20\" data-wp-editing=\"1\" \/>\u00a0<span style=\"font-weight: bold;\" data-start=\"173\" data-end=\"207\">Pro Tip<\/span>Kdykoli je to mo\u017en\u00e9, cho\u010fte po schodech a soust\u0159e\u010fte se na protahov\u00e1n\u00ed nohou. S p\u0159\u00edpravou v\u00e1m pom\u016f\u017ee n\u011bkolik jednoduch\u00fdch cvik\u016f na nohy.<\/p>\t\t\t\t\t\t\t\t<\/div>\n\t\t\t\t<div class=\"elementor-element elementor-element-d5beadc elementor-align-left elementor-widget elementor-widget-button\" data-id=\"d5beadc\" data-element_type=\"widget\" data-e-type=\"widget\" data-widget_type=\"button.default\">\n\t\t\t\t\t\t\t\t\t\t<a class=\"elementor-button elementor-button-link elementor-size-sm\" href=\"https:\/\/kilimanjaroclimbingclub.com\/cs\/plan-kilimanjaro-climb\/\">\n\t\t\t\t\t\t<span class=\"elementor-button-content-wrapper\">\n\t\t\t\t\t\t\t\t\t<span class=\"elementor-button-text\">Rezervujte hned<\/span>\n\t\t\t\t\t<\/span>\n\t\t\t\t\t<\/a>\n\t\t\t\t\t\t\t\t<\/div>\n\t\t\t\t<\/div>\n\t\t\t\t\t<\/div>\n\t\t\t\t<\/div>\n\t\t\t\t<\/div>","protected":false},"excerpt":{"rendered":"<p>Preparations\u200b Kilimanjaro trek preparation In the months leading up to your adventure, it\u2019s important to assess and improve your physical fitness. While you don\u2019t need to be an elite athlete to climb Kilimanjaro, preparing your body is key to a successful journey. The climb itself isn\u2019t extremely technical\u2014most routes are scenic, steady walks, though some &#8230; <a title=\"P\u0159\u00edprava\" class=\"read-more\" href=\"https:\/\/kilimanjaroclimbingclub.com\/cs\/kilimanjaro-trek-preparation\/\" aria-label=\"\u010c\u00edst v\u00edce o Preparation\">\u010c\u00edst d\u00e1l<\/a><\/p>","protected":false},"author":1,"featured_media":0,"parent":0,"menu_order":0,"comment_status":"closed","ping_status":"closed","template":"elementor_header_footer","meta":{"footnotes":""},"class_list":["post-4654","page","type-page","status-publish"],"aioseo_notices":[],"_links":{"self":[{"href":"https:\/\/kilimanjaroclimbingclub.com\/cs\/wp-json\/wp\/v2\/pages\/4654","targetHints":{"allow":["GET"]}}],"collection":[{"href":"https:\/\/kilimanjaroclimbingclub.com\/cs\/wp-json\/wp\/v2\/pages"}],"about":[{"href":"https:\/\/kilimanjaroclimbingclub.com\/cs\/wp-json\/wp\/v2\/types\/page"}],"author":[{"embeddable":true,"href":"https:\/\/kilimanjaroclimbingclub.com\/cs\/wp-json\/wp\/v2\/users\/1"}],"replies":[{"embeddable":true,"href":"https:\/\/kilimanjaroclimbingclub.com\/cs\/wp-json\/wp\/v2\/comments?post=4654"}],"version-history":[{"count":0,"href":"https:\/\/kilimanjaroclimbingclub.com\/cs\/wp-json\/wp\/v2\/pages\/4654\/revisions"}],"wp:attachment":[{"href":"https:\/\/kilimanjaroclimbingclub.com\/cs\/wp-json\/wp\/v2\/media?parent=4654"}],"curies":[{"name":"wp","href":"https:\/\/api.w.org\/{rel}","templated":true}]}}