{"id":4537,"date":"2025-05-23T18:45:25","date_gmt":"2025-05-23T18:45:25","guid":{"rendered":"https:\/\/kilimanjaroclimbingclub.com\/?page_id=4537"},"modified":"2026-02-14T14:48:19","modified_gmt":"2026-02-14T13:48:19","slug":"kilimanjaro-trek-terms-conditions","status":"publish","type":"page","link":"https:\/\/kilimanjaroclimbingclub.com\/cs\/kilimanjaro-trek-terms-conditions\/","title":{"rendered":"Terms &#038; Conditions"},"content":{"rendered":"<div data-elementor-type=\"wp-page\" data-elementor-id=\"4537\" class=\"elementor elementor-4537\" data-elementor-post-type=\"page\">\n\t\t\t\t<div class=\"elementor-element elementor-element-db526ff e-flex e-con-boxed e-con e-parent\" data-id=\"db526ff\" data-element_type=\"container\" data-e-type=\"container\">\n\t\t\t\t\t<div class=\"e-con-inner\">\n\t\t\t\t<div class=\"elementor-element elementor-element-8948d95 elementor-widget elementor-widget-heading\" data-id=\"8948d95\" data-element_type=\"widget\" data-e-type=\"widget\" data-widget_type=\"heading.default\">\n\t\t\t\t\t<h1 class=\"elementor-heading-title elementor-size-default\">Smluvn\u00ed podm\u00ednky:<\/h1>\t\t\t\t<\/div>\n\t\t\t\t<div class=\"elementor-element elementor-element-41a9760 elementor-hidden-desktop elementor-hidden-tablet elementor-hidden-mobile elementor-widget elementor-widget-text-editor\" data-id=\"41a9760\" data-element_type=\"widget\" data-e-type=\"widget\" data-widget_type=\"text-editor.default\">\n\t\t\t\t\t\t\t\t\t<p>Kilimanjaro Trek Terms &amp; Conditions<\/p>\t\t\t\t\t\t\t\t<\/div>\n\t\t\t\t<div class=\"elementor-element elementor-element-632d80a elementor-widget elementor-widget-text-editor\" data-id=\"632d80a\" data-element_type=\"widget\" data-e-type=\"widget\" data-widget_type=\"text-editor.default\">\n\t\t\t\t\t\t\t\t\t<p>Informace o spole\u010dnosti:<\/p>\n<p>Kilimanjaro Climbing Club je obchodn\u00ed zna\u010dka spole\u010dnosti Kilimanjaro Glacier Expert &amp; Safaris, kter\u00e1 je registrov\u00e1na v Tanzanii.<br>1. Potvrzen\u00ed rezervace: Rezervace u Kilimanjaro Glacier Expert &amp; Safaris je pova\u017eov\u00e1na za potvrzenou po obdr\u017een\u00ed nevratn\u00e9 z\u00e1lohy ve v\u00fd\u0161i 10 % z celkov\u00e9 faktury.<\/p>\n<p>2. Platba: Celkov\u00e1 platba za v\u00e1\u0161 bal\u00ed\u010dek je splatn\u00e1 nejpozd\u011bji 60 dn\u00ed p\u0159ed zah\u00e1jen\u00edm z\u00e1jezdu. Neobdr\u017een\u00ed platby m\u016f\u017ee v\u00e9st ke zru\u0161en\u00ed rezervace bez p\u0159edchoz\u00edho upozorn\u011bn\u00ed.<\/p>\n<p>3. Zp\u016fsoby platby: P\u0159ij\u00edm\u00e1me platby bankovn\u00edm p\u0159evodem nebo online platebn\u00edmi platformami. Za platby kreditn\u00ed kartou m\u016f\u017ee b\u00fdt \u00fa\u010dtov\u00e1n dodate\u010dn\u00fd poplatek ve v\u00fd\u0161i 3,5 %.<\/p>\n<p>4. Ceny: Ceny na na\u0161ich webov\u00fdch str\u00e1nk\u00e1ch jsou uvedeny v americk\u00fdch dolarech. M\u016f\u017eete platit i v jin\u00fdch m\u011bn\u00e1ch, jako je EUR, GBP, CHF nebo JPY.<\/p>\n<p>5. Storno podm\u00ednky: V p\u0159\u00edpad\u011b, \u017ee pot\u0159ebujete zru\u0161it rezervaci, vr\u00e1t\u00edme v\u00e1m 50 % z ceny, pokud obdr\u017e\u00edme va\u0161i informaci o zru\u0161en\u00ed alespo\u0148 3 t\u00fddny p\u0159ed za\u010d\u00e1tkem treku. V p\u0159\u00edpad\u011b, \u017ee obdr\u017e\u00edme va\u0161i informaci o zru\u0161en\u00ed alespo\u0148 72 hodin p\u0159ed za\u010d\u00e1tkem treku, vr\u00e1t\u00edme v\u00e1m 25 % z va\u0161\u00ed faktury. V p\u0159\u00edpad\u011b, \u017ee Kilimanjaro Glacier Expert &amp; Safaris bude muset cestu zru\u0161it, vr\u00e1t\u00edme v\u00e1m plnou \u010d\u00e1stku nebo nab\u00eddneme alternativn\u00ed z\u00e1jezd podobn\u00e9 hodnoty. Neneseme odpov\u011bdnost za \u017e\u00e1dn\u00e9 dodate\u010dn\u00e9 n\u00e1klady, kter\u00e9 v\u00e1m vzniknou.<\/p>\n<p>6. Zm\u011bny itiner\u00e1\u0159e: Vyhrazujeme si pr\u00e1vo na zm\u011bny v trase z d\u016fvodu faktor\u016f, kter\u00e9 nem\u016f\u017eeme ovlivnit, jako jsou pov\u011btrnostn\u00ed podm\u00ednky, uzav\u00edrky silnic nebo bezpe\u010dnostn\u00ed obavy. Vynalo\u017e\u00edme ve\u0161ker\u00e9 \u00fasil\u00ed, abychom v\u00e1m poskytli vhodn\u00e9 alternativy.<\/p>\n<p>7. Cestovn\u00ed poji\u0161t\u011bn\u00ed: D\u016frazn\u011b doporu\u010dujeme, abyste si pro vysokohorsk\u00fd v\u00fdstup sjednali komplexn\u00ed a dostate\u010dn\u00e9 cestovn\u00ed poji\u0161t\u011bn\u00ed, kter\u00e9 pokryje zdravotn\u00ed pohotovost nebo jak\u00e9koli jin\u00e9 nep\u0159edv\u00eddan\u00e9 ud\u00e1losti, jako je zpo\u017ed\u011bn\u00ed cesty nebo zru\u0161en\u00ed z\u00e1jezdu. P\u0159ed zah\u00e1jen\u00edm z\u00e1jezdu m\u016f\u017ee b\u00fdt vy\u017eadov\u00e1n doklad o cestovn\u00edm poji\u0161t\u011bn\u00ed.<\/p>\n<p>8. Zdrav\u00ed a bezpe\u010dnost: Jste zodpov\u011bdn\u00ed za to, abyste byli v dobr\u00e9m zdravotn\u00edm stavu a byli zp\u016fsobil\u00ed k v\u00fdstupu na Kilimand\u017e\u00e1ro. Ve\u0161ker\u00e9 ji\u017e existuj\u00edc\u00ed zdravotn\u00ed pot\u00ed\u017ee nebo dietn\u00ed po\u017eadavky by n\u00e1m m\u011bly b\u00fdt p\u0159edem sd\u011bleny.<\/p>\n<p>9. Cestovn\u00ed doklady: Je va\u0161\u00ed odpov\u011bdnost\u00ed zajistit si platn\u00e9 cestovn\u00ed pasy, v\u00edza a ve\u0161ker\u00e9 dal\u0161\u00ed nezbytn\u00e9 cestovn\u00ed doklady pot\u0159ebn\u00e9 pro vstup do Tanzanie. Kilimanjaro Glacier Expert &amp; Safaris nenese odpov\u011bdnost za \u017e\u00e1dn\u00e9 probl\u00e9my vypl\u00fdvaj\u00edc\u00ed z nedostate\u010dn\u00fdch nebo nespr\u00e1vn\u00fdch doklad\u016f.<\/p>\n<p>10. Kodex chov\u00e1n\u00ed: B\u011bhem treku jste povinni dodr\u017eovat etick\u00e9 a zodpov\u011bdn\u00e9 chov\u00e1n\u00ed, v\u010detn\u011b respektov\u00e1n\u00ed divok\u00e9 zv\u011b\u0159e, m\u00edstn\u00edch komunit a p\u0159\u00edrodn\u00edho prost\u0159ed\u00ed. Jak\u00e9koli nez\u00e1konn\u00e9 aktivity nebo chov\u00e1n\u00ed, kter\u00e9 by mohlo po\u0161kodit ekosyst\u00e9m, nebudou tolerov\u00e1ny.<\/p>\n<p>11. Omezen\u00ed odpov\u011bdnosti: Kilimanjaro Glacier Expert &amp; Safaris nenese odpov\u011bdnost za \u017e\u00e1dn\u00e1 zran\u011bn\u00ed, ztr\u00e1ty, \u0161kody, zpo\u017ed\u011bn\u00ed nebo nep\u0159\u00edjemnosti zp\u016fsoben\u00e9 b\u011bhem treku, pokud nevzniknou v d\u016fsledku nedbalosti z na\u0161\u00ed strany. Doporu\u010dujeme, abyste si sv\u00e9 v\u011bci v\u017edy zabezpe\u010dili.<\/p>\n<p>12. Vy\u0161\u0161\u00ed moc: Spole\u010dnost Kilimanjaro Glacier Expert &amp; Safaris nenese odpov\u011bdnost za \u017e\u00e1dn\u00e9 nepln\u011bn\u00ed nebo zpo\u017ed\u011bn\u00ed v pln\u011bn\u00ed sv\u00fdch z\u00e1vazk\u016f v d\u016fsledku okolnost\u00ed mimo jej\u00ed p\u0159im\u011b\u0159enou kontrolu, v\u010detn\u011b, ale nikoli v\u00fdhradn\u011b, teroristick\u00fdch \u010din\u016f, v\u00e1lky, p\u0159\u00edrodn\u00edch ud\u00e1lost\u00ed nebo vl\u00e1dn\u00edch omezen\u00ed.<\/p>\n<p>13. Rozhodn\u00e9 pr\u00e1vo: Tyto Obchodn\u00ed podm\u00ednky se \u0159\u00edd\u00ed a vykl\u00e1daj\u00ed v souladu se z\u00e1kony jurisdikce, ve kter\u00e9 je spole\u010dnost Kilimanjaro Glacier Expert &amp; Safaris registrov\u00e1na. Ve\u0161ker\u00e9 spory vypl\u00fdvaj\u00edc\u00ed z t\u011bchto podm\u00ednek podl\u00e9haj\u00ed v\u00fdlu\u010dn\u00e9 jurisdikci soud\u016f v dan\u00e9 jurisdikci.<\/p>\n<p><\/p>\t\t\t\t\t\t\t\t<\/div>\n\t\t\t\t\t<\/div>\n\t\t\t\t<\/div>\n\t\t<div class=\"elementor-element elementor-element-5871221 e-flex e-con-boxed e-con e-parent\" data-id=\"5871221\" data-element_type=\"container\" data-e-type=\"container\">\n\t\t\t\t\t<div class=\"e-con-inner\">\n\t\t\t\t<div class=\"elementor-element elementor-element-abdb881 elementor-align-center elementor-widget elementor-widget-button\" data-id=\"abdb881\" data-element_type=\"widget\" data-e-type=\"widget\" data-widget_type=\"button.default\">\n\t\t\t\t\t\t\t\t\t\t<a class=\"elementor-button elementor-button-link elementor-size-sm\" href=\"https:\/\/kilimanjaroclimbingclub.com\/cs\/contact-kilimanjaro-trekking-experts\/\">\n\t\t\t\t\t\t<span class=\"elementor-button-content-wrapper\">\n\t\t\t\t\t\t\t\t\t<span class=\"elementor-button-text\">Kontaktujte n\u00e1s<\/span>\n\t\t\t\t\t<\/span>\n\t\t\t\t\t<\/a>\n\t\t\t\t\t\t\t\t<\/div>\n\t\t\t\t\t<\/div>\n\t\t\t\t<\/div>\n\t\t<div class=\"elementor-element elementor-element-6179c44 elementor-hidden-desktop elementor-hidden-tablet elementor-hidden-mobile e-flex e-con-boxed e-con e-parent\" data-id=\"6179c44\" data-element_type=\"container\" data-e-type=\"container\">\n\t\t\t\t\t<div class=\"e-con-inner\">\n\t\t\t\t<div class=\"elementor-element elementor-element-36d3b24 elementor-widget elementor-widget-image\" data-id=\"36d3b24\" data-element_type=\"widget\" data-e-type=\"widget\" data-widget_type=\"image.default\">\n\t\t\t\t\t\t\t\t\t\t\t\t\t\t\t<img decoding=\"async\" width=\"150\" height=\"150\" src=\"https:\/\/kilimanjaroclimbingclub.com\/wp-content\/uploads\/2025\/12\/t4-1-elementor-io-optimized.webp\" class=\"attachment-large size-large wp-image-11767\" alt=\"Kilimanjaro Climbing Club Contact Kilimanjaro Climbing Club Team Kilimanjaro Climbing Club Kilimanjaro Trek Terms  Conditions | KILIMINJARO CLIMBING CLUB\" srcset=\"https:\/\/kilimanjaroclimbingclub.com\/wp-content\/uploads\/2025\/12\/t4-1-elementor-io-optimized.webp 150w, https:\/\/kilimanjaroclimbingclub.com\/wp-content\/uploads\/2025\/12\/t4-1-elementor-io-optimized-12x12.webp 12w\" sizes=\"(max-width: 150px) 100vw, 150px\" title=\"t4 1elementoriooptimized | KILIMINJARO CLIMBING CLUB\" \/>\t\t\t\t\t\t\t\t\t\t\t\t\t\t\t<\/div>\n\t\t\t\t\t<\/div>\n\t\t\t\t<\/div>\n\t\t<div class=\"elementor-element elementor-element-cfdba4e elementor-hidden-desktop elementor-hidden-tablet elementor-hidden-mobile e-flex e-con-boxed elementor-invisible e-con e-child\" data-id=\"cfdba4e\" data-element_type=\"container\" data-e-type=\"container\" data-settings=\"{&quot;background_background&quot;:&quot;classic&quot;,&quot;animation&quot;:&quot;fadeInLeft&quot;}\">\n\t\t\t\t\t<div class=\"e-con-inner\">\n\t\t\t\t<div class=\"elementor-element elementor-element-906e9bc elementor-widget elementor-widget-heading\" data-id=\"906e9bc\" data-element_type=\"widget\" data-e-type=\"widget\" data-widget_type=\"heading.default\">\n\t\t\t\t\t<h2 class=\"elementor-heading-title elementor-size-default\">Kilimanjaro trekking meals<\/h2>\t\t\t\t<\/div>\n\t\t<div class=\"elementor-element elementor-element-e05ff17 e-con-full e-flex e-con e-child\" data-id=\"e05ff17\" data-element_type=\"container\" data-e-type=\"container\">\n\t\t\t\t<div class=\"elementor-element elementor-element-b6b2398 elementor-view-default elementor-widget elementor-widget-icon\" data-id=\"b6b2398\" data-element_type=\"widget\" data-e-type=\"widget\" data-widget_type=\"icon.default\">\n\t\t\t\t\t\t\t<div class=\"elementor-icon-wrapper\">\n\t\t\t<div class=\"elementor-icon\">\n\t\t\t<svg aria-hidden=\"true\" class=\"e-font-icon-svg e-fab-whatsapp\" viewbox=\"0 0 448 512\" xmlns=\"http:\/\/www.w3.org\/2000\/svg\"><path d=\"M380.9 97.1C339 55.1 283.2 32 223.9 32c-122.4 0-222 99.6-222 222 0 39.1 10.2 77.3 29.6 111L0 480l117.7-30.9c32.4 17.7 68.9 27 106.1 27h.1c122.3 0 224.1-99.6 224.1-222 0-59.3-25.2-115-67.1-157zm-157 341.6c-33.2 0-65.7-8.9-94-25.7l-6.7-4-69.8 18.3L72 359.2l-4.4-7c-18.5-29.4-28.2-63.3-28.2-98.2 0-101.7 82.8-184.5 184.6-184.5 49.3 0 95.6 19.2 130.4 54.1 34.8 34.9 56.2 81.2 56.1 130.5 0 101.8-84.9 184.6-186.6 184.6zm101.2-138.2c-5.5-2.8-32.8-16.2-37.9-18-5.1-1.9-8.8-2.8-12.5 2.8-3.7 5.6-14.3 18-17.6 21.8-3.2 3.7-6.5 4.2-12 1.4-32.6-16.3-54-29.1-75.5-66-5.7-9.8 5.7-9.1 16.3-30.3 1.8-3.7.9-6.9-.5-9.7-1.4-2.8-12.5-30.1-17.1-41.2-4.5-10.8-9.1-9.3-12.5-9.5-3.2-.2-6.9-.2-10.6-.2-3.7 0-9.7 1.4-14.8 6.9-5.1 5.6-19.4 19-19.4 46.3 0 27.3 19.9 53.7 22.6 57.4 2.8 3.7 39.1 59.7 94.8 83.8 35.2 15.2 49 16.5 66.6 13.9 10.7-1.6 32.8-13.4 37.4-26.4 4.6-13 4.6-24.1 3.2-26.4-1.3-2.5-5-3.9-10.5-6.6z\"><\/path><\/svg>\t\t\t<\/div>\n\t\t<\/div>\n\t\t\t\t\t\t<\/div>\n\t\t\t\t<div class=\"elementor-element elementor-element-733c444 elementor-widget elementor-widget-heading\" data-id=\"733c444\" data-element_type=\"widget\" data-e-type=\"widget\" data-widget_type=\"heading.default\">\n\t\t\t\t\t<h2 class=\"elementor-heading-title elementor-size-default\">Whatsapp \u010d\u00edslo<\/h2>\t\t\t\t<\/div>\n\t\t\t\t<\/div>\n\t\t\t\t<div class=\"elementor-element elementor-element-dea55c3 elementor-widget elementor-widget-heading\" data-id=\"dea55c3\" data-element_type=\"widget\" data-e-type=\"widget\" data-widget_type=\"heading.default\">\n\t\t\t\t\t<h5 class=\"elementor-heading-title elementor-size-default\"><a href=\"https:\/\/wa.me\/421944203228\">+421 944 425 117<\/a><\/h5>\t\t\t\t<\/div>\n\t\t\t\t\t<\/div>\n\t\t\t\t<\/div>\n\t\t\t\t<\/div>","protected":false},"excerpt":{"rendered":"<p>Terms &amp; Conditions: Kilimanjaro Trek Terms &amp; Conditions Company information: Kilimanjaro Climbing Club is the brand name of Kilimanjaro Glacier Expert &amp; Safaris, a company incorporated in Tanzania.1. Booking Confirmation: A booking with Kilimanjaro Glacier Expert &amp; Safaris is considered confirmed upon receipt of non-refundable deposit of 10% of the entire invoice. 2. Payment: The &#8230; <a title=\"Terms &#038; Conditions\" class=\"read-more\" href=\"https:\/\/kilimanjaroclimbingclub.com\/cs\/kilimanjaro-trek-terms-conditions\/\" aria-label=\"\u010c\u00edst v\u00edce o Terms &#038; Conditions\">\u010c\u00edst d\u00e1l<\/a><\/p>","protected":false},"author":1,"featured_media":0,"parent":0,"menu_order":0,"comment_status":"closed","ping_status":"closed","template":"elementor_header_footer","meta":{"footnotes":""},"class_list":["post-4537","page","type-page","status-publish"],"aioseo_notices":[],"_links":{"self":[{"href":"https:\/\/kilimanjaroclimbingclub.com\/cs\/wp-json\/wp\/v2\/pages\/4537","targetHints":{"allow":["GET"]}}],"collection":[{"href":"https:\/\/kilimanjaroclimbingclub.com\/cs\/wp-json\/wp\/v2\/pages"}],"about":[{"href":"https:\/\/kilimanjaroclimbingclub.com\/cs\/wp-json\/wp\/v2\/types\/page"}],"author":[{"embeddable":true,"href":"https:\/\/kilimanjaroclimbingclub.com\/cs\/wp-json\/wp\/v2\/users\/1"}],"replies":[{"embeddable":true,"href":"https:\/\/kilimanjaroclimbingclub.com\/cs\/wp-json\/wp\/v2\/comments?post=4537"}],"version-history":[{"count":0,"href":"https:\/\/kilimanjaroclimbingclub.com\/cs\/wp-json\/wp\/v2\/pages\/4537\/revisions"}],"wp:attachment":[{"href":"https:\/\/kilimanjaroclimbingclub.com\/cs\/wp-json\/wp\/v2\/media?parent=4537"}],"curies":[{"name":"wp","href":"https:\/\/api.w.org\/{rel}","templated":true}]}}