{"id":43,"date":"2025-05-22T17:52:20","date_gmt":"2025-05-22T17:52:20","guid":{"rendered":"https:\/\/kilimanjaroclimbingclub.com\/about\/"},"modified":"2026-02-10T15:19:10","modified_gmt":"2026-02-10T14:19:10","slug":"kilimanjaro-tour-operator","status":"publish","type":"page","link":"https:\/\/kilimanjaroclimbingclub.com\/cs\/kilimanjaro-tour-operator\/","title":{"rendered":"About"},"content":{"rendered":"<div data-elementor-type=\"wp-post\" data-elementor-id=\"43\" class=\"elementor elementor-43\" data-elementor-post-type=\"page\">\n\t\t\t\t<div class=\"elementor-element elementor-element-d6f8f8d e-flex e-con-boxed e-con e-parent\" data-id=\"d6f8f8d\" data-element_type=\"container\" data-e-type=\"container\" data-settings=\"{&quot;background_background&quot;:&quot;classic&quot;}\">\n\t\t\t\t\t<div class=\"e-con-inner\">\n\t\t<div class=\"elementor-element elementor-element-b4b1dc6 e-con-full e-flex elementor-invisible e-con e-child\" data-id=\"b4b1dc6\" data-element_type=\"container\" data-e-type=\"container\" data-settings=\"{&quot;animation&quot;:&quot;fadeInLeft&quot;}\">\n\t\t\t\t<div class=\"elementor-element elementor-element-c16320b elementor-widget-divider--view-line elementor-widget elementor-widget-divider\" data-id=\"c16320b\" data-element_type=\"widget\" data-e-type=\"widget\" data-widget_type=\"divider.default\">\n\t\t\t\t\t\t\t<div class=\"elementor-divider\">\n\t\t\t<span class=\"elementor-divider-separator\">\n\t\t\t\t\t\t<\/span>\n\t\t<\/div>\n\t\t\t\t\t\t<\/div>\n\t\t\t\t<div class=\"elementor-element elementor-element-308262f elementor-widget elementor-widget-heading\" data-id=\"308262f\" data-element_type=\"widget\" data-e-type=\"widget\" data-widget_type=\"heading.default\">\n\t\t\t\t\t<h1 class=\"elementor-heading-title elementor-size-default\">Ka\u017ed\u00fd krok s l\u00e1skou \u2013 slib Kilimand\u017e\u00e1rsk\u00e9ho horolezeck\u00e9ho klubu <\/h1>\t\t\t\t<\/div>\n\t\t\t\t<div class=\"elementor-element elementor-element-c506791 elementor-hidden-desktop elementor-hidden-tablet elementor-hidden-mobile elementor-widget elementor-widget-text-editor\" data-id=\"c506791\" data-element_type=\"widget\" data-e-type=\"widget\" data-widget_type=\"text-editor.default\">\n\t\t\t\t\t\t\t\t\t<p>Kilimanjaro tour operator<\/p>\t\t\t\t\t\t\t\t<\/div>\n\t\t\t\t<div class=\"elementor-element elementor-element-aa94235 elementor-widget elementor-widget-text-editor\" data-id=\"aa94235\" data-element_type=\"widget\" data-e-type=\"widget\" data-widget_type=\"text-editor.default\">\n\t\t\t\t\t\t\t\t\t<p class=\"translation-block\">V horolezeck\u00e9m klubu Kilimanjaro v\u011b\u0159\u00edme, \u017ee ka\u017ed\u00e1 cesta na Kilimand\u017e\u00e1ro je v\u00edc ne\u017e jen trek \u2013 je to osobn\u00ed v\u00fdzva, spojen\u00ed s p\u0159\u00edrodou a \u0161ance za\u017e\u00edt n\u011bco skute\u010dn\u011b \u017eivot m\u011bn\u00edc\u00edho. Proto ke ka\u017ed\u00e9mu kroku p\u0159istupujeme s l\u00e1skou \u2013 l\u00e1skou k ho\u0159e, l\u00e1skou k na\u0161im horolezc\u016fm a l\u00e1skou k lidem a komunit\u00e1m, kter\u00e9 toto dobrodru\u017estv\u00ed umo\u017e\u0148uj\u00ed.<\/p>\t\t\t\t\t\t\t\t<\/div>\n\t\t\t\t<\/div>\n\t\t<div class=\"elementor-element elementor-element-d8389aa e-con-full e-flex e-con e-child\" data-id=\"d8389aa\" data-element_type=\"container\" data-e-type=\"container\">\n\t\t\t\t<div class=\"elementor-element elementor-element-ef1a205 elementor-widget elementor-widget-image\" data-id=\"ef1a205\" data-element_type=\"widget\" data-e-type=\"widget\" data-widget_type=\"image.default\">\n\t\t\t\t\t\t\t\t\t\t\t\t\t\t\t<img fetchpriority=\"high\" decoding=\"async\" width=\"1024\" height=\"576\" src=\"https:\/\/kilimanjaroclimbingclub.com\/wp-content\/uploads\/2025\/12\/kilimanjaro-1536827_1280-2-1024x576.webp\" class=\"attachment-large size-large wp-image-11715\" alt=\"Kilimanjaro Climbing Club Kilimanjaro tour operator | KILIMINJARO CLIMBING CLUB\" srcset=\"https:\/\/kilimanjaroclimbingclub.com\/wp-content\/uploads\/2025\/12\/kilimanjaro-1536827_1280-2-1024x576.webp 1024w, https:\/\/kilimanjaroclimbingclub.com\/wp-content\/uploads\/2025\/12\/kilimanjaro-1536827_1280-2-300x169.webp 300w, https:\/\/kilimanjaroclimbingclub.com\/wp-content\/uploads\/2025\/12\/kilimanjaro-1536827_1280-2-768x432.webp 768w, https:\/\/kilimanjaroclimbingclub.com\/wp-content\/uploads\/2025\/12\/kilimanjaro-1536827_1280-2-18x10.webp 18w, https:\/\/kilimanjaroclimbingclub.com\/wp-content\/uploads\/2025\/12\/kilimanjaro-1536827_1280-2.webp 1280w\" sizes=\"(max-width: 1024px) 100vw, 1024px\" title=\"kilimanjaro15368271280 2 | KILIMINJARO CLIMBING CLUB\" \/>\t\t\t\t\t\t\t\t\t\t\t\t\t\t\t<\/div>\n\t\t\t\t<\/div>\n\t\t\t\t\t<\/div>\n\t\t\t\t<\/div>\n\t\t<div class=\"elementor-element elementor-element-2bc2241 e-flex e-con-boxed e-con e-parent\" data-id=\"2bc2241\" data-element_type=\"container\" data-e-type=\"container\" data-settings=\"{&quot;background_background&quot;:&quot;classic&quot;}\">\n\t\t\t\t\t<div class=\"e-con-inner\">\n\t\t<div class=\"elementor-element elementor-element-e75a6ae e-con-full e-flex e-con e-child\" data-id=\"e75a6ae\" data-element_type=\"container\" data-e-type=\"container\">\n\t\t\t\t<div class=\"elementor-element elementor-element-7335c7f elementor-widget elementor-widget-image\" data-id=\"7335c7f\" data-element_type=\"widget\" data-e-type=\"widget\" data-widget_type=\"image.default\">\n\t\t\t\t\t\t\t\t\t\t\t\t\t\t\t<img decoding=\"async\" width=\"771\" height=\"1024\" src=\"https:\/\/kilimanjaroclimbingclub.com\/wp-content\/uploads\/2025\/12\/IMG-20250804-WA0028-1-771x1024.webp\" class=\"attachment-large size-large wp-image-11716\" alt=\"Kilimanjaro Climbing Club Kilimanjaro tour operator | KILIMINJARO CLIMBING CLUB\" srcset=\"https:\/\/kilimanjaroclimbingclub.com\/wp-content\/uploads\/2025\/12\/IMG-20250804-WA0028-1-771x1024.webp 771w, https:\/\/kilimanjaroclimbingclub.com\/wp-content\/uploads\/2025\/12\/IMG-20250804-WA0028-1-226x300.webp 226w, https:\/\/kilimanjaroclimbingclub.com\/wp-content\/uploads\/2025\/12\/IMG-20250804-WA0028-1-768x1021.webp 768w, https:\/\/kilimanjaroclimbingclub.com\/wp-content\/uploads\/2025\/12\/IMG-20250804-WA0028-1-1156x1536.webp 1156w, https:\/\/kilimanjaroclimbingclub.com\/wp-content\/uploads\/2025\/12\/IMG-20250804-WA0028-1-9x12.webp 9w, https:\/\/kilimanjaroclimbingclub.com\/wp-content\/uploads\/2025\/12\/IMG-20250804-WA0028-1.webp 1204w\" sizes=\"(max-width: 771px) 100vw, 771px\" title=\"IMG20250804WA0028 1 | KILIMINJARO CLIMBING CLUB\" \/>\t\t\t\t\t\t\t\t\t\t\t\t\t\t\t<\/div>\n\t\t\t\t<\/div>\n\t\t<div class=\"elementor-element elementor-element-4079848 e-con-full e-flex elementor-invisible e-con e-child\" data-id=\"4079848\" data-element_type=\"container\" data-e-type=\"container\" data-settings=\"{&quot;animation&quot;:&quot;fadeInLeft&quot;}\">\n\t\t\t\t<div class=\"elementor-element elementor-element-872af9d elementor-widget-divider--view-line elementor-widget elementor-widget-divider\" data-id=\"872af9d\" data-element_type=\"widget\" data-e-type=\"widget\" data-widget_type=\"divider.default\">\n\t\t\t\t\t\t\t<div class=\"elementor-divider\">\n\t\t\t<span class=\"elementor-divider-separator\">\n\t\t\t\t\t\t<\/span>\n\t\t<\/div>\n\t\t\t\t\t\t<\/div>\n\t\t\t\t<div class=\"elementor-element elementor-element-fbd67e7 elementor-widget elementor-widget-heading\" data-id=\"fbd67e7\" data-element_type=\"widget\" data-e-type=\"widget\" data-widget_type=\"heading.default\">\n\t\t\t\t\t<h2 class=\"elementor-heading-title elementor-size-default\">Seznamte se se zakladatelem a gener\u00e1ln\u00edm \u0159editelem \u2013 Dickson Lyimo<\/h2>\t\t\t\t<\/div>\n\t\t\t\t<div class=\"elementor-element elementor-element-6ea3c22 elementor-widget elementor-widget-text-editor\" data-id=\"6ea3c22\" data-element_type=\"widget\" data-e-type=\"widget\" data-widget_type=\"text-editor.default\">\n\t\t\t\t\t\t\t\t\t<p class=\"translation-block\">Dickson Lyimo, kter\u00fd m\u00e1 v\u00edce ne\u017e 20 let zku\u0161enost\u00ed jako pr\u016fvodce po Kilimand\u017e\u00e1ru, prom\u011bnil svou v\u00e1\u0161e\u0148 pro dobrodru\u017estv\u00ed v Kilimanjaro Climbing Club, p\u0159edn\u00ed cestovn\u00ed kancel\u00e1\u0159 se s\u00eddlem v Arusha v Tanzanii. Dickson Lyimo, kter\u00fd se narodil a vyr\u016fstal ve st\u00ednu hory Kilimand\u017e\u00e1ro, si od \u00fatl\u00e9ho v\u011bku vyp\u011bstoval hlubok\u00e9 pouto k nejvy\u0161\u0161\u00edmu vrcholu Afriky.<\/p><p class=\"translation-block\">Pot\u00e9, co v\u00edce ne\u017e 300kr\u00e1t dovedl horolezce na vrchol, vid\u011bl p\u0159\u00edle\u017eitost zalo\u017eit spole\u010dnost, kter\u00e1 by nov\u011b definovala dobrodru\u017en\u00e9 cestov\u00e1n\u00ed se siln\u00fdm zam\u011b\u0159en\u00edm na bezpe\u010dnost, udr\u017eitelnost a v\u00fdjime\u010dn\u00e9 slu\u017eby.<\/p><p class=\"translation-block\">V Kilimanjaro Climbing Club jsou hodnoty jako integrita, ochrana \u017eivotn\u00edho prost\u0159ed\u00ed a podpora komunity j\u00e1drem ka\u017ed\u00e9 expedice. Spole\u010dnost nejen\u017ee poskytuje treky na Kilimand\u017e\u00e1ro sv\u011btov\u00e9 \u00farovn\u011b, ale tak\u00e9 aktivn\u011b podporuje m\u00edstn\u00ed komunity a propaguje zodpov\u011bdn\u00fd cestovn\u00ed ruch s n\u00edzk\u00fdm dopadem na \u017eivotn\u00ed prost\u0159ed\u00ed.<\/p><p>Horolezeck\u00fd klub Kilimanjaro je hrd\u00fd na to, \u017ee nab\u00edz\u00ed nezapomenuteln\u00e9 cesty, kter\u00e9 inspiruj\u00ed a transformuj\u00ed dobrodruhy z cel\u00e9ho sv\u011bta.<\/p>\t\t\t\t\t\t\t\t<\/div>\n\t\t\t\t<\/div>\n\t\t\t\t\t<\/div>\n\t\t\t\t<\/div>\n\t\t<div class=\"elementor-element elementor-element-909ea2b e-flex e-con-boxed e-con e-parent\" data-id=\"909ea2b\" data-element_type=\"container\" data-e-type=\"container\" data-settings=\"{&quot;background_background&quot;:&quot;classic&quot;}\">\n\t\t\t\t\t<div class=\"e-con-inner\">\n\t\t<div class=\"elementor-element elementor-element-00d0d9a e-con-full e-flex elementor-invisible e-con e-child\" data-id=\"00d0d9a\" data-element_type=\"container\" data-e-type=\"container\" data-settings=\"{&quot;animation&quot;:&quot;fadeInLeft&quot;}\">\n\t\t\t\t<div class=\"elementor-element elementor-element-d435928 elementor-widget-divider--view-line elementor-widget elementor-widget-divider\" data-id=\"d435928\" data-element_type=\"widget\" data-e-type=\"widget\" data-widget_type=\"divider.default\">\n\t\t\t\t\t\t\t<div class=\"elementor-divider\">\n\t\t\t<span class=\"elementor-divider-separator\">\n\t\t\t\t\t\t<\/span>\n\t\t<\/div>\n\t\t\t\t\t\t<\/div>\n\t\t\t\t<div class=\"elementor-element elementor-element-98fad69 elementor-widget elementor-widget-heading\" data-id=\"98fad69\" data-element_type=\"widget\" data-e-type=\"widget\" data-widget_type=\"heading.default\">\n\t\t\t\t\t<h2 class=\"elementor-heading-title elementor-size-default\">VLADIMIRA - Spoluzakladatelka a koordin\u00e1torka z\u00e1kaznick\u00e9 zku\u0161enosti <\/h2>\t\t\t\t<\/div>\n\t\t\t\t<div class=\"elementor-element elementor-element-741f8bc elementor-hidden-desktop elementor-hidden-tablet elementor-hidden-mobile elementor-widget elementor-widget-heading\" data-id=\"741f8bc\" data-element_type=\"widget\" data-e-type=\"widget\" data-widget_type=\"heading.default\">\n\t\t\t\t\t<h2 class=\"elementor-heading-title elementor-size-default\">Kilimanjaro tour operator<\/h2>\t\t\t\t<\/div>\n\t\t\t\t<div class=\"elementor-element elementor-element-05823a9 elementor-widget__width-initial elementor-hidden-desktop elementor-hidden-tablet elementor-hidden-mobile elementor-widget elementor-widget-text-editor\" data-id=\"05823a9\" data-element_type=\"widget\" data-e-type=\"widget\" data-widget_type=\"text-editor.default\">\n\t\t\t\t\t\t\t\t\t<p>\u00a0Kilimanjaro tour operator<\/p><p>\u00a0Kilimanjaro tour operator<\/p>\t\t\t\t\t\t\t\t<\/div>\n\t\t\t\t<div class=\"elementor-element elementor-element-dea896c elementor-widget__width-initial elementor-widget elementor-widget-text-editor\" data-id=\"dea896c\" data-element_type=\"widget\" data-e-type=\"widget\" data-widget_type=\"text-editor.default\">\n\t\t\t\t\t\t\t\t\t<p class=\"translation-block\">Jsem Vladimira, i kdy\u017e mi v\u011bt\u0161ina lid\u00ed \u0159\u00edk\u00e1 Vivi. P\u016fvodem z v\u00fdchodn\u00ed Evropy a srdcem cestovatelka, zamilovala jsem se do Tanzanie, kdy\u017e jsem poprv\u00e9 zdolala Kilimand\u017e\u00e1ro. Od t\u00e9 doby si spole\u010dn\u011b s Dicksonem d\u00e1v\u00e1m za c\u00edl pom\u00e1hat ostatn\u00edm pro\u017e\u00edt tuto cestu osobn\u00edm a nezapomenuteln\u00fdm zp\u016fsobem.<\/p><p>Spolupracuji ruku v ruce s Dicksonem a na\u0161\u00edm d\u016fv\u011bryhodn\u00fdm m\u00edstn\u00edm t\u00fdmem. Sd\u00edl\u00edme stejn\u00e9 hodnoty bezpe\u010dnosti, autenticity a p\u00e9\u010de. Spole\u010dn\u011b zajist\u00edme, aby va\u0161e dobrodru\u017estv\u00ed prob\u00edhalo hladce od za\u010d\u00e1tku do konce.<\/p><p>V Kilimanjaro Climbing Club budu va\u0161\u00edm osobn\u00edm spojen\u00edm. Od na\u0161eho prvn\u00edho rozhovoru na WhatsAppu nebo videohovoru si ud\u011bl\u00e1m \u010das, abych v\u00e1s osobn\u011b poznal \u2013 tady nikdy nejste jen \u010d\u00edslo. Z\u00e1le\u017e\u00ed mi na ka\u017ed\u00e9m detailu a podporuji v\u00e1s od okam\u017eiku, kdy se s v\u00e1mi spoj\u00edte, a\u017e do okam\u017eiku, kdy opust\u00edte Tanzanii.<\/p>\t\t\t\t\t\t\t\t<\/div>\n\t\t\t\t<\/div>\n\t\t<div class=\"elementor-element elementor-element-0759673 e-con-full e-flex e-con e-child\" data-id=\"0759673\" data-element_type=\"container\" data-e-type=\"container\">\n\t\t\t\t<div class=\"elementor-element elementor-element-e0ea5fc elementor-widget elementor-widget-image\" data-id=\"e0ea5fc\" data-element_type=\"widget\" data-e-type=\"widget\" data-widget_type=\"image.default\">\n\t\t\t\t\t\t\t\t\t\t\t\t\t\t\t<img decoding=\"async\" width=\"768\" height=\"1024\" src=\"https:\/\/kilimanjaroclimbingclub.com\/wp-content\/uploads\/2025\/12\/IMG_1091-scaled-1-768x1024.webp\" class=\"attachment-large size-large wp-image-11718\" alt=\"Kilimanjaro Climbing Club Kilimanjaro tour operator | KILIMINJARO CLIMBING CLUB\" srcset=\"https:\/\/kilimanjaroclimbingclub.com\/wp-content\/uploads\/2025\/12\/IMG_1091-scaled-1-768x1024.webp 768w, https:\/\/kilimanjaroclimbingclub.com\/wp-content\/uploads\/2025\/12\/IMG_1091-scaled-1-225x300.webp 225w, https:\/\/kilimanjaroclimbingclub.com\/wp-content\/uploads\/2025\/12\/IMG_1091-scaled-1-1152x1536.webp 1152w, https:\/\/kilimanjaroclimbingclub.com\/wp-content\/uploads\/2025\/12\/IMG_1091-scaled-1-1536x2048.webp 1536w, https:\/\/kilimanjaroclimbingclub.com\/wp-content\/uploads\/2025\/12\/IMG_1091-scaled-1-9x12.webp 9w, https:\/\/kilimanjaroclimbingclub.com\/wp-content\/uploads\/2025\/12\/IMG_1091-scaled-1.webp 1920w\" sizes=\"(max-width: 768px) 100vw, 768px\" title=\"IMG1091scaled | KILIMINJARO CLIMBING CLUB\" \/>\t\t\t\t\t\t\t\t\t\t\t\t\t\t\t<\/div>\n\t\t\t\t<\/div>\n\t\t\t\t\t<\/div>\n\t\t\t\t<\/div>\n\t\t<div class=\"elementor-element elementor-element-c70ed86 e-flex e-con-boxed e-con e-parent\" data-id=\"c70ed86\" data-element_type=\"container\" data-e-type=\"container\" data-settings=\"{&quot;background_background&quot;:&quot;classic&quot;}\">\n\t\t\t\t\t<div class=\"e-con-inner\">\n\t\t<div class=\"elementor-element elementor-element-45f03b4 e-con-full e-flex e-con e-child\" data-id=\"45f03b4\" data-element_type=\"container\" data-e-type=\"container\">\n\t\t\t\t<div class=\"elementor-element elementor-element-aa1dd6a elementor-widget elementor-widget-image\" data-id=\"aa1dd6a\" data-element_type=\"widget\" data-e-type=\"widget\" data-widget_type=\"image.default\">\n\t\t\t\t\t\t\t\t\t\t\t\t\t\t\t<img loading=\"lazy\" decoding=\"async\" width=\"1024\" height=\"771\" src=\"https:\/\/kilimanjaroclimbingclub.com\/wp-content\/uploads\/2025\/12\/IMG-20250805-WA0005-1-1024x771.webp\" class=\"attachment-large size-large wp-image-11719\" alt=\"Kilimanjaro Climbing Club Kilimanjaro tour operator | KILIMINJARO CLIMBING CLUB\" srcset=\"https:\/\/kilimanjaroclimbingclub.com\/wp-content\/uploads\/2025\/12\/IMG-20250805-WA0005-1-1024x771.webp 1024w, https:\/\/kilimanjaroclimbingclub.com\/wp-content\/uploads\/2025\/12\/IMG-20250805-WA0005-1-300x226.webp 300w, https:\/\/kilimanjaroclimbingclub.com\/wp-content\/uploads\/2025\/12\/IMG-20250805-WA0005-1-768x578.webp 768w, https:\/\/kilimanjaroclimbingclub.com\/wp-content\/uploads\/2025\/12\/IMG-20250805-WA0005-1-1536x1156.webp 1536w, https:\/\/kilimanjaroclimbingclub.com\/wp-content\/uploads\/2025\/12\/IMG-20250805-WA0005-1-16x12.webp 16w, https:\/\/kilimanjaroclimbingclub.com\/wp-content\/uploads\/2025\/12\/IMG-20250805-WA0005-1.webp 1600w\" sizes=\"(max-width: 1024px) 100vw, 1024px\" title=\"IMG20250805WA0005 1 | KILIMINJARO CLIMBING CLUB\" \/>\t\t\t\t\t\t\t\t\t\t\t\t\t\t\t<\/div>\n\t\t\t\t<\/div>\n\t\t<div class=\"elementor-element elementor-element-abd0f72 e-con-full e-flex elementor-invisible e-con e-child\" data-id=\"abd0f72\" data-element_type=\"container\" data-e-type=\"container\" data-settings=\"{&quot;animation&quot;:&quot;fadeInLeft&quot;}\">\n\t\t\t\t<div class=\"elementor-element elementor-element-2f580a8 elementor-widget-divider--view-line elementor-widget elementor-widget-divider\" data-id=\"2f580a8\" data-element_type=\"widget\" data-e-type=\"widget\" data-widget_type=\"divider.default\">\n\t\t\t\t\t\t\t<div class=\"elementor-divider\">\n\t\t\t<span class=\"elementor-divider-separator\">\n\t\t\t\t\t\t<\/span>\n\t\t<\/div>\n\t\t\t\t\t\t<\/div>\n\t\t\t\t<div class=\"elementor-element elementor-element-5a5ce3b elementor-widget elementor-widget-heading\" data-id=\"5a5ce3b\" data-element_type=\"widget\" data-e-type=\"widget\" data-widget_type=\"heading.default\">\n\t\t\t\t\t<h2 class=\"elementor-heading-title elementor-size-default\">Na\u0161i nosi\u010di \u2013 srdce va\u0161eho z\u00e1\u017eitku z Kilimand\u017e\u00e1ra<\/h2>\t\t\t\t<\/div>\n\t\t\t\t<div class=\"elementor-element elementor-element-ba552b9 elementor-widget elementor-widget-text-editor\" data-id=\"ba552b9\" data-element_type=\"widget\" data-e-type=\"widget\" data-widget_type=\"text-editor.default\">\n\t\t\t\t\t\t\t\t\t<p>V horolezeck\u00e9m klubu Kilimanjaro si uv\u011bdomujeme, \u017ee na\u0161i nosi\u010di jsou p\u00e1te\u0159\u00ed ka\u017ed\u00e9ho \u00fasp\u011b\u0161n\u00e9ho v\u00fdstupu. Nos\u00ed va\u0161e vybaven\u00ed, stav\u00ed t\u00e1bor a zaji\u0161\u0165uj\u00ed, aby va\u0161e cesta byla co nejhlad\u0161\u00ed a nejpohodln\u011bj\u0161\u00ed.<\/p><p>S na\u0161imi nosi\u010di zach\u00e1z\u00edme s respektem a db\u00e1me na to, aby dost\u00e1vali spravedliv\u00e9 mzdy, kvalitn\u00ed vybaven\u00ed a v\u00fd\u017eivn\u00e1 j\u00eddla.<\/p><p>V Kilimand\u017e\u00e1rsk\u00e9m horolezeck\u00e9m klubu v\u011b\u0159\u00ed zakladatel Dickson Lyimo, \u017ee stejn\u011b jako s v\u00e1\u0161n\u00ed doprov\u00e1z\u00ed horolezce na vrchol, jsou na\u0161i nosi\u010di srdcem a silou ka\u017ed\u00e9 \u00fasp\u011b\u0161n\u00e9 cesty a zaji\u0161\u0165uj\u00ed, aby byl ka\u017ed\u00fd trek bezpe\u010dn\u00fd, pohodln\u00fd a skute\u010dn\u011b nezapomenuteln\u00fd.<\/p><p>Mnoho jin\u00fdch cestovn\u00edch kancel\u00e1\u0159\u00ed bohu\u017eel tyto principy nesd\u00edl\u00ed. V\u00fdb\u011brem n\u00e1s pom\u00e1h\u00e1te zastavit vyko\u0159is\u0165ov\u00e1n\u00ed chud\u00fdch lid\u00ed.<\/p>\t\t\t\t\t\t\t\t<\/div>\n\t\t\t\t<\/div>\n\t\t\t\t\t<\/div>\n\t\t\t\t<\/div>\n\t\t<div class=\"elementor-element elementor-element-25eeec2 e-flex e-con-boxed e-con e-parent\" data-id=\"25eeec2\" data-element_type=\"container\" data-e-type=\"container\" data-settings=\"{&quot;background_background&quot;:&quot;classic&quot;}\">\n\t\t\t\t\t<div class=\"e-con-inner\">\n\t\t<div class=\"elementor-element elementor-element-8d6e746 e-con-full e-flex elementor-invisible e-con e-child\" data-id=\"8d6e746\" data-element_type=\"container\" data-e-type=\"container\" data-settings=\"{&quot;background_background&quot;:&quot;classic&quot;,&quot;animation&quot;:&quot;fadeInDown&quot;}\">\n\t\t\t\t<div class=\"elementor-element elementor-element-3b52d52 elementor-widget-divider--view-line elementor-widget elementor-widget-divider\" data-id=\"3b52d52\" data-element_type=\"widget\" data-e-type=\"widget\" data-widget_type=\"divider.default\">\n\t\t\t\t\t\t\t<div class=\"elementor-divider\">\n\t\t\t<span class=\"elementor-divider-separator\">\n\t\t\t\t\t\t<\/span>\n\t\t<\/div>\n\t\t\t\t\t\t<\/div>\n\t\t\t\t<div class=\"elementor-element elementor-element-d5eb90c elementor-widget elementor-widget-heading\" data-id=\"d5eb90c\" data-element_type=\"widget\" data-e-type=\"widget\" data-widget_type=\"heading.default\">\n\t\t\t\t\t<h2 class=\"elementor-heading-title elementor-size-default\">Sledujte n\u00e1s<\/h2>\t\t\t\t<\/div>\n\t\t\t\t<div class=\"elementor-element elementor-element-5486d17 elementor-shape-square elementor-grid-0 e-grid-align-center elementor-widget elementor-widget-social-icons\" data-id=\"5486d17\" data-element_type=\"widget\" data-e-type=\"widget\" data-widget_type=\"social-icons.default\">\n\t\t\t\t\t\t\t<div class=\"elementor-social-icons-wrapper elementor-grid\" role=\"list\">\n\t\t\t\t\t\t\t<span class=\"elementor-grid-item\" role=\"listitem\">\n\t\t\t\t\t<a class=\"elementor-icon elementor-social-icon elementor-social-icon-facebook-f elementor-repeater-item-9e740e1\" href=\"https:\/\/www.facebook.com\/people\/Kilimanjaro-Climbing-Club\/61583004297427\/\">\n\t\t\t\t\t\t<span class=\"elementor-screen-only\">Facebook-f<\/span>\n\t\t\t\t\t\t<svg aria-hidden=\"true\" class=\"e-font-icon-svg e-fab-facebook-f\" viewbox=\"0 0 320 512\" xmlns=\"http:\/\/www.w3.org\/2000\/svg\"><path d=\"M279.14 288l14.22-92.66h-88.91v-60.13c0-25.35 12.42-50.06 52.24-50.06h40.42V6.26S260.43 0 225.36 0c-73.22 0-121.08 44.38-121.08 124.72v70.62H22.89V288h81.39v224h100.17V288z\"><\/path><\/svg>\t\t\t\t\t<\/a>\n\t\t\t\t<\/span>\n\t\t\t\t\t\t\t<span class=\"elementor-grid-item\" role=\"listitem\">\n\t\t\t\t\t<a class=\"elementor-icon elementor-social-icon elementor-social-icon-instagram elementor-repeater-item-65ca331\" href=\"https:\/\/www.instagram.com\/kilimanjaroclimbingclub\/\">\n\t\t\t\t\t\t<span class=\"elementor-screen-only\">Instagram<\/span>\n\t\t\t\t\t\t<svg aria-hidden=\"true\" class=\"e-font-icon-svg e-fab-instagram\" viewbox=\"0 0 448 512\" xmlns=\"http:\/\/www.w3.org\/2000\/svg\"><path d=\"M224.1 141c-63.6 0-114.9 51.3-114.9 114.9s51.3 114.9 114.9 114.9S339 319.5 339 255.9 287.7 141 224.1 141zm0 189.6c-41.1 0-74.7-33.5-74.7-74.7s33.5-74.7 74.7-74.7 74.7 33.5 74.7 74.7-33.6 74.7-74.7 74.7zm146.4-194.3c0 14.9-12 26.8-26.8 26.8-14.9 0-26.8-12-26.8-26.8s12-26.8 26.8-26.8 26.8 12 26.8 26.8zm76.1 27.2c-1.7-35.9-9.9-67.7-36.2-93.9-26.2-26.2-58-34.4-93.9-36.2-37-2.1-147.9-2.1-184.9 0-35.8 1.7-67.6 9.9-93.9 36.1s-34.4 58-36.2 93.9c-2.1 37-2.1 147.9 0 184.9 1.7 35.9 9.9 67.7 36.2 93.9s58 34.4 93.9 36.2c37 2.1 147.9 2.1 184.9 0 35.9-1.7 67.7-9.9 93.9-36.2 26.2-26.2 34.4-58 36.2-93.9 2.1-37 2.1-147.8 0-184.8zM398.8 388c-7.8 19.6-22.9 34.7-42.6 42.6-29.5 11.7-99.5 9-132.1 9s-102.7 2.6-132.1-9c-19.6-7.8-34.7-22.9-42.6-42.6-11.7-29.5-9-99.5-9-132.1s-2.6-102.7 9-132.1c7.8-19.6 22.9-34.7 42.6-42.6 29.5-11.7 99.5-9 132.1-9s102.7-2.6 132.1 9c19.6 7.8 34.7 22.9 42.6 42.6 11.7 29.5 9 99.5 9 132.1s2.7 102.7-9 132.1z\"><\/path><\/svg>\t\t\t\t\t<\/a>\n\t\t\t\t<\/span>\n\t\t\t\t\t\t\t<span class=\"elementor-grid-item\" role=\"listitem\">\n\t\t\t\t\t<a class=\"elementor-icon elementor-social-icon elementor-social-icon-whatsapp elementor-repeater-item-347f36d\" href=\"https:\/\/wa.me\/421944425117\">\n\t\t\t\t\t\t<span class=\"elementor-screen-only\">Whatsapp<\/span>\n\t\t\t\t\t\t<svg aria-hidden=\"true\" class=\"e-font-icon-svg e-fab-whatsapp\" viewbox=\"0 0 448 512\" xmlns=\"http:\/\/www.w3.org\/2000\/svg\"><path d=\"M380.9 97.1C339 55.1 283.2 32 223.9 32c-122.4 0-222 99.6-222 222 0 39.1 10.2 77.3 29.6 111L0 480l117.7-30.9c32.4 17.7 68.9 27 106.1 27h.1c122.3 0 224.1-99.6 224.1-222 0-59.3-25.2-115-67.1-157zm-157 341.6c-33.2 0-65.7-8.9-94-25.7l-6.7-4-69.8 18.3L72 359.2l-4.4-7c-18.5-29.4-28.2-63.3-28.2-98.2 0-101.7 82.8-184.5 184.6-184.5 49.3 0 95.6 19.2 130.4 54.1 34.8 34.9 56.2 81.2 56.1 130.5 0 101.8-84.9 184.6-186.6 184.6zm101.2-138.2c-5.5-2.8-32.8-16.2-37.9-18-5.1-1.9-8.8-2.8-12.5 2.8-3.7 5.6-14.3 18-17.6 21.8-3.2 3.7-6.5 4.2-12 1.4-32.6-16.3-54-29.1-75.5-66-5.7-9.8 5.7-9.1 16.3-30.3 1.8-3.7.9-6.9-.5-9.7-1.4-2.8-12.5-30.1-17.1-41.2-4.5-10.8-9.1-9.3-12.5-9.5-3.2-.2-6.9-.2-10.6-.2-3.7 0-9.7 1.4-14.8 6.9-5.1 5.6-19.4 19-19.4 46.3 0 27.3 19.9 53.7 22.6 57.4 2.8 3.7 39.1 59.7 94.8 83.8 35.2 15.2 49 16.5 66.6 13.9 10.7-1.6 32.8-13.4 37.4-26.4 4.6-13 4.6-24.1 3.2-26.4-1.3-2.5-5-3.9-10.5-6.6z\"><\/path><\/svg>\t\t\t\t\t<\/a>\n\t\t\t\t<\/span>\n\t\t\t\t\t<\/div>\n\t\t\t\t\t\t<\/div>\n\t\t\t\t<\/div>\n\t\t\t\t\t<\/div>\n\t\t\t\t<\/div>\n\t\t\t\t<\/div>","protected":false},"excerpt":{"rendered":"<p>Every Step with Love \u2013 The Kilimanjaro Climbing Club Promise Kilimanjaro tour operator At Kilimanjaro Climbing Club, we believe that every journey up Mount Kilimanjaro is more than just a trek\u2014it\u2019s a personal challenge, a connection with nature, and a chance to experience something truly life-changing. That\u2019s why we approach every step with love\u2014love for &#8230; <a title=\"About\" class=\"read-more\" href=\"https:\/\/kilimanjaroclimbingclub.com\/cs\/kilimanjaro-tour-operator\/\" aria-label=\"\u010c\u00edst v\u00edce o About\">\u010c\u00edst d\u00e1l<\/a><\/p>","protected":false},"author":1,"featured_media":0,"parent":0,"menu_order":0,"comment_status":"closed","ping_status":"closed","template":"elementor_header_footer","meta":{"footnotes":""},"class_list":["post-43","page","type-page","status-publish"],"aioseo_notices":[],"_links":{"self":[{"href":"https:\/\/kilimanjaroclimbingclub.com\/cs\/wp-json\/wp\/v2\/pages\/43","targetHints":{"allow":["GET"]}}],"collection":[{"href":"https:\/\/kilimanjaroclimbingclub.com\/cs\/wp-json\/wp\/v2\/pages"}],"about":[{"href":"https:\/\/kilimanjaroclimbingclub.com\/cs\/wp-json\/wp\/v2\/types\/page"}],"author":[{"embeddable":true,"href":"https:\/\/kilimanjaroclimbingclub.com\/cs\/wp-json\/wp\/v2\/users\/1"}],"replies":[{"embeddable":true,"href":"https:\/\/kilimanjaroclimbingclub.com\/cs\/wp-json\/wp\/v2\/comments?post=43"}],"version-history":[{"count":0,"href":"https:\/\/kilimanjaroclimbingclub.com\/cs\/wp-json\/wp\/v2\/pages\/43\/revisions"}],"wp:attachment":[{"href":"https:\/\/kilimanjaroclimbingclub.com\/cs\/wp-json\/wp\/v2\/media?parent=43"}],"curies":[{"name":"wp","href":"https:\/\/api.w.org\/{rel}","templated":true}]}}